{"id":1098,"date":"2017-03-07T20:43:56","date_gmt":"2017-03-07T20:43:56","guid":{"rendered":"https:\/\/www.arrendleasing.com\/cr\/?page_id=1098"},"modified":"2017-03-09T20:48:10","modified_gmt":"2017-03-09T20:48:10","slug":"leasing","status":"publish","type":"page","link":"https:\/\/www.arrendleasing.com\/cr\/servicios\/leasing\/","title":{"rendered":"Leasing"},"content":{"rendered":"<h2>\u00bfQU\u00c9 ES LEASING?<\/h2>\n<p>El leasing o arrendamiento financiero es un producto financiero conformado por un contrato de arrendamiento con opci\u00f3n de compra mediante el cual una persona o empresa llamada arrendatario solicita a Arrend que adquiera la propiedad de un bien para que posteriormente le ceda su uso a cambio del pago de rentas peri\u00f3dicas, por un plazo determinado, y en el cual, una vez concluido, se tenga la opci\u00f3n de comprarle el bien.<\/p>\n<p>El arrendatario se compromete mediante la firma de un contrato a realizar pagos peri\u00f3dicos. Al final del plazo pactado por medio de un pago simb\u00f3lico, el arrendatario se convierte en el propietario del bien.<\/p>\n<p>El arrendatario es quien realiza la negociaci\u00f3n con el proveedor, en cuanto a las caracter\u00edsticas del activo, condiciones t\u00e9cnicas, precio, etc.<\/p>\n","protected":false},"excerpt":{"rendered":"<p>\u00bfQU\u00c9 ES LEASING? El leasing o arrendamiento financiero es un producto financiero conformado por un contrato de arrendamiento con opci\u00f3n de compra mediante el cual una persona o empresa llamada arrendatario solicita a Arrend que adquiera la propiedad de un bien para que posteriormente le ceda su uso a cambio del pago de rentas peri\u00f3dicas, [&hellip;]<\/p>\n","protected":false},"author":1,"featured_media":0,"parent":1096,"menu_order":0,"comment_status":"closed","ping_status":"closed","template":"principal-leasing.php","meta":{"_acf_changed":false,"footnotes":""},"class_list":["post-1098","page","type-page","status-publish","hentry"],"acf":[],"yoast_head":"<!-- This site is optimized with the Yoast SEO plugin v24.1 - https:\/\/yoast.com\/wordpress\/plugins\/seo\/ -->\n<title>Leasing - Arrend Costa Rica<\/title>\n<meta name=\"robots\" content=\"index, follow, max-snippet:-1, max-image-preview:large, max-video-preview:-1\" \/>\n<link rel=\"canonical\" href=\"https:\/\/www.arrendleasing.com\/cr\/servicios\/leasing\/\" \/>\n<meta property=\"og:locale\" content=\"es_ES\" \/>\n<meta property=\"og:type\" content=\"article\" \/>\n<meta property=\"og:title\" content=\"Leasing - Arrend Costa Rica\" \/>\n<meta property=\"og:description\" content=\"\u00bfQU\u00c9 ES LEASING? El leasing o arrendamiento financiero es un producto financiero conformado por un contrato de arrendamiento con opci\u00f3n de compra mediante el cual una persona o empresa llamada arrendatario solicita a Arrend que adquiera la propiedad de un bien para que posteriormente le ceda su uso a cambio del pago de rentas peri\u00f3dicas, [&hellip;]\" \/>\n<meta property=\"og:url\" content=\"https:\/\/www.arrendleasing.com\/cr\/servicios\/leasing\/\" \/>\n<meta property=\"og:site_name\" content=\"Arrend Costa Rica\" \/>\n<meta property=\"article:modified_time\" content=\"2017-03-09T20:48:10+00:00\" \/>\n<meta name=\"twitter:card\" content=\"summary_large_image\" \/>\n<meta name=\"twitter:label1\" content=\"Est. reading time\" \/>\n\t<meta name=\"twitter:data1\" content=\"1 minuto\" \/>\n<script type=\"application\/ld+json\" class=\"yoast-schema-graph\">{\"@context\":\"https:\/\/schema.org\",\"@graph\":[{\"@type\":\"WebPage\",\"@id\":\"https:\/\/www.arrendleasing.com\/cr\/servicios\/leasing\/\",\"url\":\"https:\/\/www.arrendleasing.com\/cr\/servicios\/leasing\/\",\"name\":\"Leasing - Arrend Costa Rica\",\"isPartOf\":{\"@id\":\"https:\/\/www.arrendleasing.com\/cr\/#website\"},\"datePublished\":\"2017-03-07T20:43:56+00:00\",\"dateModified\":\"2017-03-09T20:48:10+00:00\",\"breadcrumb\":{\"@id\":\"https:\/\/www.arrendleasing.com\/cr\/servicios\/leasing\/#breadcrumb\"},\"inLanguage\":\"es\",\"potentialAction\":[{\"@type\":\"ReadAction\",\"target\":[\"https:\/\/www.arrendleasing.com\/cr\/servicios\/leasing\/\"]}]},{\"@type\":\"BreadcrumbList\",\"@id\":\"https:\/\/www.arrendleasing.com\/cr\/servicios\/leasing\/#breadcrumb\",\"itemListElement\":[{\"@type\":\"ListItem\",\"position\":1,\"name\":\"Portada\",\"item\":\"https:\/\/www.arrendleasing.com\/cr\/\"},{\"@type\":\"ListItem\",\"position\":2,\"name\":\"Servicios\",\"item\":\"https:\/\/www.arrendleasing.com\/cr\/servicios\/\"},{\"@type\":\"ListItem\",\"position\":3,\"name\":\"Leasing\"}]},{\"@type\":\"WebSite\",\"@id\":\"https:\/\/www.arrendleasing.com\/cr\/#website\",\"url\":\"https:\/\/www.arrendleasing.com\/cr\/\",\"name\":\"Arrend Costa Rica\",\"description\":\"ARREND una instituci\u00f3n financiera privada que ofrece servicios financieros innovadores, como Leasing y Factoraje, as\u00ed como pr\u00e9stamos convencionales\",\"potentialAction\":[{\"@type\":\"SearchAction\",\"target\":{\"@type\":\"EntryPoint\",\"urlTemplate\":\"https:\/\/www.arrendleasing.com\/cr\/?s={search_term_string}\"},\"query-input\":{\"@type\":\"PropertyValueSpecification\",\"valueRequired\":true,\"valueName\":\"search_term_string\"}}],\"inLanguage\":\"es\"}]}<\/script>\n<!-- \/ Yoast SEO plugin. -->","yoast_head_json":{"title":"Leasing - Arrend Costa Rica","robots":{"index":"index","follow":"follow","max-snippet":"max-snippet:-1","max-image-preview":"max-image-preview:large","max-video-preview":"max-video-preview:-1"},"canonical":"https:\/\/www.arrendleasing.com\/cr\/servicios\/leasing\/","og_locale":"es_ES","og_type":"article","og_title":"Leasing - Arrend Costa Rica","og_description":"\u00bfQU\u00c9 ES LEASING? El leasing o arrendamiento financiero es un producto financiero conformado por un contrato de arrendamiento con opci\u00f3n de compra mediante el cual una persona o empresa llamada arrendatario solicita a Arrend que adquiera la propiedad de un bien para que posteriormente le ceda su uso a cambio del pago de rentas peri\u00f3dicas, [&hellip;]","og_url":"https:\/\/www.arrendleasing.com\/cr\/servicios\/leasing\/","og_site_name":"Arrend Costa Rica","article_modified_time":"2017-03-09T20:48:10+00:00","twitter_card":"summary_large_image","twitter_misc":{"Est. reading time":"1 minuto"},"schema":{"@context":"https:\/\/schema.org","@graph":[{"@type":"WebPage","@id":"https:\/\/www.arrendleasing.com\/cr\/servicios\/leasing\/","url":"https:\/\/www.arrendleasing.com\/cr\/servicios\/leasing\/","name":"Leasing - Arrend Costa Rica","isPartOf":{"@id":"https:\/\/www.arrendleasing.com\/cr\/#website"},"datePublished":"2017-03-07T20:43:56+00:00","dateModified":"2017-03-09T20:48:10+00:00","breadcrumb":{"@id":"https:\/\/www.arrendleasing.com\/cr\/servicios\/leasing\/#breadcrumb"},"inLanguage":"es","potentialAction":[{"@type":"ReadAction","target":["https:\/\/www.arrendleasing.com\/cr\/servicios\/leasing\/"]}]},{"@type":"BreadcrumbList","@id":"https:\/\/www.arrendleasing.com\/cr\/servicios\/leasing\/#breadcrumb","itemListElement":[{"@type":"ListItem","position":1,"name":"Portada","item":"https:\/\/www.arrendleasing.com\/cr\/"},{"@type":"ListItem","position":2,"name":"Servicios","item":"https:\/\/www.arrendleasing.com\/cr\/servicios\/"},{"@type":"ListItem","position":3,"name":"Leasing"}]},{"@type":"WebSite","@id":"https:\/\/www.arrendleasing.com\/cr\/#website","url":"https:\/\/www.arrendleasing.com\/cr\/","name":"Arrend Costa Rica","description":"ARREND una instituci\u00f3n financiera privada que ofrece servicios financieros innovadores, como Leasing y Factoraje, as\u00ed como pr\u00e9stamos convencionales","potentialAction":[{"@type":"SearchAction","target":{"@type":"EntryPoint","urlTemplate":"https:\/\/www.arrendleasing.com\/cr\/?s={search_term_string}"},"query-input":{"@type":"PropertyValueSpecification","valueRequired":true,"valueName":"search_term_string"}}],"inLanguage":"es"}]}},"jetpack_sharing_enabled":true,"_links":{"self":[{"href":"https:\/\/www.arrendleasing.com\/cr\/wp-json\/wp\/v2\/pages\/1098","targetHints":{"allow":["GET"]}}],"collection":[{"href":"https:\/\/www.arrendleasing.com\/cr\/wp-json\/wp\/v2\/pages"}],"about":[{"href":"https:\/\/www.arrendleasing.com\/cr\/wp-json\/wp\/v2\/types\/page"}],"author":[{"embeddable":true,"href":"https:\/\/www.arrendleasing.com\/cr\/wp-json\/wp\/v2\/users\/1"}],"replies":[{"embeddable":true,"href":"https:\/\/www.arrendleasing.com\/cr\/wp-json\/wp\/v2\/comments?post=1098"}],"version-history":[{"count":2,"href":"https:\/\/www.arrendleasing.com\/cr\/wp-json\/wp\/v2\/pages\/1098\/revisions"}],"predecessor-version":[{"id":1214,"href":"https:\/\/www.arrendleasing.com\/cr\/wp-json\/wp\/v2\/pages\/1098\/revisions\/1214"}],"up":[{"embeddable":true,"href":"https:\/\/www.arrendleasing.com\/cr\/wp-json\/wp\/v2\/pages\/1096"}],"wp:attachment":[{"href":"https:\/\/www.arrendleasing.com\/cr\/wp-json\/wp\/v2\/media?parent=1098"}],"curies":[{"name":"wp","href":"https:\/\/api.w.org\/{rel}","templated":true}]}}