{"id":1138,"date":"2017-03-07T21:14:10","date_gmt":"2017-03-07T21:14:10","guid":{"rendered":"https:\/\/www.arrendleasing.com\/cr\/?page_id=1138"},"modified":"2017-03-07T21:14:10","modified_gmt":"2017-03-07T21:14:10","slug":"inicio","status":"publish","type":"page","link":"https:\/\/www.arrendleasing.com\/cr\/","title":{"rendered":"Inicio"},"content":{"rendered":"","protected":false},"excerpt":{"rendered":"","protected":false},"author":1,"featured_media":0,"parent":0,"menu_order":0,"comment_status":"closed","ping_status":"closed","template":"inicio.php","meta":{"_acf_changed":false,"footnotes":""},"class_list":["post-1138","page","type-page","status-publish","hentry"],"acf":[],"yoast_head":"<!-- This site is optimized with the Yoast SEO plugin v24.1 - https:\/\/yoast.com\/wordpress\/plugins\/seo\/ -->\n<title>Inicio - Arrend Costa Rica<\/title>\n<meta name=\"robots\" content=\"index, follow, max-snippet:-1, max-image-preview:large, max-video-preview:-1\" \/>\n<link rel=\"canonical\" href=\"https:\/\/www.arrendleasing.com\/cr\/\" \/>\n<meta property=\"og:locale\" content=\"es_ES\" \/>\n<meta property=\"og:type\" content=\"article\" \/>\n<meta property=\"og:title\" content=\"Inicio - Arrend Costa Rica\" \/>\n<meta property=\"og:url\" content=\"https:\/\/www.arrendleasing.com\/cr\/\" \/>\n<meta property=\"og:site_name\" content=\"Arrend Costa Rica\" \/>\n<meta name=\"twitter:card\" content=\"summary_large_image\" \/>\n<script type=\"application\/ld+json\" class=\"yoast-schema-graph\">{\"@context\":\"https:\/\/schema.org\",\"@graph\":[{\"@type\":\"WebPage\",\"@id\":\"https:\/\/www.arrendleasing.com\/cr\/\",\"url\":\"https:\/\/www.arrendleasing.com\/cr\/\",\"name\":\"Inicio - Arrend Costa Rica\",\"isPartOf\":{\"@id\":\"https:\/\/www.arrendleasing.com\/cr\/#website\"},\"datePublished\":\"2017-03-07T21:14:10+00:00\",\"dateModified\":\"2017-03-07T21:14:10+00:00\",\"breadcrumb\":{\"@id\":\"https:\/\/www.arrendleasing.com\/cr\/#breadcrumb\"},\"inLanguage\":\"es\",\"potentialAction\":[{\"@type\":\"ReadAction\",\"target\":[\"https:\/\/www.arrendleasing.com\/cr\/\"]}]},{\"@type\":\"BreadcrumbList\",\"@id\":\"https:\/\/www.arrendleasing.com\/cr\/#breadcrumb\",\"itemListElement\":[{\"@type\":\"ListItem\",\"position\":1,\"name\":\"Portada\",\"item\":\"https:\/\/www.arrendleasing.com\/cr\/\"},{\"@type\":\"ListItem\",\"position\":2,\"name\":\"Inicio\"}]},{\"@type\":\"WebSite\",\"@id\":\"https:\/\/www.arrendleasing.com\/cr\/#website\",\"url\":\"https:\/\/www.arrendleasing.com\/cr\/\",\"name\":\"Arrend Costa Rica\",\"description\":\"ARREND una instituci\u00f3n financiera privada que ofrece servicios financieros innovadores, como Leasing y Factoraje, as\u00ed como pr\u00e9stamos convencionales\",\"potentialAction\":[{\"@type\":\"SearchAction\",\"target\":{\"@type\":\"EntryPoint\",\"urlTemplate\":\"https:\/\/www.arrendleasing.com\/cr\/?s={search_term_string}\"},\"query-input\":{\"@type\":\"PropertyValueSpecification\",\"valueRequired\":true,\"valueName\":\"search_term_string\"}}],\"inLanguage\":\"es\"}]}<\/script>\n<!-- \/ Yoast SEO plugin. -->","yoast_head_json":{"title":"Inicio - Arrend Costa Rica","robots":{"index":"index","follow":"follow","max-snippet":"max-snippet:-1","max-image-preview":"max-image-preview:large","max-video-preview":"max-video-preview:-1"},"canonical":"https:\/\/www.arrendleasing.com\/cr\/","og_locale":"es_ES","og_type":"article","og_title":"Inicio - Arrend Costa Rica","og_url":"https:\/\/www.arrendleasing.com\/cr\/","og_site_name":"Arrend Costa Rica","twitter_card":"summary_large_image","schema":{"@context":"https:\/\/schema.org","@graph":[{"@type":"WebPage","@id":"https:\/\/www.arrendleasing.com\/cr\/","url":"https:\/\/www.arrendleasing.com\/cr\/","name":"Inicio - Arrend Costa Rica","isPartOf":{"@id":"https:\/\/www.arrendleasing.com\/cr\/#website"},"datePublished":"2017-03-07T21:14:10+00:00","dateModified":"2017-03-07T21:14:10+00:00","breadcrumb":{"@id":"https:\/\/www.arrendleasing.com\/cr\/#breadcrumb"},"inLanguage":"es","potentialAction":[{"@type":"ReadAction","target":["https:\/\/www.arrendleasing.com\/cr\/"]}]},{"@type":"BreadcrumbList","@id":"https:\/\/www.arrendleasing.com\/cr\/#breadcrumb","itemListElement":[{"@type":"ListItem","position":1,"name":"Portada","item":"https:\/\/www.arrendleasing.com\/cr\/"},{"@type":"ListItem","position":2,"name":"Inicio"}]},{"@type":"WebSite","@id":"https:\/\/www.arrendleasing.com\/cr\/#website","url":"https:\/\/www.arrendleasing.com\/cr\/","name":"Arrend Costa Rica","description":"ARREND una instituci\u00f3n financiera privada que ofrece servicios financieros innovadores, como Leasing y Factoraje, as\u00ed como pr\u00e9stamos convencionales","potentialAction":[{"@type":"SearchAction","target":{"@type":"EntryPoint","urlTemplate":"https:\/\/www.arrendleasing.com\/cr\/?s={search_term_string}"},"query-input":{"@type":"PropertyValueSpecification","valueRequired":true,"valueName":"search_term_string"}}],"inLanguage":"es"}]}},"jetpack_sharing_enabled":true,"_links":{"self":[{"href":"https:\/\/www.arrendleasing.com\/cr\/wp-json\/wp\/v2\/pages\/1138","targetHints":{"allow":["GET"]}}],"collection":[{"href":"https:\/\/www.arrendleasing.com\/cr\/wp-json\/wp\/v2\/pages"}],"about":[{"href":"https:\/\/www.arrendleasing.com\/cr\/wp-json\/wp\/v2\/types\/page"}],"author":[{"embeddable":true,"href":"https:\/\/www.arrendleasing.com\/cr\/wp-json\/wp\/v2\/users\/1"}],"replies":[{"embeddable":true,"href":"https:\/\/www.arrendleasing.com\/cr\/wp-json\/wp\/v2\/comments?post=1138"}],"version-history":[{"count":2,"href":"https:\/\/www.arrendleasing.com\/cr\/wp-json\/wp\/v2\/pages\/1138\/revisions"}],"predecessor-version":[{"id":1493,"href":"https:\/\/www.arrendleasing.com\/cr\/wp-json\/wp\/v2\/pages\/1138\/revisions\/1493"}],"wp:attachment":[{"href":"https:\/\/www.arrendleasing.com\/cr\/wp-json\/wp\/v2\/media?parent=1138"}],"curies":[{"name":"wp","href":"https:\/\/api.w.org\/{rel}","templated":true}]}}