{"id":25473,"date":"2026-02-13T09:42:45","date_gmt":"2026-02-13T15:42:45","guid":{"rendered":"https:\/\/www.arrendleasing.com\/gt\/?page_id=25473"},"modified":"2026-02-13T14:43:20","modified_gmt":"2026-02-13T20:43:20","slug":"certificacion-iso","status":"publish","type":"page","link":"https:\/\/www.arrendleasing.com\/gt\/certificacion-iso\/","title":{"rendered":"Certificaci\u00f3n ISO"},"content":{"rendered":"\n<h3 style=\"text-align: center;\"><strong>Transformamos est\u00e1ndares internacionales en <\/strong><em>resultados confiables<\/em><\/h3>\n\n\n\n<figure class=\"wp-block-image size-full\"><img loading=\"lazy\" decoding=\"async\" width=\"2560\" height=\"1874\" src=\"https:\/\/www.arrendleasing.com\/gt\/files\/2026\/02\/BANNER-WEB-ISO.CERTIFICACIONES-1-2-scaled.jpg\" alt=\"\" class=\"wp-image-25485\" srcset=\"https:\/\/www.arrendleasing.com\/gt\/files\/2026\/02\/BANNER-WEB-ISO.CERTIFICACIONES-1-2-scaled.jpg 2560w, https:\/\/www.arrendleasing.com\/gt\/files\/2026\/02\/BANNER-WEB-ISO.CERTIFICACIONES-1-2-300x220.jpg 300w, https:\/\/www.arrendleasing.com\/gt\/files\/2026\/02\/BANNER-WEB-ISO.CERTIFICACIONES-1-2-1024x750.jpg 1024w, https:\/\/www.arrendleasing.com\/gt\/files\/2026\/02\/BANNER-WEB-ISO.CERTIFICACIONES-1-2-768x562.jpg 768w, https:\/\/www.arrendleasing.com\/gt\/files\/2026\/02\/BANNER-WEB-ISO.CERTIFICACIONES-1-2-1536x1124.jpg 1536w, https:\/\/www.arrendleasing.com\/gt\/files\/2026\/02\/BANNER-WEB-ISO.CERTIFICACIONES-1-2-2048x1499.jpg 2048w\" sizes=\"auto, (max-width: 2560px) 100vw, 2560px\" \/><\/figure>\n\n\n","protected":false},"excerpt":{"rendered":"<p>Transformamos est\u00e1ndares internacionales en resultados confiables<\/p>\n","protected":false},"author":42,"featured_media":0,"parent":0,"menu_order":0,"comment_status":"closed","ping_status":"closed","template":"oportunidades.php","meta":{"_acf_changed":false,"footnotes":""},"class_list":["post-25473","page","type-page","status-publish","hentry"],"acf":[],"yoast_head":"<!-- This site is optimized with the Yoast SEO plugin v24.1 - https:\/\/yoast.com\/wordpress\/plugins\/seo\/ -->\n<title>Certificaci\u00f3n ISO | Arrend Guatemala<\/title>\n<meta name=\"description\" content=\"Transformamos est\u00e1ndares internacionales en resultados confiables\" \/>\n<meta name=\"robots\" content=\"index, follow, max-snippet:-1, max-image-preview:large, max-video-preview:-1\" \/>\n<link rel=\"canonical\" href=\"https:\/\/www.arrendleasing.com\/gt\/certificacion-iso\/\" \/>\n<meta property=\"og:locale\" content=\"es_ES\" \/>\n<meta property=\"og:type\" content=\"article\" \/>\n<meta property=\"og:title\" content=\"Certificaci\u00f3n ISO | Arrend Guatemala\" \/>\n<meta property=\"og:description\" content=\"Transformamos est\u00e1ndares internacionales en resultados confiables\" \/>\n<meta property=\"og:url\" content=\"https:\/\/www.arrendleasing.com\/gt\/certificacion-iso\/\" \/>\n<meta property=\"og:site_name\" content=\"Arrend Guatemala\" \/>\n<meta property=\"article:publisher\" content=\"https:\/\/www.facebook.com\/ArrendLeasingGuatemala\" \/>\n<meta property=\"article:modified_time\" content=\"2026-02-13T20:43:20+00:00\" \/>\n<meta property=\"og:image\" content=\"https:\/\/www.arrendleasing.com\/gt\/files\/2026\/02\/BANNER-WEB-ISO.CERTIFICACIONES-1-2-scaled.jpg\" \/>\n\t<meta property=\"og:image:width\" content=\"2560\" \/>\n\t<meta property=\"og:image:height\" content=\"1874\" \/>\n\t<meta property=\"og:image:type\" content=\"image\/jpeg\" \/>\n<meta name=\"twitter:card\" content=\"summary_large_image\" \/>\n<meta name=\"twitter:label1\" content=\"Tiempo de lectura\" \/>\n\t<meta name=\"twitter:data1\" content=\"1 minuto\" \/>\n<script type=\"application\/ld+json\" class=\"yoast-schema-graph\">{\"@context\":\"https:\/\/schema.org\",\"@graph\":[{\"@type\":\"WebPage\",\"@id\":\"https:\/\/www.arrendleasing.com\/gt\/certificacion-iso\/\",\"url\":\"https:\/\/www.arrendleasing.com\/gt\/certificacion-iso\/\",\"name\":\"Certificaci\u00f3n ISO | Arrend Guatemala\",\"isPartOf\":{\"@id\":\"https:\/\/www.arrendleasing.com\/gt\/#website\"},\"primaryImageOfPage\":{\"@id\":\"https:\/\/www.arrendleasing.com\/gt\/certificacion-iso\/#primaryimage\"},\"image\":{\"@id\":\"https:\/\/www.arrendleasing.com\/gt\/certificacion-iso\/#primaryimage\"},\"thumbnailUrl\":\"https:\/\/www.arrendleasing.com\/gt\/files\/2026\/02\/BANNER-WEB-ISO.CERTIFICACIONES-1-2-scaled.jpg\",\"datePublished\":\"2026-02-13T15:42:45+00:00\",\"dateModified\":\"2026-02-13T20:43:20+00:00\",\"description\":\"Transformamos est\u00e1ndares internacionales en resultados confiables\",\"breadcrumb\":{\"@id\":\"https:\/\/www.arrendleasing.com\/gt\/certificacion-iso\/#breadcrumb\"},\"inLanguage\":\"es\",\"potentialAction\":[{\"@type\":\"ReadAction\",\"target\":[\"https:\/\/www.arrendleasing.com\/gt\/certificacion-iso\/\"]}]},{\"@type\":\"ImageObject\",\"inLanguage\":\"es\",\"@id\":\"https:\/\/www.arrendleasing.com\/gt\/certificacion-iso\/#primaryimage\",\"url\":\"https:\/\/www.arrendleasing.com\/gt\/files\/2026\/02\/BANNER-WEB-ISO.CERTIFICACIONES-1-2-scaled.jpg\",\"contentUrl\":\"https:\/\/www.arrendleasing.com\/gt\/files\/2026\/02\/BANNER-WEB-ISO.CERTIFICACIONES-1-2-scaled.jpg\",\"width\":2560,\"height\":1874},{\"@type\":\"BreadcrumbList\",\"@id\":\"https:\/\/www.arrendleasing.com\/gt\/certificacion-iso\/#breadcrumb\",\"itemListElement\":[{\"@type\":\"ListItem\",\"position\":1,\"name\":\"Portada\",\"item\":\"https:\/\/www.arrendleasing.com\/gt\/\"},{\"@type\":\"ListItem\",\"position\":2,\"name\":\"Certificaci\u00f3n ISO\"}]},{\"@type\":\"WebSite\",\"@id\":\"https:\/\/www.arrendleasing.com\/gt\/#website\",\"url\":\"https:\/\/www.arrendleasing.com\/gt\/\",\"name\":\"Arrend Guatemala\",\"description\":\"ARREND una instituci\u00f3n financiera privada que ofrece servicios financieros innovadores, como Leasing y Factoraje, as\u00ed como pr\u00e9stamos convencionales\",\"publisher\":{\"@id\":\"https:\/\/www.arrendleasing.com\/gt\/#organization\"},\"potentialAction\":[{\"@type\":\"SearchAction\",\"target\":{\"@type\":\"EntryPoint\",\"urlTemplate\":\"https:\/\/www.arrendleasing.com\/gt\/?s={search_term_string}\"},\"query-input\":{\"@type\":\"PropertyValueSpecification\",\"valueRequired\":true,\"valueName\":\"search_term_string\"}}],\"inLanguage\":\"es\"},{\"@type\":\"Organization\",\"@id\":\"https:\/\/www.arrendleasing.com\/gt\/#organization\",\"name\":\"Arrend\",\"url\":\"https:\/\/www.arrendleasing.com\/gt\/\",\"logo\":{\"@type\":\"ImageObject\",\"inLanguage\":\"es\",\"@id\":\"https:\/\/www.arrendleasing.com\/gt\/#\/schema\/logo\/image\/\",\"url\":\"https:\/\/www.arrendleasing.com\/gt\/files\/2017\/07\/Logo-Arrend-Nuevo.png\",\"contentUrl\":\"https:\/\/www.arrendleasing.com\/gt\/files\/2017\/07\/Logo-Arrend-Nuevo.png\",\"width\":4728,\"height\":1908,\"caption\":\"Arrend\"},\"image\":{\"@id\":\"https:\/\/www.arrendleasing.com\/gt\/#\/schema\/logo\/image\/\"},\"sameAs\":[\"https:\/\/www.facebook.com\/ArrendLeasingGuatemala\",\"https:\/\/www.instagram.com\/arrend_leasing\/\"]}]}<\/script>\n<!-- \/ Yoast SEO plugin. -->","yoast_head_json":{"title":"Certificaci\u00f3n ISO | Arrend Guatemala","description":"Transformamos est\u00e1ndares internacionales en resultados confiables","robots":{"index":"index","follow":"follow","max-snippet":"max-snippet:-1","max-image-preview":"max-image-preview:large","max-video-preview":"max-video-preview:-1"},"canonical":"https:\/\/www.arrendleasing.com\/gt\/certificacion-iso\/","og_locale":"es_ES","og_type":"article","og_title":"Certificaci\u00f3n ISO | Arrend Guatemala","og_description":"Transformamos est\u00e1ndares internacionales en resultados confiables","og_url":"https:\/\/www.arrendleasing.com\/gt\/certificacion-iso\/","og_site_name":"Arrend Guatemala","article_publisher":"https:\/\/www.facebook.com\/ArrendLeasingGuatemala","article_modified_time":"2026-02-13T20:43:20+00:00","og_image":[{"width":2560,"height":1874,"url":"https:\/\/www.arrendleasing.com\/gt\/files\/2026\/02\/BANNER-WEB-ISO.CERTIFICACIONES-1-2-scaled.jpg","type":"image\/jpeg"}],"twitter_card":"summary_large_image","twitter_misc":{"Tiempo de lectura":"1 minuto"},"schema":{"@context":"https:\/\/schema.org","@graph":[{"@type":"WebPage","@id":"https:\/\/www.arrendleasing.com\/gt\/certificacion-iso\/","url":"https:\/\/www.arrendleasing.com\/gt\/certificacion-iso\/","name":"Certificaci\u00f3n ISO | Arrend Guatemala","isPartOf":{"@id":"https:\/\/www.arrendleasing.com\/gt\/#website"},"primaryImageOfPage":{"@id":"https:\/\/www.arrendleasing.com\/gt\/certificacion-iso\/#primaryimage"},"image":{"@id":"https:\/\/www.arrendleasing.com\/gt\/certificacion-iso\/#primaryimage"},"thumbnailUrl":"https:\/\/www.arrendleasing.com\/gt\/files\/2026\/02\/BANNER-WEB-ISO.CERTIFICACIONES-1-2-scaled.jpg","datePublished":"2026-02-13T15:42:45+00:00","dateModified":"2026-02-13T20:43:20+00:00","description":"Transformamos est\u00e1ndares internacionales en resultados confiables","breadcrumb":{"@id":"https:\/\/www.arrendleasing.com\/gt\/certificacion-iso\/#breadcrumb"},"inLanguage":"es","potentialAction":[{"@type":"ReadAction","target":["https:\/\/www.arrendleasing.com\/gt\/certificacion-iso\/"]}]},{"@type":"ImageObject","inLanguage":"es","@id":"https:\/\/www.arrendleasing.com\/gt\/certificacion-iso\/#primaryimage","url":"https:\/\/www.arrendleasing.com\/gt\/files\/2026\/02\/BANNER-WEB-ISO.CERTIFICACIONES-1-2-scaled.jpg","contentUrl":"https:\/\/www.arrendleasing.com\/gt\/files\/2026\/02\/BANNER-WEB-ISO.CERTIFICACIONES-1-2-scaled.jpg","width":2560,"height":1874},{"@type":"BreadcrumbList","@id":"https:\/\/www.arrendleasing.com\/gt\/certificacion-iso\/#breadcrumb","itemListElement":[{"@type":"ListItem","position":1,"name":"Portada","item":"https:\/\/www.arrendleasing.com\/gt\/"},{"@type":"ListItem","position":2,"name":"Certificaci\u00f3n ISO"}]},{"@type":"WebSite","@id":"https:\/\/www.arrendleasing.com\/gt\/#website","url":"https:\/\/www.arrendleasing.com\/gt\/","name":"Arrend Guatemala","description":"ARREND una instituci\u00f3n financiera privada que ofrece servicios financieros innovadores, como Leasing y Factoraje, as\u00ed como pr\u00e9stamos convencionales","publisher":{"@id":"https:\/\/www.arrendleasing.com\/gt\/#organization"},"potentialAction":[{"@type":"SearchAction","target":{"@type":"EntryPoint","urlTemplate":"https:\/\/www.arrendleasing.com\/gt\/?s={search_term_string}"},"query-input":{"@type":"PropertyValueSpecification","valueRequired":true,"valueName":"search_term_string"}}],"inLanguage":"es"},{"@type":"Organization","@id":"https:\/\/www.arrendleasing.com\/gt\/#organization","name":"Arrend","url":"https:\/\/www.arrendleasing.com\/gt\/","logo":{"@type":"ImageObject","inLanguage":"es","@id":"https:\/\/www.arrendleasing.com\/gt\/#\/schema\/logo\/image\/","url":"https:\/\/www.arrendleasing.com\/gt\/files\/2017\/07\/Logo-Arrend-Nuevo.png","contentUrl":"https:\/\/www.arrendleasing.com\/gt\/files\/2017\/07\/Logo-Arrend-Nuevo.png","width":4728,"height":1908,"caption":"Arrend"},"image":{"@id":"https:\/\/www.arrendleasing.com\/gt\/#\/schema\/logo\/image\/"},"sameAs":["https:\/\/www.facebook.com\/ArrendLeasingGuatemala","https:\/\/www.instagram.com\/arrend_leasing\/"]}]}},"jetpack_sharing_enabled":true,"_links":{"self":[{"href":"https:\/\/www.arrendleasing.com\/gt\/wp-json\/wp\/v2\/pages\/25473","targetHints":{"allow":["GET"]}}],"collection":[{"href":"https:\/\/www.arrendleasing.com\/gt\/wp-json\/wp\/v2\/pages"}],"about":[{"href":"https:\/\/www.arrendleasing.com\/gt\/wp-json\/wp\/v2\/types\/page"}],"author":[{"embeddable":true,"href":"https:\/\/www.arrendleasing.com\/gt\/wp-json\/wp\/v2\/users\/42"}],"replies":[{"embeddable":true,"href":"https:\/\/www.arrendleasing.com\/gt\/wp-json\/wp\/v2\/comments?post=25473"}],"version-history":[{"count":12,"href":"https:\/\/www.arrendleasing.com\/gt\/wp-json\/wp\/v2\/pages\/25473\/revisions"}],"predecessor-version":[{"id":25538,"href":"https:\/\/www.arrendleasing.com\/gt\/wp-json\/wp\/v2\/pages\/25473\/revisions\/25538"}],"wp:attachment":[{"href":"https:\/\/www.arrendleasing.com\/gt\/wp-json\/wp\/v2\/media?parent=25473"}],"curies":[{"name":"wp","href":"https:\/\/api.w.org\/{rel}","templated":true}]}}