{"id":284,"date":"2017-01-12T21:02:27","date_gmt":"2017-01-12T21:02:27","guid":{"rendered":"http:\/\/192.168.1.177\/leasing-16\/?page_id=284"},"modified":"2026-02-13T09:51:32","modified_gmt":"2026-02-13T15:51:32","slug":"quienes-somos","status":"publish","type":"page","link":"https:\/\/www.arrendleasing.com\/gt\/nosotros\/quienes-somos\/","title":{"rendered":"Qui\u00e9nes Somos"},"content":{"rendered":"<h2>Qui\u00e9nes Somos<\/h2>\n<p>La compa\u00f1\u00eda l\u00edder en el mercado de leasing a nivel regional, con presencia en Guatemala, El Salvador, Honduras, Nicaragua, Costa Rica y Panam\u00e1, ahora con cobertura a nivel mundial en 53 pa\u00edses a trav\u00e9s de nuestro socio comercial <span style=\"color: #000000;\"><a href=\"https:\/\/ayvens.com\"><strong>AYVENS<\/strong><\/a><\/span>.<\/p>\n<p>Durante 30 a\u00f1os hemos apoyado el progreso econ\u00f3mico, ayudando a capacitar a la fuerza laboral del ma\u00f1ana y proporcionando las herramientas y tecnolog\u00edas que ampl\u00edan los productos financieros en Guatemala y la regi\u00f3n.<\/p>\n<p>Contamos con una cartera de clientes selectos, infraestructura adaptada para brindar un servicio de excelencia, y personal altamente capacitado para nuestras operaciones. Asimismo, contamos con escritorios corporativos instalados en los principales distribuidores de veh\u00edculos y maquinaria. Fundadores de Grupo CASA en Guatemala, con m\u00e1s de 55 a\u00f1os en el mercado financiero.<\/p>\n<p><strong><span style=\"color: #c8102e;\">Arrend<\/span><\/strong> siendo una empresa innovadora, fue pionera en ofrecer el <strong><a href=\"https:\/\/www.arrendleasing.com\/gt\/servicios\/leasing\/operativo\/\">Leasing Operativo<\/a><\/strong> para veh\u00edculos y maquinaria pesada, desarrollando el liderazgo en el mercado. Su prop\u00f3sito fundamental es hacer que la figura de Leasing sea cada vez m\u00e1s utilizada a nivel regional.<\/p>\n<p>De igual forma, cada d\u00eda est\u00e1 siendo m\u00e1s aceptada la figura de la Gesti\u00f3n de Flotas en las empresas m\u00e1s grandes de la regi\u00f3n por sus m\u00faltiples beneficios y en la cual <strong><span style=\"color: #c8102e;\">Arrend<\/span><\/strong> est\u00e1 a la vanguardia.<\/p>\n","protected":false},"excerpt":{"rendered":"<p>Qui\u00e9nes Somos La compa\u00f1\u00eda l\u00edder en el mercado de leasing a nivel regional, con presencia en Guatemala, El Salvador, Honduras, Nicaragua, Costa Rica y Panam\u00e1, ahora con cobertura a nivel mundial en 53 pa\u00edses a trav\u00e9s de nuestro socio comercial AYVENS. Durante 30 a\u00f1os hemos apoyado el progreso econ\u00f3mico, ayudando a capacitar a la fuerza [&hellip;]<\/p>\n","protected":false},"author":1,"featured_media":0,"parent":282,"menu_order":1,"comment_status":"closed","ping_status":"closed","template":"quienes-somos.php","meta":{"_acf_changed":false,"footnotes":""},"class_list":["post-284","page","type-page","status-publish","hentry"],"acf":[],"yoast_head":"<!-- This site is optimized with the Yoast SEO plugin v24.1 - https:\/\/yoast.com\/wordpress\/plugins\/seo\/ -->\n<title>Qui\u00e9nes Somos | Arrend Guatemala<\/title>\n<meta name=\"description\" content=\"Lee nuestro articulo de quienes somos para enterarte de nuestra historia, en los pa\u00edses donde estamos, y quien es nuestro socio comercial.\" \/>\n<meta name=\"robots\" content=\"index, follow, max-snippet:-1, max-image-preview:large, max-video-preview:-1\" \/>\n<link rel=\"canonical\" href=\"https:\/\/www.arrendleasing.com\/gt\/nosotros\/quienes-somos\/\" \/>\n<meta property=\"og:locale\" content=\"es_ES\" \/>\n<meta property=\"og:type\" content=\"article\" \/>\n<meta property=\"og:title\" content=\"Qui\u00e9nes Somos | Arrend Guatemala\" \/>\n<meta property=\"og:description\" content=\"Lee nuestro articulo de quienes somos para enterarte de nuestra historia, en los pa\u00edses donde estamos, y quien es nuestro socio comercial.\" \/>\n<meta property=\"og:url\" content=\"https:\/\/www.arrendleasing.com\/gt\/nosotros\/quienes-somos\/\" \/>\n<meta property=\"og:site_name\" content=\"Arrend Guatemala\" \/>\n<meta property=\"article:publisher\" content=\"https:\/\/www.facebook.com\/ArrendLeasingGuatemala\" \/>\n<meta property=\"article:modified_time\" content=\"2026-02-13T15:51:32+00:00\" \/>\n<meta name=\"twitter:card\" content=\"summary_large_image\" \/>\n<meta name=\"twitter:label1\" content=\"Tiempo de lectura\" \/>\n\t<meta name=\"twitter:data1\" content=\"3 minutos\" \/>\n<script type=\"application\/ld+json\" class=\"yoast-schema-graph\">{\"@context\":\"https:\/\/schema.org\",\"@graph\":[{\"@type\":\"WebPage\",\"@id\":\"https:\/\/www.arrendleasing.com\/gt\/nosotros\/quienes-somos\/\",\"url\":\"https:\/\/www.arrendleasing.com\/gt\/nosotros\/quienes-somos\/\",\"name\":\"Qui\u00e9nes Somos | Arrend Guatemala\",\"isPartOf\":{\"@id\":\"https:\/\/www.arrendleasing.com\/gt\/#website\"},\"datePublished\":\"2017-01-12T21:02:27+00:00\",\"dateModified\":\"2026-02-13T15:51:32+00:00\",\"description\":\"Lee nuestro articulo de quienes somos para enterarte de nuestra historia, en los pa\u00edses donde estamos, y quien es nuestro socio comercial.\",\"breadcrumb\":{\"@id\":\"https:\/\/www.arrendleasing.com\/gt\/nosotros\/quienes-somos\/#breadcrumb\"},\"inLanguage\":\"es\",\"potentialAction\":[{\"@type\":\"ReadAction\",\"target\":[\"https:\/\/www.arrendleasing.com\/gt\/nosotros\/quienes-somos\/\"]}]},{\"@type\":\"BreadcrumbList\",\"@id\":\"https:\/\/www.arrendleasing.com\/gt\/nosotros\/quienes-somos\/#breadcrumb\",\"itemListElement\":[{\"@type\":\"ListItem\",\"position\":1,\"name\":\"Portada\",\"item\":\"https:\/\/www.arrendleasing.com\/gt\/\"},{\"@type\":\"ListItem\",\"position\":2,\"name\":\"Nosotros\",\"item\":\"https:\/\/www.arrendleasing.com\/gt\/nosotros\/\"},{\"@type\":\"ListItem\",\"position\":3,\"name\":\"Qui\u00e9nes Somos\"}]},{\"@type\":\"WebSite\",\"@id\":\"https:\/\/www.arrendleasing.com\/gt\/#website\",\"url\":\"https:\/\/www.arrendleasing.com\/gt\/\",\"name\":\"Arrend Guatemala\",\"description\":\"ARREND una instituci\u00f3n financiera privada que ofrece servicios financieros innovadores, como Leasing y Factoraje, as\u00ed como pr\u00e9stamos convencionales\",\"publisher\":{\"@id\":\"https:\/\/www.arrendleasing.com\/gt\/#organization\"},\"potentialAction\":[{\"@type\":\"SearchAction\",\"target\":{\"@type\":\"EntryPoint\",\"urlTemplate\":\"https:\/\/www.arrendleasing.com\/gt\/?s={search_term_string}\"},\"query-input\":{\"@type\":\"PropertyValueSpecification\",\"valueRequired\":true,\"valueName\":\"search_term_string\"}}],\"inLanguage\":\"es\"},{\"@type\":\"Organization\",\"@id\":\"https:\/\/www.arrendleasing.com\/gt\/#organization\",\"name\":\"Arrend\",\"url\":\"https:\/\/www.arrendleasing.com\/gt\/\",\"logo\":{\"@type\":\"ImageObject\",\"inLanguage\":\"es\",\"@id\":\"https:\/\/www.arrendleasing.com\/gt\/#\/schema\/logo\/image\/\",\"url\":\"https:\/\/www.arrendleasing.com\/gt\/files\/2017\/07\/Logo-Arrend-Nuevo.png\",\"contentUrl\":\"https:\/\/www.arrendleasing.com\/gt\/files\/2017\/07\/Logo-Arrend-Nuevo.png\",\"width\":4728,\"height\":1908,\"caption\":\"Arrend\"},\"image\":{\"@id\":\"https:\/\/www.arrendleasing.com\/gt\/#\/schema\/logo\/image\/\"},\"sameAs\":[\"https:\/\/www.facebook.com\/ArrendLeasingGuatemala\",\"https:\/\/www.instagram.com\/arrend_leasing\/\"]}]}<\/script>\n<!-- \/ Yoast SEO plugin. -->","yoast_head_json":{"title":"Qui\u00e9nes Somos | Arrend Guatemala","description":"Lee nuestro articulo de quienes somos para enterarte de nuestra historia, en los pa\u00edses donde estamos, y quien es nuestro socio comercial.","robots":{"index":"index","follow":"follow","max-snippet":"max-snippet:-1","max-image-preview":"max-image-preview:large","max-video-preview":"max-video-preview:-1"},"canonical":"https:\/\/www.arrendleasing.com\/gt\/nosotros\/quienes-somos\/","og_locale":"es_ES","og_type":"article","og_title":"Qui\u00e9nes Somos | Arrend Guatemala","og_description":"Lee nuestro articulo de quienes somos para enterarte de nuestra historia, en los pa\u00edses donde estamos, y quien es nuestro socio comercial.","og_url":"https:\/\/www.arrendleasing.com\/gt\/nosotros\/quienes-somos\/","og_site_name":"Arrend Guatemala","article_publisher":"https:\/\/www.facebook.com\/ArrendLeasingGuatemala","article_modified_time":"2026-02-13T15:51:32+00:00","twitter_card":"summary_large_image","twitter_misc":{"Tiempo de lectura":"3 minutos"},"schema":{"@context":"https:\/\/schema.org","@graph":[{"@type":"WebPage","@id":"https:\/\/www.arrendleasing.com\/gt\/nosotros\/quienes-somos\/","url":"https:\/\/www.arrendleasing.com\/gt\/nosotros\/quienes-somos\/","name":"Qui\u00e9nes Somos | Arrend Guatemala","isPartOf":{"@id":"https:\/\/www.arrendleasing.com\/gt\/#website"},"datePublished":"2017-01-12T21:02:27+00:00","dateModified":"2026-02-13T15:51:32+00:00","description":"Lee nuestro articulo de quienes somos para enterarte de nuestra historia, en los pa\u00edses donde estamos, y quien es nuestro socio comercial.","breadcrumb":{"@id":"https:\/\/www.arrendleasing.com\/gt\/nosotros\/quienes-somos\/#breadcrumb"},"inLanguage":"es","potentialAction":[{"@type":"ReadAction","target":["https:\/\/www.arrendleasing.com\/gt\/nosotros\/quienes-somos\/"]}]},{"@type":"BreadcrumbList","@id":"https:\/\/www.arrendleasing.com\/gt\/nosotros\/quienes-somos\/#breadcrumb","itemListElement":[{"@type":"ListItem","position":1,"name":"Portada","item":"https:\/\/www.arrendleasing.com\/gt\/"},{"@type":"ListItem","position":2,"name":"Nosotros","item":"https:\/\/www.arrendleasing.com\/gt\/nosotros\/"},{"@type":"ListItem","position":3,"name":"Qui\u00e9nes Somos"}]},{"@type":"WebSite","@id":"https:\/\/www.arrendleasing.com\/gt\/#website","url":"https:\/\/www.arrendleasing.com\/gt\/","name":"Arrend Guatemala","description":"ARREND una instituci\u00f3n financiera privada que ofrece servicios financieros innovadores, como Leasing y Factoraje, as\u00ed como pr\u00e9stamos convencionales","publisher":{"@id":"https:\/\/www.arrendleasing.com\/gt\/#organization"},"potentialAction":[{"@type":"SearchAction","target":{"@type":"EntryPoint","urlTemplate":"https:\/\/www.arrendleasing.com\/gt\/?s={search_term_string}"},"query-input":{"@type":"PropertyValueSpecification","valueRequired":true,"valueName":"search_term_string"}}],"inLanguage":"es"},{"@type":"Organization","@id":"https:\/\/www.arrendleasing.com\/gt\/#organization","name":"Arrend","url":"https:\/\/www.arrendleasing.com\/gt\/","logo":{"@type":"ImageObject","inLanguage":"es","@id":"https:\/\/www.arrendleasing.com\/gt\/#\/schema\/logo\/image\/","url":"https:\/\/www.arrendleasing.com\/gt\/files\/2017\/07\/Logo-Arrend-Nuevo.png","contentUrl":"https:\/\/www.arrendleasing.com\/gt\/files\/2017\/07\/Logo-Arrend-Nuevo.png","width":4728,"height":1908,"caption":"Arrend"},"image":{"@id":"https:\/\/www.arrendleasing.com\/gt\/#\/schema\/logo\/image\/"},"sameAs":["https:\/\/www.facebook.com\/ArrendLeasingGuatemala","https:\/\/www.instagram.com\/arrend_leasing\/"]}]}},"jetpack_sharing_enabled":true,"_links":{"self":[{"href":"https:\/\/www.arrendleasing.com\/gt\/wp-json\/wp\/v2\/pages\/284","targetHints":{"allow":["GET"]}}],"collection":[{"href":"https:\/\/www.arrendleasing.com\/gt\/wp-json\/wp\/v2\/pages"}],"about":[{"href":"https:\/\/www.arrendleasing.com\/gt\/wp-json\/wp\/v2\/types\/page"}],"author":[{"embeddable":true,"href":"https:\/\/www.arrendleasing.com\/gt\/wp-json\/wp\/v2\/users\/1"}],"replies":[{"embeddable":true,"href":"https:\/\/www.arrendleasing.com\/gt\/wp-json\/wp\/v2\/comments?post=284"}],"version-history":[{"count":24,"href":"https:\/\/www.arrendleasing.com\/gt\/wp-json\/wp\/v2\/pages\/284\/revisions"}],"predecessor-version":[{"id":25476,"href":"https:\/\/www.arrendleasing.com\/gt\/wp-json\/wp\/v2\/pages\/284\/revisions\/25476"}],"up":[{"embeddable":true,"href":"https:\/\/www.arrendleasing.com\/gt\/wp-json\/wp\/v2\/pages\/282"}],"wp:attachment":[{"href":"https:\/\/www.arrendleasing.com\/gt\/wp-json\/wp\/v2\/media?parent=284"}],"curies":[{"name":"wp","href":"https:\/\/api.w.org\/{rel}","templated":true}]}}