{"id":317,"date":"2017-01-14T00:43:41","date_gmt":"2017-01-14T00:43:41","guid":{"rendered":"http:\/\/192.168.1.177\/leasing-16\/?page_id=317"},"modified":"2026-02-13T13:03:23","modified_gmt":"2026-02-13T19:03:23","slug":"tramite-de-cambio-de-color","status":"publish","type":"page","link":"https:\/\/www.arrendleasing.com\/gt\/servicios\/traspasos\/tramite-de-cambio-de-color\/","title":{"rendered":"Tr\u00e1mite de Cambio de Color"},"content":{"rendered":"\n\n\n<figure class=\"wp-block-image size-full\"><img loading=\"lazy\" decoding=\"async\" width=\"1652\" height=\"2560\" src=\"https:\/\/www.arrendleasing.com\/gt\/files\/2026\/02\/CAMBIO-DE-COLOR-2026-rz-1-scaled.jpg\" alt=\"\" class=\"wp-image-25518\" srcset=\"https:\/\/www.arrendleasing.com\/gt\/files\/2026\/02\/CAMBIO-DE-COLOR-2026-rz-1-scaled.jpg 1652w, https:\/\/www.arrendleasing.com\/gt\/files\/2026\/02\/CAMBIO-DE-COLOR-2026-rz-1-194x300.jpg 194w, https:\/\/www.arrendleasing.com\/gt\/files\/2026\/02\/CAMBIO-DE-COLOR-2026-rz-1-661x1024.jpg 661w, https:\/\/www.arrendleasing.com\/gt\/files\/2026\/02\/CAMBIO-DE-COLOR-2026-rz-1-768x1190.jpg 768w, https:\/\/www.arrendleasing.com\/gt\/files\/2026\/02\/CAMBIO-DE-COLOR-2026-rz-1-991x1536.jpg 991w, https:\/\/www.arrendleasing.com\/gt\/files\/2026\/02\/CAMBIO-DE-COLOR-2026-rz-1-1322x2048.jpg 1322w\" sizes=\"auto, (max-width: 1652px) 100vw, 1652px\" \/><\/figure>\n\n\n","protected":false},"excerpt":{"rendered":"","protected":false},"author":1,"featured_media":0,"parent":305,"menu_order":6,"comment_status":"closed","ping_status":"closed","template":"interior-traspasos.php","meta":{"_acf_changed":false,"footnotes":""},"class_list":["post-317","page","type-page","status-publish","hentry"],"acf":[],"yoast_head":"<!-- This site is optimized with the Yoast SEO plugin v24.1 - https:\/\/yoast.com\/wordpress\/plugins\/seo\/ -->\n<title>Tr\u00e1mite de Cambio de Color | Arrend Guatemala<\/title>\n<meta name=\"robots\" content=\"index, follow, max-snippet:-1, max-image-preview:large, max-video-preview:-1\" \/>\n<link rel=\"canonical\" href=\"https:\/\/www.arrendleasing.com\/gt\/servicios\/traspasos\/tramite-de-cambio-de-color\/\" \/>\n<meta property=\"og:locale\" content=\"es_ES\" \/>\n<meta property=\"og:type\" content=\"article\" \/>\n<meta property=\"og:title\" content=\"Tr\u00e1mite de Cambio de Color | Arrend Guatemala\" \/>\n<meta property=\"og:url\" content=\"https:\/\/www.arrendleasing.com\/gt\/servicios\/traspasos\/tramite-de-cambio-de-color\/\" \/>\n<meta property=\"og:site_name\" content=\"Arrend Guatemala\" \/>\n<meta property=\"article:publisher\" content=\"https:\/\/www.facebook.com\/ArrendLeasingGuatemala\" \/>\n<meta property=\"article:modified_time\" content=\"2026-02-13T19:03:23+00:00\" \/>\n<meta property=\"og:image\" content=\"https:\/\/www.arrendleasing.com\/gt\/files\/2026\/02\/CAMBIO-DE-COLOR-2026-rz-1-scaled.jpg\" \/>\n\t<meta property=\"og:image:width\" content=\"1652\" \/>\n\t<meta property=\"og:image:height\" content=\"2560\" \/>\n\t<meta property=\"og:image:type\" content=\"image\/jpeg\" \/>\n<meta name=\"twitter:card\" content=\"summary_large_image\" \/>\n<meta name=\"twitter:label1\" content=\"Tiempo de lectura\" \/>\n\t<meta name=\"twitter:data1\" content=\"1 minuto\" \/>\n<script type=\"application\/ld+json\" class=\"yoast-schema-graph\">{\"@context\":\"https:\/\/schema.org\",\"@graph\":[{\"@type\":\"WebPage\",\"@id\":\"https:\/\/www.arrendleasing.com\/gt\/servicios\/traspasos\/tramite-de-cambio-de-color\/\",\"url\":\"https:\/\/www.arrendleasing.com\/gt\/servicios\/traspasos\/tramite-de-cambio-de-color\/\",\"name\":\"Tr\u00e1mite de Cambio de Color | Arrend Guatemala\",\"isPartOf\":{\"@id\":\"https:\/\/www.arrendleasing.com\/gt\/#website\"},\"primaryImageOfPage\":{\"@id\":\"https:\/\/www.arrendleasing.com\/gt\/servicios\/traspasos\/tramite-de-cambio-de-color\/#primaryimage\"},\"image\":{\"@id\":\"https:\/\/www.arrendleasing.com\/gt\/servicios\/traspasos\/tramite-de-cambio-de-color\/#primaryimage\"},\"thumbnailUrl\":\"https:\/\/www.arrendleasing.com\/gt\/files\/2026\/02\/CAMBIO-DE-COLOR-2026-rz-1-scaled.jpg\",\"datePublished\":\"2017-01-14T00:43:41+00:00\",\"dateModified\":\"2026-02-13T19:03:23+00:00\",\"breadcrumb\":{\"@id\":\"https:\/\/www.arrendleasing.com\/gt\/servicios\/traspasos\/tramite-de-cambio-de-color\/#breadcrumb\"},\"inLanguage\":\"es\",\"potentialAction\":[{\"@type\":\"ReadAction\",\"target\":[\"https:\/\/www.arrendleasing.com\/gt\/servicios\/traspasos\/tramite-de-cambio-de-color\/\"]}]},{\"@type\":\"ImageObject\",\"inLanguage\":\"es\",\"@id\":\"https:\/\/www.arrendleasing.com\/gt\/servicios\/traspasos\/tramite-de-cambio-de-color\/#primaryimage\",\"url\":\"https:\/\/www.arrendleasing.com\/gt\/files\/2026\/02\/CAMBIO-DE-COLOR-2026-rz-1-scaled.jpg\",\"contentUrl\":\"https:\/\/www.arrendleasing.com\/gt\/files\/2026\/02\/CAMBIO-DE-COLOR-2026-rz-1-scaled.jpg\",\"width\":1652,\"height\":2560},{\"@type\":\"BreadcrumbList\",\"@id\":\"https:\/\/www.arrendleasing.com\/gt\/servicios\/traspasos\/tramite-de-cambio-de-color\/#breadcrumb\",\"itemListElement\":[{\"@type\":\"ListItem\",\"position\":1,\"name\":\"Portada\",\"item\":\"https:\/\/www.arrendleasing.com\/gt\/\"},{\"@type\":\"ListItem\",\"position\":2,\"name\":\"Servicios\",\"item\":\"https:\/\/www.arrendleasing.com\/gt\/servicios\/\"},{\"@type\":\"ListItem\",\"position\":3,\"name\":\"Traspasos\",\"item\":\"https:\/\/www.arrendleasing.com\/gt\/servicios\/traspasos\/\"},{\"@type\":\"ListItem\",\"position\":4,\"name\":\"Tr\u00e1mite de Cambio de Color\"}]},{\"@type\":\"WebSite\",\"@id\":\"https:\/\/www.arrendleasing.com\/gt\/#website\",\"url\":\"https:\/\/www.arrendleasing.com\/gt\/\",\"name\":\"Arrend Guatemala\",\"description\":\"ARREND una instituci\u00f3n financiera privada que ofrece servicios financieros innovadores, como Leasing y Factoraje, as\u00ed como pr\u00e9stamos convencionales\",\"publisher\":{\"@id\":\"https:\/\/www.arrendleasing.com\/gt\/#organization\"},\"potentialAction\":[{\"@type\":\"SearchAction\",\"target\":{\"@type\":\"EntryPoint\",\"urlTemplate\":\"https:\/\/www.arrendleasing.com\/gt\/?s={search_term_string}\"},\"query-input\":{\"@type\":\"PropertyValueSpecification\",\"valueRequired\":true,\"valueName\":\"search_term_string\"}}],\"inLanguage\":\"es\"},{\"@type\":\"Organization\",\"@id\":\"https:\/\/www.arrendleasing.com\/gt\/#organization\",\"name\":\"Arrend\",\"url\":\"https:\/\/www.arrendleasing.com\/gt\/\",\"logo\":{\"@type\":\"ImageObject\",\"inLanguage\":\"es\",\"@id\":\"https:\/\/www.arrendleasing.com\/gt\/#\/schema\/logo\/image\/\",\"url\":\"https:\/\/www.arrendleasing.com\/gt\/files\/2017\/07\/Logo-Arrend-Nuevo.png\",\"contentUrl\":\"https:\/\/www.arrendleasing.com\/gt\/files\/2017\/07\/Logo-Arrend-Nuevo.png\",\"width\":4728,\"height\":1908,\"caption\":\"Arrend\"},\"image\":{\"@id\":\"https:\/\/www.arrendleasing.com\/gt\/#\/schema\/logo\/image\/\"},\"sameAs\":[\"https:\/\/www.facebook.com\/ArrendLeasingGuatemala\",\"https:\/\/www.instagram.com\/arrend_leasing\/\"]}]}<\/script>\n<!-- \/ Yoast SEO plugin. -->","yoast_head_json":{"title":"Tr\u00e1mite de Cambio de Color | Arrend Guatemala","robots":{"index":"index","follow":"follow","max-snippet":"max-snippet:-1","max-image-preview":"max-image-preview:large","max-video-preview":"max-video-preview:-1"},"canonical":"https:\/\/www.arrendleasing.com\/gt\/servicios\/traspasos\/tramite-de-cambio-de-color\/","og_locale":"es_ES","og_type":"article","og_title":"Tr\u00e1mite de Cambio de Color | Arrend Guatemala","og_url":"https:\/\/www.arrendleasing.com\/gt\/servicios\/traspasos\/tramite-de-cambio-de-color\/","og_site_name":"Arrend Guatemala","article_publisher":"https:\/\/www.facebook.com\/ArrendLeasingGuatemala","article_modified_time":"2026-02-13T19:03:23+00:00","og_image":[{"width":1652,"height":2560,"url":"https:\/\/www.arrendleasing.com\/gt\/files\/2026\/02\/CAMBIO-DE-COLOR-2026-rz-1-scaled.jpg","type":"image\/jpeg"}],"twitter_card":"summary_large_image","twitter_misc":{"Tiempo de lectura":"1 minuto"},"schema":{"@context":"https:\/\/schema.org","@graph":[{"@type":"WebPage","@id":"https:\/\/www.arrendleasing.com\/gt\/servicios\/traspasos\/tramite-de-cambio-de-color\/","url":"https:\/\/www.arrendleasing.com\/gt\/servicios\/traspasos\/tramite-de-cambio-de-color\/","name":"Tr\u00e1mite de Cambio de Color | Arrend Guatemala","isPartOf":{"@id":"https:\/\/www.arrendleasing.com\/gt\/#website"},"primaryImageOfPage":{"@id":"https:\/\/www.arrendleasing.com\/gt\/servicios\/traspasos\/tramite-de-cambio-de-color\/#primaryimage"},"image":{"@id":"https:\/\/www.arrendleasing.com\/gt\/servicios\/traspasos\/tramite-de-cambio-de-color\/#primaryimage"},"thumbnailUrl":"https:\/\/www.arrendleasing.com\/gt\/files\/2026\/02\/CAMBIO-DE-COLOR-2026-rz-1-scaled.jpg","datePublished":"2017-01-14T00:43:41+00:00","dateModified":"2026-02-13T19:03:23+00:00","breadcrumb":{"@id":"https:\/\/www.arrendleasing.com\/gt\/servicios\/traspasos\/tramite-de-cambio-de-color\/#breadcrumb"},"inLanguage":"es","potentialAction":[{"@type":"ReadAction","target":["https:\/\/www.arrendleasing.com\/gt\/servicios\/traspasos\/tramite-de-cambio-de-color\/"]}]},{"@type":"ImageObject","inLanguage":"es","@id":"https:\/\/www.arrendleasing.com\/gt\/servicios\/traspasos\/tramite-de-cambio-de-color\/#primaryimage","url":"https:\/\/www.arrendleasing.com\/gt\/files\/2026\/02\/CAMBIO-DE-COLOR-2026-rz-1-scaled.jpg","contentUrl":"https:\/\/www.arrendleasing.com\/gt\/files\/2026\/02\/CAMBIO-DE-COLOR-2026-rz-1-scaled.jpg","width":1652,"height":2560},{"@type":"BreadcrumbList","@id":"https:\/\/www.arrendleasing.com\/gt\/servicios\/traspasos\/tramite-de-cambio-de-color\/#breadcrumb","itemListElement":[{"@type":"ListItem","position":1,"name":"Portada","item":"https:\/\/www.arrendleasing.com\/gt\/"},{"@type":"ListItem","position":2,"name":"Servicios","item":"https:\/\/www.arrendleasing.com\/gt\/servicios\/"},{"@type":"ListItem","position":3,"name":"Traspasos","item":"https:\/\/www.arrendleasing.com\/gt\/servicios\/traspasos\/"},{"@type":"ListItem","position":4,"name":"Tr\u00e1mite de Cambio de Color"}]},{"@type":"WebSite","@id":"https:\/\/www.arrendleasing.com\/gt\/#website","url":"https:\/\/www.arrendleasing.com\/gt\/","name":"Arrend Guatemala","description":"ARREND una instituci\u00f3n financiera privada que ofrece servicios financieros innovadores, como Leasing y Factoraje, as\u00ed como pr\u00e9stamos convencionales","publisher":{"@id":"https:\/\/www.arrendleasing.com\/gt\/#organization"},"potentialAction":[{"@type":"SearchAction","target":{"@type":"EntryPoint","urlTemplate":"https:\/\/www.arrendleasing.com\/gt\/?s={search_term_string}"},"query-input":{"@type":"PropertyValueSpecification","valueRequired":true,"valueName":"search_term_string"}}],"inLanguage":"es"},{"@type":"Organization","@id":"https:\/\/www.arrendleasing.com\/gt\/#organization","name":"Arrend","url":"https:\/\/www.arrendleasing.com\/gt\/","logo":{"@type":"ImageObject","inLanguage":"es","@id":"https:\/\/www.arrendleasing.com\/gt\/#\/schema\/logo\/image\/","url":"https:\/\/www.arrendleasing.com\/gt\/files\/2017\/07\/Logo-Arrend-Nuevo.png","contentUrl":"https:\/\/www.arrendleasing.com\/gt\/files\/2017\/07\/Logo-Arrend-Nuevo.png","width":4728,"height":1908,"caption":"Arrend"},"image":{"@id":"https:\/\/www.arrendleasing.com\/gt\/#\/schema\/logo\/image\/"},"sameAs":["https:\/\/www.facebook.com\/ArrendLeasingGuatemala","https:\/\/www.instagram.com\/arrend_leasing\/"]}]}},"jetpack_sharing_enabled":true,"_links":{"self":[{"href":"https:\/\/www.arrendleasing.com\/gt\/wp-json\/wp\/v2\/pages\/317","targetHints":{"allow":["GET"]}}],"collection":[{"href":"https:\/\/www.arrendleasing.com\/gt\/wp-json\/wp\/v2\/pages"}],"about":[{"href":"https:\/\/www.arrendleasing.com\/gt\/wp-json\/wp\/v2\/types\/page"}],"author":[{"embeddable":true,"href":"https:\/\/www.arrendleasing.com\/gt\/wp-json\/wp\/v2\/users\/1"}],"replies":[{"embeddable":true,"href":"https:\/\/www.arrendleasing.com\/gt\/wp-json\/wp\/v2\/comments?post=317"}],"version-history":[{"count":19,"href":"https:\/\/www.arrendleasing.com\/gt\/wp-json\/wp\/v2\/pages\/317\/revisions"}],"predecessor-version":[{"id":25521,"href":"https:\/\/www.arrendleasing.com\/gt\/wp-json\/wp\/v2\/pages\/317\/revisions\/25521"}],"up":[{"embeddable":true,"href":"https:\/\/www.arrendleasing.com\/gt\/wp-json\/wp\/v2\/pages\/305"}],"wp:attachment":[{"href":"https:\/\/www.arrendleasing.com\/gt\/wp-json\/wp\/v2\/media?parent=317"}],"curies":[{"name":"wp","href":"https:\/\/api.w.org\/{rel}","templated":true}]}}