{"id":698,"date":"2017-01-12T21:03:17","date_gmt":"2017-01-12T21:03:17","guid":{"rendered":"http:\/\/192.168.1.177\/leasing-16\/?page_id=286"},"modified":"2017-12-07T17:44:34","modified_gmt":"2017-12-07T23:44:34","slug":"oportunidad-laboral","status":"publish","type":"page","link":"https:\/\/www.arrendleasing.com\/gt\/nosotros\/oportunidad-laboral\/","title":{"rendered":"Oportunidad Laboral"},"content":{"rendered":"<h2 style=\"text-align: center;\">\u00bfAPLICA A ESTA OPORTUNIDAD LABORAL Y FORMAR PARTE DE ARREND?<\/h2>\n<p style=\"text-align: center;\"><strong>\u00a1Nos interesa tu experiencia!<\/strong><\/p>\n<p style=\"text-align: center;\">Si te gustan los retos te invitamos a formar parte del equipo de Arrend llenando el siguiente formulario y envi\u00e1ndonos tu Curriculum actualizado.<\/p>\n<h3 style=\"text-align: center;\">\u00a1En <strong><span style=\"color: #c8102e;\">ARREND<\/span><\/strong> trabajamos en equipo y amamos lo que hacemos!<\/h3>\n","protected":false},"excerpt":{"rendered":"<p>\u00bfAPLICA A ESTA OPORTUNIDAD LABORAL Y FORMAR PARTE DE ARREND? \u00a1Nos interesa tu experiencia! Si te gustan los retos te invitamos a formar parte del equipo de Arrend llenando el siguiente formulario y envi\u00e1ndonos tu Curriculum actualizado. \u00a1En ARREND trabajamos en equipo y amamos lo que hacemos!<\/p>\n","protected":false},"author":1,"featured_media":0,"parent":282,"menu_order":2,"comment_status":"closed","ping_status":"closed","template":"oportunidades.php","meta":{"_acf_changed":false,"footnotes":""},"class_list":["post-698","page","type-page","status-publish","hentry"],"acf":[],"yoast_head":"<!-- This site is optimized with the Yoast SEO plugin v24.1 - https:\/\/yoast.com\/wordpress\/plugins\/seo\/ -->\n<title>Oportunidad Laboral | Arrend Guatemala<\/title>\n<meta name=\"description\" content=\"\u00a1Nos interesa tu experiencia! Aplica en esta oportunidad laboral, Si te gustan los retos te invitamos a formar parte de Arrend con tu CV actualizado.\" \/>\n<meta name=\"robots\" content=\"index, follow, max-snippet:-1, max-image-preview:large, max-video-preview:-1\" \/>\n<link rel=\"canonical\" href=\"https:\/\/www.arrendleasing.com\/gt\/nosotros\/oportunidad-laboral\/\" \/>\n<meta property=\"og:locale\" content=\"es_ES\" \/>\n<meta property=\"og:type\" content=\"article\" \/>\n<meta property=\"og:title\" content=\"Oportunidad Laboral | Arrend Guatemala\" \/>\n<meta property=\"og:description\" content=\"\u00a1Nos interesa tu experiencia! Aplica en esta oportunidad laboral, Si te gustan los retos te invitamos a formar parte de Arrend con tu CV actualizado.\" \/>\n<meta property=\"og:url\" content=\"https:\/\/www.arrendleasing.com\/gt\/nosotros\/oportunidad-laboral\/\" \/>\n<meta property=\"og:site_name\" content=\"Arrend Guatemala\" \/>\n<meta property=\"article:publisher\" content=\"https:\/\/www.facebook.com\/ArrendLeasingGuatemala\" \/>\n<meta property=\"article:modified_time\" content=\"2017-12-07T23:44:34+00:00\" \/>\n<meta name=\"twitter:card\" content=\"summary_large_image\" \/>\n<script type=\"application\/ld+json\" class=\"yoast-schema-graph\">{\"@context\":\"https:\/\/schema.org\",\"@graph\":[{\"@type\":\"WebPage\",\"@id\":\"https:\/\/www.arrendleasing.com\/gt\/nosotros\/oportunidad-laboral\/\",\"url\":\"https:\/\/www.arrendleasing.com\/gt\/nosotros\/oportunidad-laboral\/\",\"name\":\"Oportunidad Laboral | Arrend Guatemala\",\"isPartOf\":{\"@id\":\"https:\/\/www.arrendleasing.com\/gt\/#website\"},\"datePublished\":\"2017-01-12T21:03:17+00:00\",\"dateModified\":\"2017-12-07T23:44:34+00:00\",\"description\":\"\u00a1Nos interesa tu experiencia! Aplica en esta oportunidad laboral, Si te gustan los retos te invitamos a formar parte de Arrend con tu CV actualizado.\",\"breadcrumb\":{\"@id\":\"https:\/\/www.arrendleasing.com\/gt\/nosotros\/oportunidad-laboral\/#breadcrumb\"},\"inLanguage\":\"es\",\"potentialAction\":[{\"@type\":\"ReadAction\",\"target\":[\"https:\/\/www.arrendleasing.com\/gt\/nosotros\/oportunidad-laboral\/\"]}]},{\"@type\":\"BreadcrumbList\",\"@id\":\"https:\/\/www.arrendleasing.com\/gt\/nosotros\/oportunidad-laboral\/#breadcrumb\",\"itemListElement\":[{\"@type\":\"ListItem\",\"position\":1,\"name\":\"Portada\",\"item\":\"https:\/\/www.arrendleasing.com\/gt\/\"},{\"@type\":\"ListItem\",\"position\":2,\"name\":\"Nosotros\",\"item\":\"https:\/\/www.arrendleasing.com\/gt\/nosotros\/\"},{\"@type\":\"ListItem\",\"position\":3,\"name\":\"Oportunidad Laboral\"}]},{\"@type\":\"WebSite\",\"@id\":\"https:\/\/www.arrendleasing.com\/gt\/#website\",\"url\":\"https:\/\/www.arrendleasing.com\/gt\/\",\"name\":\"Arrend Guatemala\",\"description\":\"ARREND una instituci\u00f3n financiera privada que ofrece servicios financieros innovadores, como Leasing y Factoraje, as\u00ed como pr\u00e9stamos convencionales\",\"publisher\":{\"@id\":\"https:\/\/www.arrendleasing.com\/gt\/#organization\"},\"potentialAction\":[{\"@type\":\"SearchAction\",\"target\":{\"@type\":\"EntryPoint\",\"urlTemplate\":\"https:\/\/www.arrendleasing.com\/gt\/?s={search_term_string}\"},\"query-input\":{\"@type\":\"PropertyValueSpecification\",\"valueRequired\":true,\"valueName\":\"search_term_string\"}}],\"inLanguage\":\"es\"},{\"@type\":\"Organization\",\"@id\":\"https:\/\/www.arrendleasing.com\/gt\/#organization\",\"name\":\"Arrend\",\"url\":\"https:\/\/www.arrendleasing.com\/gt\/\",\"logo\":{\"@type\":\"ImageObject\",\"inLanguage\":\"es\",\"@id\":\"https:\/\/www.arrendleasing.com\/gt\/#\/schema\/logo\/image\/\",\"url\":\"https:\/\/www.arrendleasing.com\/gt\/files\/2017\/07\/Logo-Arrend-Nuevo.png\",\"contentUrl\":\"https:\/\/www.arrendleasing.com\/gt\/files\/2017\/07\/Logo-Arrend-Nuevo.png\",\"width\":4728,\"height\":1908,\"caption\":\"Arrend\"},\"image\":{\"@id\":\"https:\/\/www.arrendleasing.com\/gt\/#\/schema\/logo\/image\/\"},\"sameAs\":[\"https:\/\/www.facebook.com\/ArrendLeasingGuatemala\",\"https:\/\/www.instagram.com\/arrend_leasing\/\"]}]}<\/script>\n<!-- \/ Yoast SEO plugin. -->","yoast_head_json":{"title":"Oportunidad Laboral | Arrend Guatemala","description":"\u00a1Nos interesa tu experiencia! Aplica en esta oportunidad laboral, Si te gustan los retos te invitamos a formar parte de Arrend con tu CV actualizado.","robots":{"index":"index","follow":"follow","max-snippet":"max-snippet:-1","max-image-preview":"max-image-preview:large","max-video-preview":"max-video-preview:-1"},"canonical":"https:\/\/www.arrendleasing.com\/gt\/nosotros\/oportunidad-laboral\/","og_locale":"es_ES","og_type":"article","og_title":"Oportunidad Laboral | Arrend Guatemala","og_description":"\u00a1Nos interesa tu experiencia! Aplica en esta oportunidad laboral, Si te gustan los retos te invitamos a formar parte de Arrend con tu CV actualizado.","og_url":"https:\/\/www.arrendleasing.com\/gt\/nosotros\/oportunidad-laboral\/","og_site_name":"Arrend Guatemala","article_publisher":"https:\/\/www.facebook.com\/ArrendLeasingGuatemala","article_modified_time":"2017-12-07T23:44:34+00:00","twitter_card":"summary_large_image","schema":{"@context":"https:\/\/schema.org","@graph":[{"@type":"WebPage","@id":"https:\/\/www.arrendleasing.com\/gt\/nosotros\/oportunidad-laboral\/","url":"https:\/\/www.arrendleasing.com\/gt\/nosotros\/oportunidad-laboral\/","name":"Oportunidad Laboral | Arrend Guatemala","isPartOf":{"@id":"https:\/\/www.arrendleasing.com\/gt\/#website"},"datePublished":"2017-01-12T21:03:17+00:00","dateModified":"2017-12-07T23:44:34+00:00","description":"\u00a1Nos interesa tu experiencia! Aplica en esta oportunidad laboral, Si te gustan los retos te invitamos a formar parte de Arrend con tu CV actualizado.","breadcrumb":{"@id":"https:\/\/www.arrendleasing.com\/gt\/nosotros\/oportunidad-laboral\/#breadcrumb"},"inLanguage":"es","potentialAction":[{"@type":"ReadAction","target":["https:\/\/www.arrendleasing.com\/gt\/nosotros\/oportunidad-laboral\/"]}]},{"@type":"BreadcrumbList","@id":"https:\/\/www.arrendleasing.com\/gt\/nosotros\/oportunidad-laboral\/#breadcrumb","itemListElement":[{"@type":"ListItem","position":1,"name":"Portada","item":"https:\/\/www.arrendleasing.com\/gt\/"},{"@type":"ListItem","position":2,"name":"Nosotros","item":"https:\/\/www.arrendleasing.com\/gt\/nosotros\/"},{"@type":"ListItem","position":3,"name":"Oportunidad Laboral"}]},{"@type":"WebSite","@id":"https:\/\/www.arrendleasing.com\/gt\/#website","url":"https:\/\/www.arrendleasing.com\/gt\/","name":"Arrend Guatemala","description":"ARREND una instituci\u00f3n financiera privada que ofrece servicios financieros innovadores, como Leasing y Factoraje, as\u00ed como pr\u00e9stamos convencionales","publisher":{"@id":"https:\/\/www.arrendleasing.com\/gt\/#organization"},"potentialAction":[{"@type":"SearchAction","target":{"@type":"EntryPoint","urlTemplate":"https:\/\/www.arrendleasing.com\/gt\/?s={search_term_string}"},"query-input":{"@type":"PropertyValueSpecification","valueRequired":true,"valueName":"search_term_string"}}],"inLanguage":"es"},{"@type":"Organization","@id":"https:\/\/www.arrendleasing.com\/gt\/#organization","name":"Arrend","url":"https:\/\/www.arrendleasing.com\/gt\/","logo":{"@type":"ImageObject","inLanguage":"es","@id":"https:\/\/www.arrendleasing.com\/gt\/#\/schema\/logo\/image\/","url":"https:\/\/www.arrendleasing.com\/gt\/files\/2017\/07\/Logo-Arrend-Nuevo.png","contentUrl":"https:\/\/www.arrendleasing.com\/gt\/files\/2017\/07\/Logo-Arrend-Nuevo.png","width":4728,"height":1908,"caption":"Arrend"},"image":{"@id":"https:\/\/www.arrendleasing.com\/gt\/#\/schema\/logo\/image\/"},"sameAs":["https:\/\/www.facebook.com\/ArrendLeasingGuatemala","https:\/\/www.instagram.com\/arrend_leasing\/"]}]}},"jetpack_sharing_enabled":true,"_links":{"self":[{"href":"https:\/\/www.arrendleasing.com\/gt\/wp-json\/wp\/v2\/pages\/698","targetHints":{"allow":["GET"]}}],"collection":[{"href":"https:\/\/www.arrendleasing.com\/gt\/wp-json\/wp\/v2\/pages"}],"about":[{"href":"https:\/\/www.arrendleasing.com\/gt\/wp-json\/wp\/v2\/types\/page"}],"author":[{"embeddable":true,"href":"https:\/\/www.arrendleasing.com\/gt\/wp-json\/wp\/v2\/users\/1"}],"replies":[{"embeddable":true,"href":"https:\/\/www.arrendleasing.com\/gt\/wp-json\/wp\/v2\/comments?post=698"}],"version-history":[{"count":16,"href":"https:\/\/www.arrendleasing.com\/gt\/wp-json\/wp\/v2\/pages\/698\/revisions"}],"predecessor-version":[{"id":2598,"href":"https:\/\/www.arrendleasing.com\/gt\/wp-json\/wp\/v2\/pages\/698\/revisions\/2598"}],"up":[{"embeddable":true,"href":"https:\/\/www.arrendleasing.com\/gt\/wp-json\/wp\/v2\/pages\/282"}],"wp:attachment":[{"href":"https:\/\/www.arrendleasing.com\/gt\/wp-json\/wp\/v2\/media?parent=698"}],"curies":[{"name":"wp","href":"https:\/\/api.w.org\/{rel}","templated":true}]}}