{"id":8946,"date":"2020-10-27T19:32:51","date_gmt":"2020-10-28T01:32:51","guid":{"rendered":"https:\/\/www.arrendleasing.com\/gt\/?page_id=8946"},"modified":"2020-12-29T13:05:33","modified_gmt":"2020-12-29T19:05:33","slug":"gps-telemetria","status":"publish","type":"page","link":"https:\/\/www.arrendleasing.com\/gt\/servicios\/leasing\/gps-telemetria\/","title":{"rendered":"GPS \/ Telemetr\u00eda"},"content":{"rendered":"\n<p>Todas las unidades financiadas por medio del leasing de ARREND. Cuentan con un GPS que permite la geolocalizaci\u00f3n de los veh\u00edculos y tener as\u00ed un mejor control de estos.<\/p>\n<p>Para el leasing operativo, renting y manejo de flotas; los gestores de flotas podr\u00e1n tener acceso a la geolocalizaci\u00f3n de sus unidades en tiempo real.<\/p>\n<p>La tecnolog\u00eda de ARREND en asociaci\u00f3n con ALD y Wheels, permite generar reportes de telemetr\u00eda con los KPIs m\u00e1s relevantes para la eficiencia de la flota como: consumo de combustible, neum\u00e1ticos, aceite, l\u00edquido de freno, capacidades de manejo del conductor, reportes de kilometraje y carga, efectividad de los servicios y tracking de estos.<\/p>\n<p>Los reportes de telemetr\u00eda hacen la gesti\u00f3n de la flota una toma de decisiones m\u00e1s objetiva y vuelven la gesti\u00f3n mucho m\u00e1s efectiva.<\/p>\n","protected":false},"excerpt":{"rendered":"<p>Todas las unidades financiadas por medio del leasing de ARREND. Cuentan con un GPS que permite la geolocalizaci\u00f3n de los veh\u00edculos y tener as\u00ed un mejor control de estos. Para el leasing operativo, renting y manejo de flotas; los gestores de flotas podr\u00e1n tener acceso a la geolocalizaci\u00f3n de sus unidades en tiempo real. La [&hellip;]<\/p>\n","protected":false},"author":1,"featured_media":0,"parent":7,"menu_order":7,"comment_status":"closed","ping_status":"closed","template":"interior-leasing.php","meta":{"_acf_changed":false,"footnotes":""},"class_list":["post-8946","page","type-page","status-publish","hentry"],"acf":[],"yoast_head":"<!-- This site is optimized with the Yoast SEO plugin v24.1 - https:\/\/yoast.com\/wordpress\/plugins\/seo\/ -->\n<title>GPS \/ Telemetr\u00eda | Arrend Guatemala<\/title>\n<meta name=\"description\" content=\"Todas las unidades financiadas por medio del leasing de ARREND. Cuentan con un GPS que permite la geolocalizaci\u00f3n de los veh\u00edculos y tener as\u00ed un mejor\" \/>\n<meta name=\"robots\" content=\"index, follow, max-snippet:-1, max-image-preview:large, max-video-preview:-1\" \/>\n<link rel=\"canonical\" href=\"https:\/\/www.arrendleasing.com\/gt\/servicios\/leasing\/gps-telemetria\/\" \/>\n<meta property=\"og:locale\" content=\"es_ES\" \/>\n<meta property=\"og:type\" content=\"article\" \/>\n<meta property=\"og:title\" content=\"GPS \/ Telemetr\u00eda | Arrend Guatemala\" \/>\n<meta property=\"og:description\" content=\"Todas las unidades financiadas por medio del leasing de ARREND. Cuentan con un GPS que permite la geolocalizaci\u00f3n de los veh\u00edculos y tener as\u00ed un mejor\" \/>\n<meta property=\"og:url\" content=\"https:\/\/www.arrendleasing.com\/gt\/servicios\/leasing\/gps-telemetria\/\" \/>\n<meta property=\"og:site_name\" content=\"Arrend Guatemala\" \/>\n<meta property=\"article:publisher\" content=\"https:\/\/www.facebook.com\/ArrendLeasingGuatemala\" \/>\n<meta property=\"article:modified_time\" content=\"2020-12-29T19:05:33+00:00\" \/>\n<meta name=\"twitter:card\" content=\"summary_large_image\" \/>\n<meta name=\"twitter:label1\" content=\"Tiempo de lectura\" \/>\n\t<meta name=\"twitter:data1\" content=\"1 minuto\" \/>\n<script type=\"application\/ld+json\" class=\"yoast-schema-graph\">{\"@context\":\"https:\/\/schema.org\",\"@graph\":[{\"@type\":\"WebPage\",\"@id\":\"https:\/\/www.arrendleasing.com\/gt\/servicios\/leasing\/gps-telemetria\/\",\"url\":\"https:\/\/www.arrendleasing.com\/gt\/servicios\/leasing\/gps-telemetria\/\",\"name\":\"GPS \/ Telemetr\u00eda | Arrend Guatemala\",\"isPartOf\":{\"@id\":\"https:\/\/www.arrendleasing.com\/gt\/#website\"},\"datePublished\":\"2020-10-28T01:32:51+00:00\",\"dateModified\":\"2020-12-29T19:05:33+00:00\",\"description\":\"Todas las unidades financiadas por medio del leasing de ARREND. Cuentan con un GPS que permite la geolocalizaci\u00f3n de los veh\u00edculos y tener as\u00ed un mejor\",\"breadcrumb\":{\"@id\":\"https:\/\/www.arrendleasing.com\/gt\/servicios\/leasing\/gps-telemetria\/#breadcrumb\"},\"inLanguage\":\"es\",\"potentialAction\":[{\"@type\":\"ReadAction\",\"target\":[\"https:\/\/www.arrendleasing.com\/gt\/servicios\/leasing\/gps-telemetria\/\"]}]},{\"@type\":\"BreadcrumbList\",\"@id\":\"https:\/\/www.arrendleasing.com\/gt\/servicios\/leasing\/gps-telemetria\/#breadcrumb\",\"itemListElement\":[{\"@type\":\"ListItem\",\"position\":1,\"name\":\"Portada\",\"item\":\"https:\/\/www.arrendleasing.com\/gt\/\"},{\"@type\":\"ListItem\",\"position\":2,\"name\":\"Servicios\",\"item\":\"https:\/\/www.arrendleasing.com\/gt\/servicios\/\"},{\"@type\":\"ListItem\",\"position\":3,\"name\":\"Leasing\",\"item\":\"https:\/\/www.arrendleasing.com\/gt\/servicios\/leasing\/\"},{\"@type\":\"ListItem\",\"position\":4,\"name\":\"GPS \/ Telemetr\u00eda\"}]},{\"@type\":\"WebSite\",\"@id\":\"https:\/\/www.arrendleasing.com\/gt\/#website\",\"url\":\"https:\/\/www.arrendleasing.com\/gt\/\",\"name\":\"Arrend Guatemala\",\"description\":\"ARREND una instituci\u00f3n financiera privada que ofrece servicios financieros innovadores, como Leasing y Factoraje, as\u00ed como pr\u00e9stamos convencionales\",\"publisher\":{\"@id\":\"https:\/\/www.arrendleasing.com\/gt\/#organization\"},\"potentialAction\":[{\"@type\":\"SearchAction\",\"target\":{\"@type\":\"EntryPoint\",\"urlTemplate\":\"https:\/\/www.arrendleasing.com\/gt\/?s={search_term_string}\"},\"query-input\":{\"@type\":\"PropertyValueSpecification\",\"valueRequired\":true,\"valueName\":\"search_term_string\"}}],\"inLanguage\":\"es\"},{\"@type\":\"Organization\",\"@id\":\"https:\/\/www.arrendleasing.com\/gt\/#organization\",\"name\":\"Arrend\",\"url\":\"https:\/\/www.arrendleasing.com\/gt\/\",\"logo\":{\"@type\":\"ImageObject\",\"inLanguage\":\"es\",\"@id\":\"https:\/\/www.arrendleasing.com\/gt\/#\/schema\/logo\/image\/\",\"url\":\"https:\/\/www.arrendleasing.com\/gt\/files\/2017\/07\/Logo-Arrend-Nuevo.png\",\"contentUrl\":\"https:\/\/www.arrendleasing.com\/gt\/files\/2017\/07\/Logo-Arrend-Nuevo.png\",\"width\":4728,\"height\":1908,\"caption\":\"Arrend\"},\"image\":{\"@id\":\"https:\/\/www.arrendleasing.com\/gt\/#\/schema\/logo\/image\/\"},\"sameAs\":[\"https:\/\/www.facebook.com\/ArrendLeasingGuatemala\",\"https:\/\/www.instagram.com\/arrend_leasing\/\"]}]}<\/script>\n<!-- \/ Yoast SEO plugin. -->","yoast_head_json":{"title":"GPS \/ Telemetr\u00eda | Arrend Guatemala","description":"Todas las unidades financiadas por medio del leasing de ARREND. Cuentan con un GPS que permite la geolocalizaci\u00f3n de los veh\u00edculos y tener as\u00ed un mejor","robots":{"index":"index","follow":"follow","max-snippet":"max-snippet:-1","max-image-preview":"max-image-preview:large","max-video-preview":"max-video-preview:-1"},"canonical":"https:\/\/www.arrendleasing.com\/gt\/servicios\/leasing\/gps-telemetria\/","og_locale":"es_ES","og_type":"article","og_title":"GPS \/ Telemetr\u00eda | Arrend Guatemala","og_description":"Todas las unidades financiadas por medio del leasing de ARREND. Cuentan con un GPS que permite la geolocalizaci\u00f3n de los veh\u00edculos y tener as\u00ed un mejor","og_url":"https:\/\/www.arrendleasing.com\/gt\/servicios\/leasing\/gps-telemetria\/","og_site_name":"Arrend Guatemala","article_publisher":"https:\/\/www.facebook.com\/ArrendLeasingGuatemala","article_modified_time":"2020-12-29T19:05:33+00:00","twitter_card":"summary_large_image","twitter_misc":{"Tiempo de lectura":"1 minuto"},"schema":{"@context":"https:\/\/schema.org","@graph":[{"@type":"WebPage","@id":"https:\/\/www.arrendleasing.com\/gt\/servicios\/leasing\/gps-telemetria\/","url":"https:\/\/www.arrendleasing.com\/gt\/servicios\/leasing\/gps-telemetria\/","name":"GPS \/ Telemetr\u00eda | Arrend Guatemala","isPartOf":{"@id":"https:\/\/www.arrendleasing.com\/gt\/#website"},"datePublished":"2020-10-28T01:32:51+00:00","dateModified":"2020-12-29T19:05:33+00:00","description":"Todas las unidades financiadas por medio del leasing de ARREND. Cuentan con un GPS que permite la geolocalizaci\u00f3n de los veh\u00edculos y tener as\u00ed un mejor","breadcrumb":{"@id":"https:\/\/www.arrendleasing.com\/gt\/servicios\/leasing\/gps-telemetria\/#breadcrumb"},"inLanguage":"es","potentialAction":[{"@type":"ReadAction","target":["https:\/\/www.arrendleasing.com\/gt\/servicios\/leasing\/gps-telemetria\/"]}]},{"@type":"BreadcrumbList","@id":"https:\/\/www.arrendleasing.com\/gt\/servicios\/leasing\/gps-telemetria\/#breadcrumb","itemListElement":[{"@type":"ListItem","position":1,"name":"Portada","item":"https:\/\/www.arrendleasing.com\/gt\/"},{"@type":"ListItem","position":2,"name":"Servicios","item":"https:\/\/www.arrendleasing.com\/gt\/servicios\/"},{"@type":"ListItem","position":3,"name":"Leasing","item":"https:\/\/www.arrendleasing.com\/gt\/servicios\/leasing\/"},{"@type":"ListItem","position":4,"name":"GPS \/ Telemetr\u00eda"}]},{"@type":"WebSite","@id":"https:\/\/www.arrendleasing.com\/gt\/#website","url":"https:\/\/www.arrendleasing.com\/gt\/","name":"Arrend Guatemala","description":"ARREND una instituci\u00f3n financiera privada que ofrece servicios financieros innovadores, como Leasing y Factoraje, as\u00ed como pr\u00e9stamos convencionales","publisher":{"@id":"https:\/\/www.arrendleasing.com\/gt\/#organization"},"potentialAction":[{"@type":"SearchAction","target":{"@type":"EntryPoint","urlTemplate":"https:\/\/www.arrendleasing.com\/gt\/?s={search_term_string}"},"query-input":{"@type":"PropertyValueSpecification","valueRequired":true,"valueName":"search_term_string"}}],"inLanguage":"es"},{"@type":"Organization","@id":"https:\/\/www.arrendleasing.com\/gt\/#organization","name":"Arrend","url":"https:\/\/www.arrendleasing.com\/gt\/","logo":{"@type":"ImageObject","inLanguage":"es","@id":"https:\/\/www.arrendleasing.com\/gt\/#\/schema\/logo\/image\/","url":"https:\/\/www.arrendleasing.com\/gt\/files\/2017\/07\/Logo-Arrend-Nuevo.png","contentUrl":"https:\/\/www.arrendleasing.com\/gt\/files\/2017\/07\/Logo-Arrend-Nuevo.png","width":4728,"height":1908,"caption":"Arrend"},"image":{"@id":"https:\/\/www.arrendleasing.com\/gt\/#\/schema\/logo\/image\/"},"sameAs":["https:\/\/www.facebook.com\/ArrendLeasingGuatemala","https:\/\/www.instagram.com\/arrend_leasing\/"]}]}},"jetpack_sharing_enabled":true,"_links":{"self":[{"href":"https:\/\/www.arrendleasing.com\/gt\/wp-json\/wp\/v2\/pages\/8946","targetHints":{"allow":["GET"]}}],"collection":[{"href":"https:\/\/www.arrendleasing.com\/gt\/wp-json\/wp\/v2\/pages"}],"about":[{"href":"https:\/\/www.arrendleasing.com\/gt\/wp-json\/wp\/v2\/types\/page"}],"author":[{"embeddable":true,"href":"https:\/\/www.arrendleasing.com\/gt\/wp-json\/wp\/v2\/users\/1"}],"replies":[{"embeddable":true,"href":"https:\/\/www.arrendleasing.com\/gt\/wp-json\/wp\/v2\/comments?post=8946"}],"version-history":[{"count":5,"href":"https:\/\/www.arrendleasing.com\/gt\/wp-json\/wp\/v2\/pages\/8946\/revisions"}],"predecessor-version":[{"id":9393,"href":"https:\/\/www.arrendleasing.com\/gt\/wp-json\/wp\/v2\/pages\/8946\/revisions\/9393"}],"up":[{"embeddable":true,"href":"https:\/\/www.arrendleasing.com\/gt\/wp-json\/wp\/v2\/pages\/7"}],"wp:attachment":[{"href":"https:\/\/www.arrendleasing.com\/gt\/wp-json\/wp\/v2\/media?parent=8946"}],"curies":[{"name":"wp","href":"https:\/\/api.w.org\/{rel}","templated":true}]}}