{"id":8959,"date":"2020-10-27T19:39:11","date_gmt":"2020-10-28T01:39:11","guid":{"rendered":"https:\/\/www.arrendleasing.com\/gt\/?page_id=8959"},"modified":"2020-12-29T13:02:03","modified_gmt":"2020-12-29T19:02:03","slug":"leaseback","status":"publish","type":"page","link":"https:\/\/www.arrendleasing.com\/gt\/servicios\/leasing\/leaseback\/","title":{"rendered":"Leaseback"},"content":{"rendered":"\n<p>El lease-back, es una modalidad del leasing financiero. La operaci\u00f3n consiste en que el propietario de un bien, mueble o inmueble, lo vende a ARREND para iniciar a continuaci\u00f3n un contrato de leasing financiero sobre el mismo.<\/p>\n<p>El\u00a0vendedor del bien obtiene una fuente de liquidez\u00a0y a la vez se asegura la recuperaci\u00f3n del elemento a trav\u00e9s del\u00a0arrendamiento financiero. La titularidad se transmite a ARREND, manteniendo la empresa vendedora los derechos de uso sobre el mismo.<\/p>\n<p>El contrato de leasing financiero se establece con todas las condiciones y ventajas que ofrece esta herramienta. Al finalizar el contrato el vendedor del bien recupera su bien.<\/p>\n","protected":false},"excerpt":{"rendered":"<p>El lease-back, es una modalidad del leasing financiero. La operaci\u00f3n consiste en que el propietario de un bien, mueble o inmueble, lo vende a ARREND para iniciar a continuaci\u00f3n un contrato de leasing financiero sobre el mismo. El\u00a0vendedor del bien obtiene una fuente de liquidez\u00a0y a la vez se asegura la recuperaci\u00f3n del elemento a [&hellip;]<\/p>\n","protected":false},"author":1,"featured_media":0,"parent":7,"menu_order":9,"comment_status":"closed","ping_status":"closed","template":"interior-leasing.php","meta":{"_acf_changed":false,"footnotes":""},"class_list":["post-8959","page","type-page","status-publish","hentry"],"acf":[],"yoast_head":"<!-- This site is optimized with the Yoast SEO plugin v24.1 - https:\/\/yoast.com\/wordpress\/plugins\/seo\/ -->\n<title>Leaseback | Arrend Guatemala<\/title>\n<meta name=\"description\" content=\"El lease-back, es una modalidad del leasing financiero. La operaci\u00f3n consiste en que el propietario de un bien, mueble o inmueble, lo vende a ARREND para\" \/>\n<meta name=\"robots\" content=\"index, follow, max-snippet:-1, max-image-preview:large, max-video-preview:-1\" \/>\n<link rel=\"canonical\" href=\"https:\/\/www.arrendleasing.com\/gt\/servicios\/leasing\/leaseback\/\" \/>\n<meta property=\"og:locale\" content=\"es_ES\" \/>\n<meta property=\"og:type\" content=\"article\" \/>\n<meta property=\"og:title\" content=\"Leaseback | Arrend Guatemala\" \/>\n<meta property=\"og:description\" content=\"El lease-back, es una modalidad del leasing financiero. La operaci\u00f3n consiste en que el propietario de un bien, mueble o inmueble, lo vende a ARREND para\" \/>\n<meta property=\"og:url\" content=\"https:\/\/www.arrendleasing.com\/gt\/servicios\/leasing\/leaseback\/\" \/>\n<meta property=\"og:site_name\" content=\"Arrend Guatemala\" \/>\n<meta property=\"article:publisher\" content=\"https:\/\/www.facebook.com\/ArrendLeasingGuatemala\" \/>\n<meta property=\"article:modified_time\" content=\"2020-12-29T19:02:03+00:00\" \/>\n<meta name=\"twitter:card\" content=\"summary_large_image\" \/>\n<meta name=\"twitter:label1\" content=\"Tiempo de lectura\" \/>\n\t<meta name=\"twitter:data1\" content=\"1 minuto\" \/>\n<script type=\"application\/ld+json\" class=\"yoast-schema-graph\">{\"@context\":\"https:\/\/schema.org\",\"@graph\":[{\"@type\":\"WebPage\",\"@id\":\"https:\/\/www.arrendleasing.com\/gt\/servicios\/leasing\/leaseback\/\",\"url\":\"https:\/\/www.arrendleasing.com\/gt\/servicios\/leasing\/leaseback\/\",\"name\":\"Leaseback | Arrend Guatemala\",\"isPartOf\":{\"@id\":\"https:\/\/www.arrendleasing.com\/gt\/#website\"},\"datePublished\":\"2020-10-28T01:39:11+00:00\",\"dateModified\":\"2020-12-29T19:02:03+00:00\",\"description\":\"El lease-back, es una modalidad del leasing financiero. La operaci\u00f3n consiste en que el propietario de un bien, mueble o inmueble, lo vende a ARREND para\",\"breadcrumb\":{\"@id\":\"https:\/\/www.arrendleasing.com\/gt\/servicios\/leasing\/leaseback\/#breadcrumb\"},\"inLanguage\":\"es\",\"potentialAction\":[{\"@type\":\"ReadAction\",\"target\":[\"https:\/\/www.arrendleasing.com\/gt\/servicios\/leasing\/leaseback\/\"]}]},{\"@type\":\"BreadcrumbList\",\"@id\":\"https:\/\/www.arrendleasing.com\/gt\/servicios\/leasing\/leaseback\/#breadcrumb\",\"itemListElement\":[{\"@type\":\"ListItem\",\"position\":1,\"name\":\"Portada\",\"item\":\"https:\/\/www.arrendleasing.com\/gt\/\"},{\"@type\":\"ListItem\",\"position\":2,\"name\":\"Servicios\",\"item\":\"https:\/\/www.arrendleasing.com\/gt\/servicios\/\"},{\"@type\":\"ListItem\",\"position\":3,\"name\":\"Leasing\",\"item\":\"https:\/\/www.arrendleasing.com\/gt\/servicios\/leasing\/\"},{\"@type\":\"ListItem\",\"position\":4,\"name\":\"Leaseback\"}]},{\"@type\":\"WebSite\",\"@id\":\"https:\/\/www.arrendleasing.com\/gt\/#website\",\"url\":\"https:\/\/www.arrendleasing.com\/gt\/\",\"name\":\"Arrend Guatemala\",\"description\":\"ARREND una instituci\u00f3n financiera privada que ofrece servicios financieros innovadores, como Leasing y Factoraje, as\u00ed como pr\u00e9stamos convencionales\",\"publisher\":{\"@id\":\"https:\/\/www.arrendleasing.com\/gt\/#organization\"},\"potentialAction\":[{\"@type\":\"SearchAction\",\"target\":{\"@type\":\"EntryPoint\",\"urlTemplate\":\"https:\/\/www.arrendleasing.com\/gt\/?s={search_term_string}\"},\"query-input\":{\"@type\":\"PropertyValueSpecification\",\"valueRequired\":true,\"valueName\":\"search_term_string\"}}],\"inLanguage\":\"es\"},{\"@type\":\"Organization\",\"@id\":\"https:\/\/www.arrendleasing.com\/gt\/#organization\",\"name\":\"Arrend\",\"url\":\"https:\/\/www.arrendleasing.com\/gt\/\",\"logo\":{\"@type\":\"ImageObject\",\"inLanguage\":\"es\",\"@id\":\"https:\/\/www.arrendleasing.com\/gt\/#\/schema\/logo\/image\/\",\"url\":\"https:\/\/www.arrendleasing.com\/gt\/files\/2017\/07\/Logo-Arrend-Nuevo.png\",\"contentUrl\":\"https:\/\/www.arrendleasing.com\/gt\/files\/2017\/07\/Logo-Arrend-Nuevo.png\",\"width\":4728,\"height\":1908,\"caption\":\"Arrend\"},\"image\":{\"@id\":\"https:\/\/www.arrendleasing.com\/gt\/#\/schema\/logo\/image\/\"},\"sameAs\":[\"https:\/\/www.facebook.com\/ArrendLeasingGuatemala\",\"https:\/\/www.instagram.com\/arrend_leasing\/\"]}]}<\/script>\n<!-- \/ Yoast SEO plugin. -->","yoast_head_json":{"title":"Leaseback | Arrend Guatemala","description":"El lease-back, es una modalidad del leasing financiero. La operaci\u00f3n consiste en que el propietario de un bien, mueble o inmueble, lo vende a ARREND para","robots":{"index":"index","follow":"follow","max-snippet":"max-snippet:-1","max-image-preview":"max-image-preview:large","max-video-preview":"max-video-preview:-1"},"canonical":"https:\/\/www.arrendleasing.com\/gt\/servicios\/leasing\/leaseback\/","og_locale":"es_ES","og_type":"article","og_title":"Leaseback | Arrend Guatemala","og_description":"El lease-back, es una modalidad del leasing financiero. La operaci\u00f3n consiste en que el propietario de un bien, mueble o inmueble, lo vende a ARREND para","og_url":"https:\/\/www.arrendleasing.com\/gt\/servicios\/leasing\/leaseback\/","og_site_name":"Arrend Guatemala","article_publisher":"https:\/\/www.facebook.com\/ArrendLeasingGuatemala","article_modified_time":"2020-12-29T19:02:03+00:00","twitter_card":"summary_large_image","twitter_misc":{"Tiempo de lectura":"1 minuto"},"schema":{"@context":"https:\/\/schema.org","@graph":[{"@type":"WebPage","@id":"https:\/\/www.arrendleasing.com\/gt\/servicios\/leasing\/leaseback\/","url":"https:\/\/www.arrendleasing.com\/gt\/servicios\/leasing\/leaseback\/","name":"Leaseback | Arrend Guatemala","isPartOf":{"@id":"https:\/\/www.arrendleasing.com\/gt\/#website"},"datePublished":"2020-10-28T01:39:11+00:00","dateModified":"2020-12-29T19:02:03+00:00","description":"El lease-back, es una modalidad del leasing financiero. La operaci\u00f3n consiste en que el propietario de un bien, mueble o inmueble, lo vende a ARREND para","breadcrumb":{"@id":"https:\/\/www.arrendleasing.com\/gt\/servicios\/leasing\/leaseback\/#breadcrumb"},"inLanguage":"es","potentialAction":[{"@type":"ReadAction","target":["https:\/\/www.arrendleasing.com\/gt\/servicios\/leasing\/leaseback\/"]}]},{"@type":"BreadcrumbList","@id":"https:\/\/www.arrendleasing.com\/gt\/servicios\/leasing\/leaseback\/#breadcrumb","itemListElement":[{"@type":"ListItem","position":1,"name":"Portada","item":"https:\/\/www.arrendleasing.com\/gt\/"},{"@type":"ListItem","position":2,"name":"Servicios","item":"https:\/\/www.arrendleasing.com\/gt\/servicios\/"},{"@type":"ListItem","position":3,"name":"Leasing","item":"https:\/\/www.arrendleasing.com\/gt\/servicios\/leasing\/"},{"@type":"ListItem","position":4,"name":"Leaseback"}]},{"@type":"WebSite","@id":"https:\/\/www.arrendleasing.com\/gt\/#website","url":"https:\/\/www.arrendleasing.com\/gt\/","name":"Arrend Guatemala","description":"ARREND una instituci\u00f3n financiera privada que ofrece servicios financieros innovadores, como Leasing y Factoraje, as\u00ed como pr\u00e9stamos convencionales","publisher":{"@id":"https:\/\/www.arrendleasing.com\/gt\/#organization"},"potentialAction":[{"@type":"SearchAction","target":{"@type":"EntryPoint","urlTemplate":"https:\/\/www.arrendleasing.com\/gt\/?s={search_term_string}"},"query-input":{"@type":"PropertyValueSpecification","valueRequired":true,"valueName":"search_term_string"}}],"inLanguage":"es"},{"@type":"Organization","@id":"https:\/\/www.arrendleasing.com\/gt\/#organization","name":"Arrend","url":"https:\/\/www.arrendleasing.com\/gt\/","logo":{"@type":"ImageObject","inLanguage":"es","@id":"https:\/\/www.arrendleasing.com\/gt\/#\/schema\/logo\/image\/","url":"https:\/\/www.arrendleasing.com\/gt\/files\/2017\/07\/Logo-Arrend-Nuevo.png","contentUrl":"https:\/\/www.arrendleasing.com\/gt\/files\/2017\/07\/Logo-Arrend-Nuevo.png","width":4728,"height":1908,"caption":"Arrend"},"image":{"@id":"https:\/\/www.arrendleasing.com\/gt\/#\/schema\/logo\/image\/"},"sameAs":["https:\/\/www.facebook.com\/ArrendLeasingGuatemala","https:\/\/www.instagram.com\/arrend_leasing\/"]}]}},"jetpack_sharing_enabled":true,"_links":{"self":[{"href":"https:\/\/www.arrendleasing.com\/gt\/wp-json\/wp\/v2\/pages\/8959","targetHints":{"allow":["GET"]}}],"collection":[{"href":"https:\/\/www.arrendleasing.com\/gt\/wp-json\/wp\/v2\/pages"}],"about":[{"href":"https:\/\/www.arrendleasing.com\/gt\/wp-json\/wp\/v2\/types\/page"}],"author":[{"embeddable":true,"href":"https:\/\/www.arrendleasing.com\/gt\/wp-json\/wp\/v2\/users\/1"}],"replies":[{"embeddable":true,"href":"https:\/\/www.arrendleasing.com\/gt\/wp-json\/wp\/v2\/comments?post=8959"}],"version-history":[{"count":6,"href":"https:\/\/www.arrendleasing.com\/gt\/wp-json\/wp\/v2\/pages\/8959\/revisions"}],"predecessor-version":[{"id":9391,"href":"https:\/\/www.arrendleasing.com\/gt\/wp-json\/wp\/v2\/pages\/8959\/revisions\/9391"}],"up":[{"embeddable":true,"href":"https:\/\/www.arrendleasing.com\/gt\/wp-json\/wp\/v2\/pages\/7"}],"wp:attachment":[{"href":"https:\/\/www.arrendleasing.com\/gt\/wp-json\/wp\/v2\/media?parent=8959"}],"curies":[{"name":"wp","href":"https:\/\/api.w.org\/{rel}","templated":true}]}}