{"id":9,"date":"2017-01-02T01:38:03","date_gmt":"2017-01-02T07:38:03","guid":{"rendered":"http:\/\/192.168.1.177\/leasing-16\/?page_id=9"},"modified":"2017-12-07T16:50:56","modified_gmt":"2017-12-07T22:50:56","slug":"inmobiliario","status":"publish","type":"page","link":"https:\/\/www.arrendleasing.com\/gt\/servicios\/leasing\/inmobiliario\/","title":{"rendered":"Inmobiliario"},"content":{"rendered":"<h2>\u00bfQu\u00e9 es Leasing Inmobiliario?<\/h2>\n<p>Es una opci\u00f3n de financiamiento que permite adquirir bienes inmuebles productivos mediante un contrato de arrendamiento con opci\u00f3n a compra, con beneficios fiscales, contables y financieros; en el cual la garant\u00eda del bien es la propiedad.<\/p>\n<p><strong>Bienes sujetos a leasing:<\/strong><\/p>\n<ul>\n<li>Oficinas<\/li>\n<li>Cl\u00ednicas<\/li>\n<li>Bodegas<\/li>\n<li>Ofibodegas<\/li>\n<li>Locales Comerciales<\/li>\n<li>Apartamentos para inversi\u00f3n<\/li>\n<li>Casas con fines comerciales<\/li>\n<\/ul>\n","protected":false},"excerpt":{"rendered":"<p>\u00bfQu\u00e9 es Leasing Inmobiliario? Es una opci\u00f3n de financiamiento que permite adquirir bienes inmuebles productivos mediante un contrato de arrendamiento con opci\u00f3n a compra, con beneficios fiscales, contables y financieros; en el cual la garant\u00eda del bien es la propiedad. Bienes sujetos a leasing: Oficinas Cl\u00ednicas Bodegas Ofibodegas Locales Comerciales Apartamentos para inversi\u00f3n Casas con [&hellip;]<\/p>\n","protected":false},"author":1,"featured_media":0,"parent":7,"menu_order":3,"comment_status":"closed","ping_status":"closed","template":"interior-leasing.php","meta":{"_acf_changed":false,"footnotes":""},"class_list":["post-9","page","type-page","status-publish","hentry"],"acf":[],"yoast_head":"<!-- This site is optimized with the Yoast SEO plugin v24.1 - https:\/\/yoast.com\/wordpress\/plugins\/seo\/ -->\n<title>Leasing Inmobiliario | Arrend Guatemala<\/title>\n<meta name=\"description\" content=\"\u00bfQu\u00e9 es Leasing Inmobiliario? Es una opci\u00f3n de financiamiento que permite adquirir bienes inmuebles productivos mediante un contrato de arrendamiento con\" \/>\n<meta name=\"robots\" content=\"index, follow, max-snippet:-1, max-image-preview:large, max-video-preview:-1\" \/>\n<link rel=\"canonical\" href=\"https:\/\/www.arrendleasing.com\/gt\/servicios\/leasing\/inmobiliario\/\" \/>\n<meta property=\"og:locale\" content=\"es_ES\" \/>\n<meta property=\"og:type\" content=\"article\" \/>\n<meta property=\"og:title\" content=\"Leasing Inmobiliario | Arrend Guatemala\" \/>\n<meta property=\"og:description\" content=\"\u00bfQu\u00e9 es Leasing Inmobiliario? Es una opci\u00f3n de financiamiento que permite adquirir bienes inmuebles productivos mediante un contrato de arrendamiento con\" \/>\n<meta property=\"og:url\" content=\"https:\/\/www.arrendleasing.com\/gt\/servicios\/leasing\/inmobiliario\/\" \/>\n<meta property=\"og:site_name\" content=\"Arrend Guatemala\" \/>\n<meta property=\"article:publisher\" content=\"https:\/\/www.facebook.com\/ArrendLeasingGuatemala\" \/>\n<meta property=\"article:modified_time\" content=\"2017-12-07T22:50:56+00:00\" \/>\n<meta name=\"twitter:card\" content=\"summary_large_image\" \/>\n<script type=\"application\/ld+json\" class=\"yoast-schema-graph\">{\"@context\":\"https:\/\/schema.org\",\"@graph\":[{\"@type\":\"WebPage\",\"@id\":\"https:\/\/www.arrendleasing.com\/gt\/servicios\/leasing\/inmobiliario\/\",\"url\":\"https:\/\/www.arrendleasing.com\/gt\/servicios\/leasing\/inmobiliario\/\",\"name\":\"Leasing Inmobiliario | Arrend Guatemala\",\"isPartOf\":{\"@id\":\"https:\/\/www.arrendleasing.com\/gt\/#website\"},\"datePublished\":\"2017-01-02T07:38:03+00:00\",\"dateModified\":\"2017-12-07T22:50:56+00:00\",\"description\":\"\u00bfQu\u00e9 es Leasing Inmobiliario? Es una opci\u00f3n de financiamiento que permite adquirir bienes inmuebles productivos mediante un contrato de arrendamiento con\",\"breadcrumb\":{\"@id\":\"https:\/\/www.arrendleasing.com\/gt\/servicios\/leasing\/inmobiliario\/#breadcrumb\"},\"inLanguage\":\"es\",\"potentialAction\":[{\"@type\":\"ReadAction\",\"target\":[\"https:\/\/www.arrendleasing.com\/gt\/servicios\/leasing\/inmobiliario\/\"]}]},{\"@type\":\"BreadcrumbList\",\"@id\":\"https:\/\/www.arrendleasing.com\/gt\/servicios\/leasing\/inmobiliario\/#breadcrumb\",\"itemListElement\":[{\"@type\":\"ListItem\",\"position\":1,\"name\":\"Portada\",\"item\":\"https:\/\/www.arrendleasing.com\/gt\/\"},{\"@type\":\"ListItem\",\"position\":2,\"name\":\"Servicios\",\"item\":\"https:\/\/www.arrendleasing.com\/gt\/servicios\/\"},{\"@type\":\"ListItem\",\"position\":3,\"name\":\"Leasing\",\"item\":\"https:\/\/www.arrendleasing.com\/gt\/servicios\/leasing\/\"},{\"@type\":\"ListItem\",\"position\":4,\"name\":\"Inmobiliario\"}]},{\"@type\":\"WebSite\",\"@id\":\"https:\/\/www.arrendleasing.com\/gt\/#website\",\"url\":\"https:\/\/www.arrendleasing.com\/gt\/\",\"name\":\"Arrend Guatemala\",\"description\":\"ARREND una instituci\u00f3n financiera privada que ofrece servicios financieros innovadores, como Leasing y Factoraje, as\u00ed como pr\u00e9stamos convencionales\",\"publisher\":{\"@id\":\"https:\/\/www.arrendleasing.com\/gt\/#organization\"},\"potentialAction\":[{\"@type\":\"SearchAction\",\"target\":{\"@type\":\"EntryPoint\",\"urlTemplate\":\"https:\/\/www.arrendleasing.com\/gt\/?s={search_term_string}\"},\"query-input\":{\"@type\":\"PropertyValueSpecification\",\"valueRequired\":true,\"valueName\":\"search_term_string\"}}],\"inLanguage\":\"es\"},{\"@type\":\"Organization\",\"@id\":\"https:\/\/www.arrendleasing.com\/gt\/#organization\",\"name\":\"Arrend\",\"url\":\"https:\/\/www.arrendleasing.com\/gt\/\",\"logo\":{\"@type\":\"ImageObject\",\"inLanguage\":\"es\",\"@id\":\"https:\/\/www.arrendleasing.com\/gt\/#\/schema\/logo\/image\/\",\"url\":\"https:\/\/www.arrendleasing.com\/gt\/files\/2017\/07\/Logo-Arrend-Nuevo.png\",\"contentUrl\":\"https:\/\/www.arrendleasing.com\/gt\/files\/2017\/07\/Logo-Arrend-Nuevo.png\",\"width\":4728,\"height\":1908,\"caption\":\"Arrend\"},\"image\":{\"@id\":\"https:\/\/www.arrendleasing.com\/gt\/#\/schema\/logo\/image\/\"},\"sameAs\":[\"https:\/\/www.facebook.com\/ArrendLeasingGuatemala\",\"https:\/\/www.instagram.com\/arrend_leasing\/\"]}]}<\/script>\n<!-- \/ Yoast SEO plugin. -->","yoast_head_json":{"title":"Leasing Inmobiliario | Arrend Guatemala","description":"\u00bfQu\u00e9 es Leasing Inmobiliario? Es una opci\u00f3n de financiamiento que permite adquirir bienes inmuebles productivos mediante un contrato de arrendamiento con","robots":{"index":"index","follow":"follow","max-snippet":"max-snippet:-1","max-image-preview":"max-image-preview:large","max-video-preview":"max-video-preview:-1"},"canonical":"https:\/\/www.arrendleasing.com\/gt\/servicios\/leasing\/inmobiliario\/","og_locale":"es_ES","og_type":"article","og_title":"Leasing Inmobiliario | Arrend Guatemala","og_description":"\u00bfQu\u00e9 es Leasing Inmobiliario? Es una opci\u00f3n de financiamiento que permite adquirir bienes inmuebles productivos mediante un contrato de arrendamiento con","og_url":"https:\/\/www.arrendleasing.com\/gt\/servicios\/leasing\/inmobiliario\/","og_site_name":"Arrend Guatemala","article_publisher":"https:\/\/www.facebook.com\/ArrendLeasingGuatemala","article_modified_time":"2017-12-07T22:50:56+00:00","twitter_card":"summary_large_image","schema":{"@context":"https:\/\/schema.org","@graph":[{"@type":"WebPage","@id":"https:\/\/www.arrendleasing.com\/gt\/servicios\/leasing\/inmobiliario\/","url":"https:\/\/www.arrendleasing.com\/gt\/servicios\/leasing\/inmobiliario\/","name":"Leasing Inmobiliario | Arrend Guatemala","isPartOf":{"@id":"https:\/\/www.arrendleasing.com\/gt\/#website"},"datePublished":"2017-01-02T07:38:03+00:00","dateModified":"2017-12-07T22:50:56+00:00","description":"\u00bfQu\u00e9 es Leasing Inmobiliario? Es una opci\u00f3n de financiamiento que permite adquirir bienes inmuebles productivos mediante un contrato de arrendamiento con","breadcrumb":{"@id":"https:\/\/www.arrendleasing.com\/gt\/servicios\/leasing\/inmobiliario\/#breadcrumb"},"inLanguage":"es","potentialAction":[{"@type":"ReadAction","target":["https:\/\/www.arrendleasing.com\/gt\/servicios\/leasing\/inmobiliario\/"]}]},{"@type":"BreadcrumbList","@id":"https:\/\/www.arrendleasing.com\/gt\/servicios\/leasing\/inmobiliario\/#breadcrumb","itemListElement":[{"@type":"ListItem","position":1,"name":"Portada","item":"https:\/\/www.arrendleasing.com\/gt\/"},{"@type":"ListItem","position":2,"name":"Servicios","item":"https:\/\/www.arrendleasing.com\/gt\/servicios\/"},{"@type":"ListItem","position":3,"name":"Leasing","item":"https:\/\/www.arrendleasing.com\/gt\/servicios\/leasing\/"},{"@type":"ListItem","position":4,"name":"Inmobiliario"}]},{"@type":"WebSite","@id":"https:\/\/www.arrendleasing.com\/gt\/#website","url":"https:\/\/www.arrendleasing.com\/gt\/","name":"Arrend Guatemala","description":"ARREND una instituci\u00f3n financiera privada que ofrece servicios financieros innovadores, como Leasing y Factoraje, as\u00ed como pr\u00e9stamos convencionales","publisher":{"@id":"https:\/\/www.arrendleasing.com\/gt\/#organization"},"potentialAction":[{"@type":"SearchAction","target":{"@type":"EntryPoint","urlTemplate":"https:\/\/www.arrendleasing.com\/gt\/?s={search_term_string}"},"query-input":{"@type":"PropertyValueSpecification","valueRequired":true,"valueName":"search_term_string"}}],"inLanguage":"es"},{"@type":"Organization","@id":"https:\/\/www.arrendleasing.com\/gt\/#organization","name":"Arrend","url":"https:\/\/www.arrendleasing.com\/gt\/","logo":{"@type":"ImageObject","inLanguage":"es","@id":"https:\/\/www.arrendleasing.com\/gt\/#\/schema\/logo\/image\/","url":"https:\/\/www.arrendleasing.com\/gt\/files\/2017\/07\/Logo-Arrend-Nuevo.png","contentUrl":"https:\/\/www.arrendleasing.com\/gt\/files\/2017\/07\/Logo-Arrend-Nuevo.png","width":4728,"height":1908,"caption":"Arrend"},"image":{"@id":"https:\/\/www.arrendleasing.com\/gt\/#\/schema\/logo\/image\/"},"sameAs":["https:\/\/www.facebook.com\/ArrendLeasingGuatemala","https:\/\/www.instagram.com\/arrend_leasing\/"]}]}},"jetpack_sharing_enabled":true,"_links":{"self":[{"href":"https:\/\/www.arrendleasing.com\/gt\/wp-json\/wp\/v2\/pages\/9","targetHints":{"allow":["GET"]}}],"collection":[{"href":"https:\/\/www.arrendleasing.com\/gt\/wp-json\/wp\/v2\/pages"}],"about":[{"href":"https:\/\/www.arrendleasing.com\/gt\/wp-json\/wp\/v2\/types\/page"}],"author":[{"embeddable":true,"href":"https:\/\/www.arrendleasing.com\/gt\/wp-json\/wp\/v2\/users\/1"}],"replies":[{"embeddable":true,"href":"https:\/\/www.arrendleasing.com\/gt\/wp-json\/wp\/v2\/comments?post=9"}],"version-history":[{"count":5,"href":"https:\/\/www.arrendleasing.com\/gt\/wp-json\/wp\/v2\/pages\/9\/revisions"}],"predecessor-version":[{"id":1433,"href":"https:\/\/www.arrendleasing.com\/gt\/wp-json\/wp\/v2\/pages\/9\/revisions\/1433"}],"up":[{"embeddable":true,"href":"https:\/\/www.arrendleasing.com\/gt\/wp-json\/wp\/v2\/pages\/7"}],"wp:attachment":[{"href":"https:\/\/www.arrendleasing.com\/gt\/wp-json\/wp\/v2\/media?parent=9"}],"curies":[{"name":"wp","href":"https:\/\/api.w.org\/{rel}","templated":true}]}}