{"id":906,"date":"2017-02-23T18:26:18","date_gmt":"2017-02-24T00:26:18","guid":{"rendered":"http:\/\/192.168.1.177\/arrend-leasing\/gt\/?page_id=906"},"modified":"2017-12-07T17:15:23","modified_gmt":"2017-12-07T23:15:23","slug":"arrendautos","status":"publish","type":"page","link":"https:\/\/www.arrendleasing.com\/gt\/servicios\/otros\/arrendautos\/","title":{"rendered":"ARRENDAUTOS"},"content":{"rendered":"<p>Figura crediticia dise\u00f1ada exclusivamente para veh\u00edculos Semi-Nuevos y para personas individuales<\/p>\n<p>Ofrece a los clientes facilidades de cr\u00e9dito para poder adquirir su veh\u00edculo Semi-Nuevo a una tasa de inter\u00e9s c\u00f3moda.<\/p>\n<p><strong>REQUISITOS<\/strong><\/p>\n<ul>\n<li>Solicitud de Cr\u00e9dito.<\/li>\n<li>Fotocopia del DPI.<\/li>\n<li>Certificaci\u00f3n de Ingresos \/ Carta de Ingresos.<\/li>\n<li>\u00daltimos 3 Estados de Cuenta Bancarios meses cerrados.<\/li>\n<li>Copia constancia de NIT.<\/li>\n<li>Recibo de Agua o de Luz.<\/li>\n<\/ul>\n<p>Aval\u00fao Comercial y, si el carro es Rodado, Certificado de Procedencia.<\/p>\n","protected":false},"excerpt":{"rendered":"<p>Figura crediticia dise\u00f1ada exclusivamente para veh\u00edculos Semi-Nuevos y para personas individuales Ofrece a los clientes facilidades de cr\u00e9dito para poder adquirir su veh\u00edculo Semi-Nuevo a una tasa de inter\u00e9s c\u00f3moda. REQUISITOS Solicitud de Cr\u00e9dito. Fotocopia del DPI. Certificaci\u00f3n de Ingresos \/ Carta de Ingresos. \u00daltimos 3 Estados de Cuenta Bancarios meses cerrados. Copia constancia de [&hellip;]<\/p>\n","protected":false},"author":1,"featured_media":0,"parent":331,"menu_order":3,"comment_status":"closed","ping_status":"closed","template":"interior-leasing.php","meta":{"_acf_changed":false,"footnotes":""},"class_list":["post-906","page","type-page","status-publish","hentry"],"acf":[],"yoast_head":"<!-- This site is optimized with the Yoast SEO plugin v24.1 - https:\/\/yoast.com\/wordpress\/plugins\/seo\/ -->\n<title>ARRENDAUTOS | Arrend Guatemala<\/title>\n<meta name=\"description\" content=\"Figura crediticia dise\u00f1ada exclusivamente para veh\u00edculos Semi-Nuevos y para personas individuales Ofrece a los clientes facilidades de cr\u00e9dito para poder\" \/>\n<meta name=\"robots\" content=\"index, follow, max-snippet:-1, max-image-preview:large, max-video-preview:-1\" \/>\n<link rel=\"canonical\" href=\"https:\/\/www.arrendleasing.com\/gt\/servicios\/otros\/arrendautos\/\" \/>\n<meta property=\"og:locale\" content=\"es_ES\" \/>\n<meta property=\"og:type\" content=\"article\" \/>\n<meta property=\"og:title\" content=\"ARRENDAUTOS | Arrend Guatemala\" \/>\n<meta property=\"og:description\" content=\"Figura crediticia dise\u00f1ada exclusivamente para veh\u00edculos Semi-Nuevos y para personas individuales Ofrece a los clientes facilidades de cr\u00e9dito para poder\" \/>\n<meta property=\"og:url\" content=\"https:\/\/www.arrendleasing.com\/gt\/servicios\/otros\/arrendautos\/\" \/>\n<meta property=\"og:site_name\" content=\"Arrend Guatemala\" \/>\n<meta property=\"article:publisher\" content=\"https:\/\/www.facebook.com\/ArrendLeasingGuatemala\" \/>\n<meta property=\"article:modified_time\" content=\"2017-12-07T23:15:23+00:00\" \/>\n<meta name=\"twitter:card\" content=\"summary_large_image\" \/>\n<script type=\"application\/ld+json\" class=\"yoast-schema-graph\">{\"@context\":\"https:\/\/schema.org\",\"@graph\":[{\"@type\":\"WebPage\",\"@id\":\"https:\/\/www.arrendleasing.com\/gt\/servicios\/otros\/arrendautos\/\",\"url\":\"https:\/\/www.arrendleasing.com\/gt\/servicios\/otros\/arrendautos\/\",\"name\":\"ARRENDAUTOS | Arrend Guatemala\",\"isPartOf\":{\"@id\":\"https:\/\/www.arrendleasing.com\/gt\/#website\"},\"datePublished\":\"2017-02-24T00:26:18+00:00\",\"dateModified\":\"2017-12-07T23:15:23+00:00\",\"description\":\"Figura crediticia dise\u00f1ada exclusivamente para veh\u00edculos Semi-Nuevos y para personas individuales Ofrece a los clientes facilidades de cr\u00e9dito para poder\",\"breadcrumb\":{\"@id\":\"https:\/\/www.arrendleasing.com\/gt\/servicios\/otros\/arrendautos\/#breadcrumb\"},\"inLanguage\":\"es\",\"potentialAction\":[{\"@type\":\"ReadAction\",\"target\":[\"https:\/\/www.arrendleasing.com\/gt\/servicios\/otros\/arrendautos\/\"]}]},{\"@type\":\"BreadcrumbList\",\"@id\":\"https:\/\/www.arrendleasing.com\/gt\/servicios\/otros\/arrendautos\/#breadcrumb\",\"itemListElement\":[{\"@type\":\"ListItem\",\"position\":1,\"name\":\"Portada\",\"item\":\"https:\/\/www.arrendleasing.com\/gt\/\"},{\"@type\":\"ListItem\",\"position\":2,\"name\":\"Servicios\",\"item\":\"https:\/\/www.arrendleasing.com\/gt\/servicios\/\"},{\"@type\":\"ListItem\",\"position\":3,\"name\":\"Otros\",\"item\":\"https:\/\/www.arrendleasing.com\/gt\/servicios\/otros\/\"},{\"@type\":\"ListItem\",\"position\":4,\"name\":\"ARRENDAUTOS\"}]},{\"@type\":\"WebSite\",\"@id\":\"https:\/\/www.arrendleasing.com\/gt\/#website\",\"url\":\"https:\/\/www.arrendleasing.com\/gt\/\",\"name\":\"Arrend Guatemala\",\"description\":\"ARREND una instituci\u00f3n financiera privada que ofrece servicios financieros innovadores, como Leasing y Factoraje, as\u00ed como pr\u00e9stamos convencionales\",\"publisher\":{\"@id\":\"https:\/\/www.arrendleasing.com\/gt\/#organization\"},\"potentialAction\":[{\"@type\":\"SearchAction\",\"target\":{\"@type\":\"EntryPoint\",\"urlTemplate\":\"https:\/\/www.arrendleasing.com\/gt\/?s={search_term_string}\"},\"query-input\":{\"@type\":\"PropertyValueSpecification\",\"valueRequired\":true,\"valueName\":\"search_term_string\"}}],\"inLanguage\":\"es\"},{\"@type\":\"Organization\",\"@id\":\"https:\/\/www.arrendleasing.com\/gt\/#organization\",\"name\":\"Arrend\",\"url\":\"https:\/\/www.arrendleasing.com\/gt\/\",\"logo\":{\"@type\":\"ImageObject\",\"inLanguage\":\"es\",\"@id\":\"https:\/\/www.arrendleasing.com\/gt\/#\/schema\/logo\/image\/\",\"url\":\"https:\/\/www.arrendleasing.com\/gt\/files\/2017\/07\/Logo-Arrend-Nuevo.png\",\"contentUrl\":\"https:\/\/www.arrendleasing.com\/gt\/files\/2017\/07\/Logo-Arrend-Nuevo.png\",\"width\":4728,\"height\":1908,\"caption\":\"Arrend\"},\"image\":{\"@id\":\"https:\/\/www.arrendleasing.com\/gt\/#\/schema\/logo\/image\/\"},\"sameAs\":[\"https:\/\/www.facebook.com\/ArrendLeasingGuatemala\",\"https:\/\/www.instagram.com\/arrend_leasing\/\"]}]}<\/script>\n<!-- \/ Yoast SEO plugin. -->","yoast_head_json":{"title":"ARRENDAUTOS | Arrend Guatemala","description":"Figura crediticia dise\u00f1ada exclusivamente para veh\u00edculos Semi-Nuevos y para personas individuales Ofrece a los clientes facilidades de cr\u00e9dito para poder","robots":{"index":"index","follow":"follow","max-snippet":"max-snippet:-1","max-image-preview":"max-image-preview:large","max-video-preview":"max-video-preview:-1"},"canonical":"https:\/\/www.arrendleasing.com\/gt\/servicios\/otros\/arrendautos\/","og_locale":"es_ES","og_type":"article","og_title":"ARRENDAUTOS | Arrend Guatemala","og_description":"Figura crediticia dise\u00f1ada exclusivamente para veh\u00edculos Semi-Nuevos y para personas individuales Ofrece a los clientes facilidades de cr\u00e9dito para poder","og_url":"https:\/\/www.arrendleasing.com\/gt\/servicios\/otros\/arrendautos\/","og_site_name":"Arrend Guatemala","article_publisher":"https:\/\/www.facebook.com\/ArrendLeasingGuatemala","article_modified_time":"2017-12-07T23:15:23+00:00","twitter_card":"summary_large_image","schema":{"@context":"https:\/\/schema.org","@graph":[{"@type":"WebPage","@id":"https:\/\/www.arrendleasing.com\/gt\/servicios\/otros\/arrendautos\/","url":"https:\/\/www.arrendleasing.com\/gt\/servicios\/otros\/arrendautos\/","name":"ARRENDAUTOS | Arrend Guatemala","isPartOf":{"@id":"https:\/\/www.arrendleasing.com\/gt\/#website"},"datePublished":"2017-02-24T00:26:18+00:00","dateModified":"2017-12-07T23:15:23+00:00","description":"Figura crediticia dise\u00f1ada exclusivamente para veh\u00edculos Semi-Nuevos y para personas individuales Ofrece a los clientes facilidades de cr\u00e9dito para poder","breadcrumb":{"@id":"https:\/\/www.arrendleasing.com\/gt\/servicios\/otros\/arrendautos\/#breadcrumb"},"inLanguage":"es","potentialAction":[{"@type":"ReadAction","target":["https:\/\/www.arrendleasing.com\/gt\/servicios\/otros\/arrendautos\/"]}]},{"@type":"BreadcrumbList","@id":"https:\/\/www.arrendleasing.com\/gt\/servicios\/otros\/arrendautos\/#breadcrumb","itemListElement":[{"@type":"ListItem","position":1,"name":"Portada","item":"https:\/\/www.arrendleasing.com\/gt\/"},{"@type":"ListItem","position":2,"name":"Servicios","item":"https:\/\/www.arrendleasing.com\/gt\/servicios\/"},{"@type":"ListItem","position":3,"name":"Otros","item":"https:\/\/www.arrendleasing.com\/gt\/servicios\/otros\/"},{"@type":"ListItem","position":4,"name":"ARRENDAUTOS"}]},{"@type":"WebSite","@id":"https:\/\/www.arrendleasing.com\/gt\/#website","url":"https:\/\/www.arrendleasing.com\/gt\/","name":"Arrend Guatemala","description":"ARREND una instituci\u00f3n financiera privada que ofrece servicios financieros innovadores, como Leasing y Factoraje, as\u00ed como pr\u00e9stamos convencionales","publisher":{"@id":"https:\/\/www.arrendleasing.com\/gt\/#organization"},"potentialAction":[{"@type":"SearchAction","target":{"@type":"EntryPoint","urlTemplate":"https:\/\/www.arrendleasing.com\/gt\/?s={search_term_string}"},"query-input":{"@type":"PropertyValueSpecification","valueRequired":true,"valueName":"search_term_string"}}],"inLanguage":"es"},{"@type":"Organization","@id":"https:\/\/www.arrendleasing.com\/gt\/#organization","name":"Arrend","url":"https:\/\/www.arrendleasing.com\/gt\/","logo":{"@type":"ImageObject","inLanguage":"es","@id":"https:\/\/www.arrendleasing.com\/gt\/#\/schema\/logo\/image\/","url":"https:\/\/www.arrendleasing.com\/gt\/files\/2017\/07\/Logo-Arrend-Nuevo.png","contentUrl":"https:\/\/www.arrendleasing.com\/gt\/files\/2017\/07\/Logo-Arrend-Nuevo.png","width":4728,"height":1908,"caption":"Arrend"},"image":{"@id":"https:\/\/www.arrendleasing.com\/gt\/#\/schema\/logo\/image\/"},"sameAs":["https:\/\/www.facebook.com\/ArrendLeasingGuatemala","https:\/\/www.instagram.com\/arrend_leasing\/"]}]}},"jetpack_sharing_enabled":true,"_links":{"self":[{"href":"https:\/\/www.arrendleasing.com\/gt\/wp-json\/wp\/v2\/pages\/906","targetHints":{"allow":["GET"]}}],"collection":[{"href":"https:\/\/www.arrendleasing.com\/gt\/wp-json\/wp\/v2\/pages"}],"about":[{"href":"https:\/\/www.arrendleasing.com\/gt\/wp-json\/wp\/v2\/types\/page"}],"author":[{"embeddable":true,"href":"https:\/\/www.arrendleasing.com\/gt\/wp-json\/wp\/v2\/users\/1"}],"replies":[{"embeddable":true,"href":"https:\/\/www.arrendleasing.com\/gt\/wp-json\/wp\/v2\/comments?post=906"}],"version-history":[{"count":5,"href":"https:\/\/www.arrendleasing.com\/gt\/wp-json\/wp\/v2\/pages\/906\/revisions"}],"predecessor-version":[{"id":1437,"href":"https:\/\/www.arrendleasing.com\/gt\/wp-json\/wp\/v2\/pages\/906\/revisions\/1437"}],"up":[{"embeddable":true,"href":"https:\/\/www.arrendleasing.com\/gt\/wp-json\/wp\/v2\/pages\/331"}],"wp:attachment":[{"href":"https:\/\/www.arrendleasing.com\/gt\/wp-json\/wp\/v2\/media?parent=906"}],"curies":[{"name":"wp","href":"https:\/\/api.w.org\/{rel}","templated":true}]}}