{"id":1094,"date":"2017-03-08T21:38:11","date_gmt":"2017-03-08T21:38:11","guid":{"rendered":"https:\/\/www.arrendleasing.com\/hn\/?page_id=1094"},"modified":"2017-07-26T13:53:55","modified_gmt":"2017-07-26T13:53:55","slug":"oportunidades-laboral","status":"publish","type":"page","link":"https:\/\/www.arrendleasing.com\/hn\/nosotros\/oportunidades-laboral\/","title":{"rendered":"Oportunidades Laboral"},"content":{"rendered":"<h2 style=\"text-align: center;\">\u00bfQUIERES FORMAR PARTE DEL EQUIPO DE ARREND?<\/h2>\n<p>&nbsp;<\/p>\n<p style=\"text-align: center;\"><strong>\u00a1Nos interesa tu experiencia!<\/strong><\/p>\n<p style=\"text-align: center;\">Si te gustan los retos te invitamos a formar parte del equipo de Arrend llenando el siguiente formulario y envi\u00e1ndonos tu Curriculum actualizado.<\/p>\n<h3 style=\"text-align: center;\">\u00a1En <strong><span style=\"color: #c8102e;\">ARREND<\/span><\/strong> trabajamos en equipo y amamos lo que hacemos!<\/h3>\n","protected":false},"excerpt":{"rendered":"<p>\u00bfQUIERES FORMAR PARTE DEL EQUIPO DE ARREND? &nbsp; \u00a1Nos interesa tu experiencia! Si te gustan los retos te invitamos a formar parte del equipo de Arrend llenando el siguiente formulario y envi\u00e1ndonos tu Curriculum actualizado. \u00a1En ARREND trabajamos en equipo y amamos lo que hacemos!<\/p>\n","protected":false},"author":1,"featured_media":0,"parent":1088,"menu_order":2,"comment_status":"closed","ping_status":"closed","template":"oportunidades.php","meta":{"_acf_changed":false,"footnotes":""},"class_list":["post-1094","page","type-page","status-publish","hentry"],"acf":[],"yoast_head":"<!-- This site is optimized with the Yoast SEO plugin v24.1 - https:\/\/yoast.com\/wordpress\/plugins\/seo\/ -->\n<title>Oportunidades Laboral - Arrend Honduras<\/title>\n<meta name=\"robots\" content=\"index, follow, max-snippet:-1, max-image-preview:large, max-video-preview:-1\" \/>\n<link rel=\"canonical\" href=\"https:\/\/www.arrendleasing.com\/hn\/nosotros\/oportunidades-laboral\/\" \/>\n<meta property=\"og:locale\" content=\"es_ES\" \/>\n<meta property=\"og:type\" content=\"article\" \/>\n<meta property=\"og:title\" content=\"Oportunidades Laboral - Arrend Honduras\" \/>\n<meta property=\"og:description\" content=\"\u00bfQUIERES FORMAR PARTE DEL EQUIPO DE ARREND? &nbsp; \u00a1Nos interesa tu experiencia! Si te gustan los retos te invitamos a formar parte del equipo de Arrend llenando el siguiente formulario y envi\u00e1ndonos tu Curriculum actualizado. \u00a1En ARREND trabajamos en equipo y amamos lo que hacemos!\" \/>\n<meta property=\"og:url\" content=\"https:\/\/www.arrendleasing.com\/hn\/nosotros\/oportunidades-laboral\/\" \/>\n<meta property=\"og:site_name\" content=\"Arrend Honduras\" \/>\n<meta property=\"article:modified_time\" content=\"2017-07-26T13:53:55+00:00\" \/>\n<meta name=\"twitter:card\" content=\"summary_large_image\" \/>\n<script type=\"application\/ld+json\" class=\"yoast-schema-graph\">{\"@context\":\"https:\/\/schema.org\",\"@graph\":[{\"@type\":\"WebPage\",\"@id\":\"https:\/\/www.arrendleasing.com\/hn\/nosotros\/oportunidades-laboral\/\",\"url\":\"https:\/\/www.arrendleasing.com\/hn\/nosotros\/oportunidades-laboral\/\",\"name\":\"Oportunidades Laboral - Arrend Honduras\",\"isPartOf\":{\"@id\":\"https:\/\/www.arrendleasing.com\/hn\/#website\"},\"datePublished\":\"2017-03-08T21:38:11+00:00\",\"dateModified\":\"2017-07-26T13:53:55+00:00\",\"breadcrumb\":{\"@id\":\"https:\/\/www.arrendleasing.com\/hn\/nosotros\/oportunidades-laboral\/#breadcrumb\"},\"inLanguage\":\"es\",\"potentialAction\":[{\"@type\":\"ReadAction\",\"target\":[\"https:\/\/www.arrendleasing.com\/hn\/nosotros\/oportunidades-laboral\/\"]}]},{\"@type\":\"BreadcrumbList\",\"@id\":\"https:\/\/www.arrendleasing.com\/hn\/nosotros\/oportunidades-laboral\/#breadcrumb\",\"itemListElement\":[{\"@type\":\"ListItem\",\"position\":1,\"name\":\"Portada\",\"item\":\"https:\/\/www.arrendleasing.com\/hn\/\"},{\"@type\":\"ListItem\",\"position\":2,\"name\":\"Nosotros\",\"item\":\"https:\/\/www.arrendleasing.com\/hn\/nosotros\/\"},{\"@type\":\"ListItem\",\"position\":3,\"name\":\"Oportunidades Laboral\"}]},{\"@type\":\"WebSite\",\"@id\":\"https:\/\/www.arrendleasing.com\/hn\/#website\",\"url\":\"https:\/\/www.arrendleasing.com\/hn\/\",\"name\":\"Arrend Honduras\",\"description\":\"ARREND una instituci\u00f3n financiera privada que ofrece servicios financieros innovadores, como Leasing y Factoraje, as\u00ed como pr\u00e9stamos convencionales\",\"potentialAction\":[{\"@type\":\"SearchAction\",\"target\":{\"@type\":\"EntryPoint\",\"urlTemplate\":\"https:\/\/www.arrendleasing.com\/hn\/?s={search_term_string}\"},\"query-input\":{\"@type\":\"PropertyValueSpecification\",\"valueRequired\":true,\"valueName\":\"search_term_string\"}}],\"inLanguage\":\"es\"}]}<\/script>\n<!-- \/ Yoast SEO plugin. -->","yoast_head_json":{"title":"Oportunidades Laboral - Arrend Honduras","robots":{"index":"index","follow":"follow","max-snippet":"max-snippet:-1","max-image-preview":"max-image-preview:large","max-video-preview":"max-video-preview:-1"},"canonical":"https:\/\/www.arrendleasing.com\/hn\/nosotros\/oportunidades-laboral\/","og_locale":"es_ES","og_type":"article","og_title":"Oportunidades Laboral - Arrend Honduras","og_description":"\u00bfQUIERES FORMAR PARTE DEL EQUIPO DE ARREND? &nbsp; \u00a1Nos interesa tu experiencia! Si te gustan los retos te invitamos a formar parte del equipo de Arrend llenando el siguiente formulario y envi\u00e1ndonos tu Curriculum actualizado. \u00a1En ARREND trabajamos en equipo y amamos lo que hacemos!","og_url":"https:\/\/www.arrendleasing.com\/hn\/nosotros\/oportunidades-laboral\/","og_site_name":"Arrend Honduras","article_modified_time":"2017-07-26T13:53:55+00:00","twitter_card":"summary_large_image","schema":{"@context":"https:\/\/schema.org","@graph":[{"@type":"WebPage","@id":"https:\/\/www.arrendleasing.com\/hn\/nosotros\/oportunidades-laboral\/","url":"https:\/\/www.arrendleasing.com\/hn\/nosotros\/oportunidades-laboral\/","name":"Oportunidades Laboral - Arrend Honduras","isPartOf":{"@id":"https:\/\/www.arrendleasing.com\/hn\/#website"},"datePublished":"2017-03-08T21:38:11+00:00","dateModified":"2017-07-26T13:53:55+00:00","breadcrumb":{"@id":"https:\/\/www.arrendleasing.com\/hn\/nosotros\/oportunidades-laboral\/#breadcrumb"},"inLanguage":"es","potentialAction":[{"@type":"ReadAction","target":["https:\/\/www.arrendleasing.com\/hn\/nosotros\/oportunidades-laboral\/"]}]},{"@type":"BreadcrumbList","@id":"https:\/\/www.arrendleasing.com\/hn\/nosotros\/oportunidades-laboral\/#breadcrumb","itemListElement":[{"@type":"ListItem","position":1,"name":"Portada","item":"https:\/\/www.arrendleasing.com\/hn\/"},{"@type":"ListItem","position":2,"name":"Nosotros","item":"https:\/\/www.arrendleasing.com\/hn\/nosotros\/"},{"@type":"ListItem","position":3,"name":"Oportunidades Laboral"}]},{"@type":"WebSite","@id":"https:\/\/www.arrendleasing.com\/hn\/#website","url":"https:\/\/www.arrendleasing.com\/hn\/","name":"Arrend Honduras","description":"ARREND una instituci\u00f3n financiera privada que ofrece servicios financieros innovadores, como Leasing y Factoraje, as\u00ed como pr\u00e9stamos convencionales","potentialAction":[{"@type":"SearchAction","target":{"@type":"EntryPoint","urlTemplate":"https:\/\/www.arrendleasing.com\/hn\/?s={search_term_string}"},"query-input":{"@type":"PropertyValueSpecification","valueRequired":true,"valueName":"search_term_string"}}],"inLanguage":"es"}]}},"jetpack_sharing_enabled":true,"_links":{"self":[{"href":"https:\/\/www.arrendleasing.com\/hn\/wp-json\/wp\/v2\/pages\/1094","targetHints":{"allow":["GET"]}}],"collection":[{"href":"https:\/\/www.arrendleasing.com\/hn\/wp-json\/wp\/v2\/pages"}],"about":[{"href":"https:\/\/www.arrendleasing.com\/hn\/wp-json\/wp\/v2\/types\/page"}],"author":[{"embeddable":true,"href":"https:\/\/www.arrendleasing.com\/hn\/wp-json\/wp\/v2\/users\/1"}],"replies":[{"embeddable":true,"href":"https:\/\/www.arrendleasing.com\/hn\/wp-json\/wp\/v2\/comments?post=1094"}],"version-history":[{"count":3,"href":"https:\/\/www.arrendleasing.com\/hn\/wp-json\/wp\/v2\/pages\/1094\/revisions"}],"predecessor-version":[{"id":1238,"href":"https:\/\/www.arrendleasing.com\/hn\/wp-json\/wp\/v2\/pages\/1094\/revisions\/1238"}],"up":[{"embeddable":true,"href":"https:\/\/www.arrendleasing.com\/hn\/wp-json\/wp\/v2\/pages\/1088"}],"wp:attachment":[{"href":"https:\/\/www.arrendleasing.com\/hn\/wp-json\/wp\/v2\/media?parent=1094"}],"curies":[{"name":"wp","href":"https:\/\/api.w.org\/{rel}","templated":true}]}}