{"id":1138,"date":"2017-03-08T22:46:13","date_gmt":"2017-03-08T22:46:13","guid":{"rendered":"https:\/\/www.arrendleasing.com\/hn\/?page_id=1138"},"modified":"2024-08-07T16:03:24","modified_gmt":"2024-08-07T22:03:24","slug":"formas-de-pago","status":"publish","type":"page","link":"https:\/\/www.arrendleasing.com\/hn\/servicios\/formas-de-pago\/","title":{"rendered":"Formas de pago"},"content":{"rendered":"\n<h3>Si realizas el pago en los bancos del sistemas de manera electr\u00f3nica o f\u00edsica, recuerda enviar tu comprobante a <a href=\"mailto:pagoshn@arrendleasing.com\">pagoshn@arrendleasing.com <\/a><\/h3>\n","protected":false},"excerpt":{"rendered":"<p>Si realizas el pago en los bancos del sistemas de manera electr\u00f3nica o f\u00edsica, recuerda enviar tu comprobante a pagoshn@arrendleasing.com<\/p>\n","protected":false},"author":1,"featured_media":0,"parent":1101,"menu_order":5,"comment_status":"closed","ping_status":"closed","template":"faqs.php","meta":{"_acf_changed":false,"footnotes":""},"class_list":["post-1138","page","type-page","status-publish","hentry"],"acf":[],"yoast_head":"<!-- This site is optimized with the Yoast SEO plugin v24.1 - https:\/\/yoast.com\/wordpress\/plugins\/seo\/ -->\n<title>Formas de pago - Arrend Honduras<\/title>\n<meta name=\"robots\" content=\"index, follow, max-snippet:-1, max-image-preview:large, max-video-preview:-1\" \/>\n<link rel=\"canonical\" href=\"https:\/\/www.arrendleasing.com\/hn\/servicios\/formas-de-pago\/\" \/>\n<meta property=\"og:locale\" content=\"es_ES\" \/>\n<meta property=\"og:type\" content=\"article\" \/>\n<meta property=\"og:title\" content=\"Formas de pago - Arrend Honduras\" \/>\n<meta property=\"og:description\" content=\"Si realizas el pago en los bancos del sistemas de manera electr\u00f3nica o f\u00edsica, recuerda enviar tu comprobante a pagoshn@arrendleasing.com\" \/>\n<meta property=\"og:url\" content=\"https:\/\/www.arrendleasing.com\/hn\/servicios\/formas-de-pago\/\" \/>\n<meta property=\"og:site_name\" content=\"Arrend Honduras\" \/>\n<meta property=\"article:modified_time\" content=\"2024-08-07T22:03:24+00:00\" \/>\n<meta name=\"twitter:card\" content=\"summary_large_image\" \/>\n<meta name=\"twitter:label1\" content=\"Est. reading time\" \/>\n\t<meta name=\"twitter:data1\" content=\"1 minuto\" \/>\n<script type=\"application\/ld+json\" class=\"yoast-schema-graph\">{\"@context\":\"https:\/\/schema.org\",\"@graph\":[{\"@type\":\"WebPage\",\"@id\":\"https:\/\/www.arrendleasing.com\/hn\/servicios\/formas-de-pago\/\",\"url\":\"https:\/\/www.arrendleasing.com\/hn\/servicios\/formas-de-pago\/\",\"name\":\"Formas de pago - Arrend Honduras\",\"isPartOf\":{\"@id\":\"https:\/\/www.arrendleasing.com\/hn\/#website\"},\"datePublished\":\"2017-03-08T22:46:13+00:00\",\"dateModified\":\"2024-08-07T22:03:24+00:00\",\"breadcrumb\":{\"@id\":\"https:\/\/www.arrendleasing.com\/hn\/servicios\/formas-de-pago\/#breadcrumb\"},\"inLanguage\":\"es\",\"potentialAction\":[{\"@type\":\"ReadAction\",\"target\":[\"https:\/\/www.arrendleasing.com\/hn\/servicios\/formas-de-pago\/\"]}]},{\"@type\":\"BreadcrumbList\",\"@id\":\"https:\/\/www.arrendleasing.com\/hn\/servicios\/formas-de-pago\/#breadcrumb\",\"itemListElement\":[{\"@type\":\"ListItem\",\"position\":1,\"name\":\"Portada\",\"item\":\"https:\/\/www.arrendleasing.com\/hn\/\"},{\"@type\":\"ListItem\",\"position\":2,\"name\":\"Servicios\",\"item\":\"https:\/\/www.arrendleasing.com\/hn\/servicios\/\"},{\"@type\":\"ListItem\",\"position\":3,\"name\":\"Formas de pago\"}]},{\"@type\":\"WebSite\",\"@id\":\"https:\/\/www.arrendleasing.com\/hn\/#website\",\"url\":\"https:\/\/www.arrendleasing.com\/hn\/\",\"name\":\"Arrend Honduras\",\"description\":\"ARREND una instituci\u00f3n financiera privada que ofrece servicios financieros innovadores, como Leasing y Factoraje, as\u00ed como pr\u00e9stamos convencionales\",\"potentialAction\":[{\"@type\":\"SearchAction\",\"target\":{\"@type\":\"EntryPoint\",\"urlTemplate\":\"https:\/\/www.arrendleasing.com\/hn\/?s={search_term_string}\"},\"query-input\":{\"@type\":\"PropertyValueSpecification\",\"valueRequired\":true,\"valueName\":\"search_term_string\"}}],\"inLanguage\":\"es\"}]}<\/script>\n<!-- \/ Yoast SEO plugin. -->","yoast_head_json":{"title":"Formas de pago - Arrend Honduras","robots":{"index":"index","follow":"follow","max-snippet":"max-snippet:-1","max-image-preview":"max-image-preview:large","max-video-preview":"max-video-preview:-1"},"canonical":"https:\/\/www.arrendleasing.com\/hn\/servicios\/formas-de-pago\/","og_locale":"es_ES","og_type":"article","og_title":"Formas de pago - Arrend Honduras","og_description":"Si realizas el pago en los bancos del sistemas de manera electr\u00f3nica o f\u00edsica, recuerda enviar tu comprobante a pagoshn@arrendleasing.com","og_url":"https:\/\/www.arrendleasing.com\/hn\/servicios\/formas-de-pago\/","og_site_name":"Arrend Honduras","article_modified_time":"2024-08-07T22:03:24+00:00","twitter_card":"summary_large_image","twitter_misc":{"Est. reading time":"1 minuto"},"schema":{"@context":"https:\/\/schema.org","@graph":[{"@type":"WebPage","@id":"https:\/\/www.arrendleasing.com\/hn\/servicios\/formas-de-pago\/","url":"https:\/\/www.arrendleasing.com\/hn\/servicios\/formas-de-pago\/","name":"Formas de pago - Arrend Honduras","isPartOf":{"@id":"https:\/\/www.arrendleasing.com\/hn\/#website"},"datePublished":"2017-03-08T22:46:13+00:00","dateModified":"2024-08-07T22:03:24+00:00","breadcrumb":{"@id":"https:\/\/www.arrendleasing.com\/hn\/servicios\/formas-de-pago\/#breadcrumb"},"inLanguage":"es","potentialAction":[{"@type":"ReadAction","target":["https:\/\/www.arrendleasing.com\/hn\/servicios\/formas-de-pago\/"]}]},{"@type":"BreadcrumbList","@id":"https:\/\/www.arrendleasing.com\/hn\/servicios\/formas-de-pago\/#breadcrumb","itemListElement":[{"@type":"ListItem","position":1,"name":"Portada","item":"https:\/\/www.arrendleasing.com\/hn\/"},{"@type":"ListItem","position":2,"name":"Servicios","item":"https:\/\/www.arrendleasing.com\/hn\/servicios\/"},{"@type":"ListItem","position":3,"name":"Formas de pago"}]},{"@type":"WebSite","@id":"https:\/\/www.arrendleasing.com\/hn\/#website","url":"https:\/\/www.arrendleasing.com\/hn\/","name":"Arrend Honduras","description":"ARREND una instituci\u00f3n financiera privada que ofrece servicios financieros innovadores, como Leasing y Factoraje, as\u00ed como pr\u00e9stamos convencionales","potentialAction":[{"@type":"SearchAction","target":{"@type":"EntryPoint","urlTemplate":"https:\/\/www.arrendleasing.com\/hn\/?s={search_term_string}"},"query-input":{"@type":"PropertyValueSpecification","valueRequired":true,"valueName":"search_term_string"}}],"inLanguage":"es"}]}},"jetpack_sharing_enabled":true,"_links":{"self":[{"href":"https:\/\/www.arrendleasing.com\/hn\/wp-json\/wp\/v2\/pages\/1138","targetHints":{"allow":["GET"]}}],"collection":[{"href":"https:\/\/www.arrendleasing.com\/hn\/wp-json\/wp\/v2\/pages"}],"about":[{"href":"https:\/\/www.arrendleasing.com\/hn\/wp-json\/wp\/v2\/types\/page"}],"author":[{"embeddable":true,"href":"https:\/\/www.arrendleasing.com\/hn\/wp-json\/wp\/v2\/users\/1"}],"replies":[{"embeddable":true,"href":"https:\/\/www.arrendleasing.com\/hn\/wp-json\/wp\/v2\/comments?post=1138"}],"version-history":[{"count":19,"href":"https:\/\/www.arrendleasing.com\/hn\/wp-json\/wp\/v2\/pages\/1138\/revisions"}],"predecessor-version":[{"id":18893,"href":"https:\/\/www.arrendleasing.com\/hn\/wp-json\/wp\/v2\/pages\/1138\/revisions\/18893"}],"up":[{"embeddable":true,"href":"https:\/\/www.arrendleasing.com\/hn\/wp-json\/wp\/v2\/pages\/1101"}],"wp:attachment":[{"href":"https:\/\/www.arrendleasing.com\/hn\/wp-json\/wp\/v2\/media?parent=1138"}],"curies":[{"name":"wp","href":"https:\/\/api.w.org\/{rel}","templated":true}]}}