{"id":8129,"date":"2021-11-09T19:17:51","date_gmt":"2021-11-10T01:17:51","guid":{"rendered":"https:\/\/www.arrendleasing.com\/hn\/?page_id=8129"},"modified":"2021-11-09T19:17:54","modified_gmt":"2021-11-10T01:17:54","slug":"seminuevos","status":"publish","type":"page","link":"https:\/\/www.arrendleasing.com\/hn\/seminuevos\/","title":{"rendered":"Catalogo de Activos"},"content":{"rendered":"","protected":false},"excerpt":{"rendered":"","protected":false},"author":1,"featured_media":8130,"parent":0,"menu_order":0,"comment_status":"closed","ping_status":"closed","template":"","meta":{"_acf_changed":false,"footnotes":""},"class_list":["post-8129","page","type-page","status-publish","has-post-thumbnail","hentry"],"acf":[],"yoast_head":"<!-- This site is optimized with the Yoast SEO plugin v24.1 - https:\/\/yoast.com\/wordpress\/plugins\/seo\/ -->\n<title>Catalogo de Activos - Arrend Honduras<\/title>\n<meta name=\"robots\" content=\"index, follow, max-snippet:-1, max-image-preview:large, max-video-preview:-1\" \/>\n<link rel=\"canonical\" href=\"https:\/\/www.arrendleasing.com\/hn\/seminuevos\/\" \/>\n<meta property=\"og:locale\" content=\"es_ES\" \/>\n<meta property=\"og:type\" content=\"article\" \/>\n<meta property=\"og:title\" content=\"Catalogo de Activos - Arrend Honduras\" \/>\n<meta property=\"og:url\" content=\"https:\/\/www.arrendleasing.com\/hn\/seminuevos\/\" \/>\n<meta property=\"og:site_name\" content=\"Arrend Honduras\" \/>\n<meta property=\"article:modified_time\" content=\"2021-11-10T01:17:54+00:00\" \/>\n<meta property=\"og:image\" content=\"https:\/\/www.arrendleasing.com\/hn\/files\/2021\/11\/banner-web-CARMARKET-DANDO-Y-DANDO-01-1.png\" \/>\n\t<meta property=\"og:image:width\" content=\"6667\" \/>\n\t<meta property=\"og:image:height\" content=\"2409\" \/>\n\t<meta property=\"og:image:type\" content=\"image\/png\" \/>\n<meta name=\"twitter:card\" content=\"summary_large_image\" \/>\n<script type=\"application\/ld+json\" class=\"yoast-schema-graph\">{\"@context\":\"https:\/\/schema.org\",\"@graph\":[{\"@type\":\"WebPage\",\"@id\":\"https:\/\/www.arrendleasing.com\/hn\/seminuevos\/\",\"url\":\"https:\/\/www.arrendleasing.com\/hn\/seminuevos\/\",\"name\":\"Catalogo de Activos - Arrend Honduras\",\"isPartOf\":{\"@id\":\"https:\/\/www.arrendleasing.com\/hn\/#website\"},\"primaryImageOfPage\":{\"@id\":\"https:\/\/www.arrendleasing.com\/hn\/seminuevos\/#primaryimage\"},\"image\":{\"@id\":\"https:\/\/www.arrendleasing.com\/hn\/seminuevos\/#primaryimage\"},\"thumbnailUrl\":\"https:\/\/www.arrendleasing.com\/hn\/files\/2021\/11\/banner-web-CARMARKET-DANDO-Y-DANDO-01-1.png\",\"datePublished\":\"2021-11-10T01:17:51+00:00\",\"dateModified\":\"2021-11-10T01:17:54+00:00\",\"breadcrumb\":{\"@id\":\"https:\/\/www.arrendleasing.com\/hn\/seminuevos\/#breadcrumb\"},\"inLanguage\":\"es\",\"potentialAction\":[{\"@type\":\"ReadAction\",\"target\":[\"https:\/\/www.arrendleasing.com\/hn\/seminuevos\/\"]}]},{\"@type\":\"ImageObject\",\"inLanguage\":\"es\",\"@id\":\"https:\/\/www.arrendleasing.com\/hn\/seminuevos\/#primaryimage\",\"url\":\"https:\/\/www.arrendleasing.com\/hn\/files\/2021\/11\/banner-web-CARMARKET-DANDO-Y-DANDO-01-1.png\",\"contentUrl\":\"https:\/\/www.arrendleasing.com\/hn\/files\/2021\/11\/banner-web-CARMARKET-DANDO-Y-DANDO-01-1.png\",\"width\":6667,\"height\":2409},{\"@type\":\"BreadcrumbList\",\"@id\":\"https:\/\/www.arrendleasing.com\/hn\/seminuevos\/#breadcrumb\",\"itemListElement\":[{\"@type\":\"ListItem\",\"position\":1,\"name\":\"Portada\",\"item\":\"https:\/\/www.arrendleasing.com\/hn\/\"},{\"@type\":\"ListItem\",\"position\":2,\"name\":\"Catalogo de Activos\"}]},{\"@type\":\"WebSite\",\"@id\":\"https:\/\/www.arrendleasing.com\/hn\/#website\",\"url\":\"https:\/\/www.arrendleasing.com\/hn\/\",\"name\":\"Arrend Honduras\",\"description\":\"ARREND una instituci\u00f3n financiera privada que ofrece servicios financieros innovadores, como Leasing y Factoraje, as\u00ed como pr\u00e9stamos convencionales\",\"potentialAction\":[{\"@type\":\"SearchAction\",\"target\":{\"@type\":\"EntryPoint\",\"urlTemplate\":\"https:\/\/www.arrendleasing.com\/hn\/?s={search_term_string}\"},\"query-input\":{\"@type\":\"PropertyValueSpecification\",\"valueRequired\":true,\"valueName\":\"search_term_string\"}}],\"inLanguage\":\"es\"}]}<\/script>\n<!-- \/ Yoast SEO plugin. -->","yoast_head_json":{"title":"Catalogo de Activos - Arrend Honduras","robots":{"index":"index","follow":"follow","max-snippet":"max-snippet:-1","max-image-preview":"max-image-preview:large","max-video-preview":"max-video-preview:-1"},"canonical":"https:\/\/www.arrendleasing.com\/hn\/seminuevos\/","og_locale":"es_ES","og_type":"article","og_title":"Catalogo de Activos - Arrend Honduras","og_url":"https:\/\/www.arrendleasing.com\/hn\/seminuevos\/","og_site_name":"Arrend Honduras","article_modified_time":"2021-11-10T01:17:54+00:00","og_image":[{"width":6667,"height":2409,"url":"https:\/\/www.arrendleasing.com\/hn\/files\/2021\/11\/banner-web-CARMARKET-DANDO-Y-DANDO-01-1.png","type":"image\/png"}],"twitter_card":"summary_large_image","schema":{"@context":"https:\/\/schema.org","@graph":[{"@type":"WebPage","@id":"https:\/\/www.arrendleasing.com\/hn\/seminuevos\/","url":"https:\/\/www.arrendleasing.com\/hn\/seminuevos\/","name":"Catalogo de Activos - Arrend Honduras","isPartOf":{"@id":"https:\/\/www.arrendleasing.com\/hn\/#website"},"primaryImageOfPage":{"@id":"https:\/\/www.arrendleasing.com\/hn\/seminuevos\/#primaryimage"},"image":{"@id":"https:\/\/www.arrendleasing.com\/hn\/seminuevos\/#primaryimage"},"thumbnailUrl":"https:\/\/www.arrendleasing.com\/hn\/files\/2021\/11\/banner-web-CARMARKET-DANDO-Y-DANDO-01-1.png","datePublished":"2021-11-10T01:17:51+00:00","dateModified":"2021-11-10T01:17:54+00:00","breadcrumb":{"@id":"https:\/\/www.arrendleasing.com\/hn\/seminuevos\/#breadcrumb"},"inLanguage":"es","potentialAction":[{"@type":"ReadAction","target":["https:\/\/www.arrendleasing.com\/hn\/seminuevos\/"]}]},{"@type":"ImageObject","inLanguage":"es","@id":"https:\/\/www.arrendleasing.com\/hn\/seminuevos\/#primaryimage","url":"https:\/\/www.arrendleasing.com\/hn\/files\/2021\/11\/banner-web-CARMARKET-DANDO-Y-DANDO-01-1.png","contentUrl":"https:\/\/www.arrendleasing.com\/hn\/files\/2021\/11\/banner-web-CARMARKET-DANDO-Y-DANDO-01-1.png","width":6667,"height":2409},{"@type":"BreadcrumbList","@id":"https:\/\/www.arrendleasing.com\/hn\/seminuevos\/#breadcrumb","itemListElement":[{"@type":"ListItem","position":1,"name":"Portada","item":"https:\/\/www.arrendleasing.com\/hn\/"},{"@type":"ListItem","position":2,"name":"Catalogo de Activos"}]},{"@type":"WebSite","@id":"https:\/\/www.arrendleasing.com\/hn\/#website","url":"https:\/\/www.arrendleasing.com\/hn\/","name":"Arrend Honduras","description":"ARREND una instituci\u00f3n financiera privada que ofrece servicios financieros innovadores, como Leasing y Factoraje, as\u00ed como pr\u00e9stamos convencionales","potentialAction":[{"@type":"SearchAction","target":{"@type":"EntryPoint","urlTemplate":"https:\/\/www.arrendleasing.com\/hn\/?s={search_term_string}"},"query-input":{"@type":"PropertyValueSpecification","valueRequired":true,"valueName":"search_term_string"}}],"inLanguage":"es"}]}},"jetpack_sharing_enabled":true,"_links":{"self":[{"href":"https:\/\/www.arrendleasing.com\/hn\/wp-json\/wp\/v2\/pages\/8129","targetHints":{"allow":["GET"]}}],"collection":[{"href":"https:\/\/www.arrendleasing.com\/hn\/wp-json\/wp\/v2\/pages"}],"about":[{"href":"https:\/\/www.arrendleasing.com\/hn\/wp-json\/wp\/v2\/types\/page"}],"author":[{"embeddable":true,"href":"https:\/\/www.arrendleasing.com\/hn\/wp-json\/wp\/v2\/users\/1"}],"replies":[{"embeddable":true,"href":"https:\/\/www.arrendleasing.com\/hn\/wp-json\/wp\/v2\/comments?post=8129"}],"version-history":[{"count":1,"href":"https:\/\/www.arrendleasing.com\/hn\/wp-json\/wp\/v2\/pages\/8129\/revisions"}],"predecessor-version":[{"id":8131,"href":"https:\/\/www.arrendleasing.com\/hn\/wp-json\/wp\/v2\/pages\/8129\/revisions\/8131"}],"wp:featuredmedia":[{"embeddable":true,"href":"https:\/\/www.arrendleasing.com\/hn\/wp-json\/wp\/v2\/media\/8130"}],"wp:attachment":[{"href":"https:\/\/www.arrendleasing.com\/hn\/wp-json\/wp\/v2\/media?parent=8129"}],"curies":[{"name":"wp","href":"https:\/\/api.w.org\/{rel}","templated":true}]}}