{"id":1090,"date":"2017-03-09T17:59:59","date_gmt":"2017-03-09T17:59:59","guid":{"rendered":"https:\/\/www.arrendleasing.com\/ni\/?page_id=1090"},"modified":"2017-03-09T18:52:56","modified_gmt":"2017-03-09T18:52:56","slug":"quienes-somos","status":"publish","type":"page","link":"https:\/\/www.arrendleasing.com\/ni\/nosotros\/quienes-somos\/","title":{"rendered":"\u00bfQui\u00e9nes Somos?"},"content":{"rendered":"<h2>\u00bfQUI\u00c9NES SOMOS?<\/h2>\n<p>Somos la compa\u00f1\u00eda l\u00edder en el mercado de leasing a nivel regional, con presencia en Guatemala, El Salvador, Honduras, Nicaragua, Costa Rica y Panam\u00e1, ahora con cobertura a nivel mundial en 53 pa\u00edses a trav\u00e9s de nuestro socio comercial <strong>ALD \/ WHEELS<\/strong>.<\/p>\n<p>Durante m\u00e1s de 20 a\u00f1os hemos apoyado el progreso econ\u00f3mico, ayudando a capacitar a la fuerza laboral del ma\u00f1ana y proporcionando las herramientas y tecnolog\u00edas que ampl\u00edan los productos financieros en Guatemala y la regi\u00f3n.<\/p>\n<p>Contamos con una cartera de clientes selectos, infraestructura adaptada para brindar un servicio de excelencia, y personal altamente capacitado para nuestras operaciones. Asimismo, contamos con escritorios corporativos instalados en los principales distribuidores de veh\u00edculos y maquinaria. Fundadores de Grupo CASA en Guatemala, con m\u00e1s de 55 a\u00f1os en el mercado financiero.<\/p>\n<p><strong><span style=\"color: #c8102e;\">Arrend<\/span><\/strong> siendo una empresa innovadora, fue pionera en ofrecer el Leasing Operativo para veh\u00edculos y maquinaria pesada, desarrollando el liderazgo en el mercado. Su prop\u00f3sito fundamental es hacer que la figura de Leasing sea cada vez m\u00e1s utilizada a nivel regional.<\/p>\n<p>De igual forma, cada d\u00eda est\u00e1 siendo m\u00e1s aceptada la figura de la Gesti\u00f3n de Flotas en las empresas m\u00e1s grandes de la regi\u00f3n por sus m\u00faltiples beneficios y en la cual <strong><span style=\"color: #c8102e;\">Arrend<\/span><\/strong> est\u00e1 a la vanguardia.<\/p>\n","protected":false},"excerpt":{"rendered":"<p>\u00bfQUI\u00c9NES SOMOS? Somos la compa\u00f1\u00eda l\u00edder en el mercado de leasing a nivel regional, con presencia en Guatemala, El Salvador, Honduras, Nicaragua, Costa Rica y Panam\u00e1, ahora con cobertura a nivel mundial en 53 pa\u00edses a trav\u00e9s de nuestro socio comercial ALD \/ WHEELS. Durante m\u00e1s de 20 a\u00f1os hemos apoyado el progreso econ\u00f3mico, ayudando [&hellip;]<\/p>\n","protected":false},"author":1,"featured_media":0,"parent":1088,"menu_order":1,"comment_status":"closed","ping_status":"closed","template":"quienes-somos.php","meta":{"_acf_changed":false,"footnotes":""},"class_list":["post-1090","page","type-page","status-publish","hentry"],"acf":[],"yoast_head":"<!-- This site is optimized with the Yoast SEO plugin v24.1 - https:\/\/yoast.com\/wordpress\/plugins\/seo\/ -->\n<title>\u00bfQui\u00e9nes Somos? - Arrend Nicaragua<\/title>\n<meta name=\"robots\" content=\"index, follow, max-snippet:-1, max-image-preview:large, max-video-preview:-1\" \/>\n<link rel=\"canonical\" href=\"https:\/\/www.arrendleasing.com\/ni\/nosotros\/quienes-somos\/\" \/>\n<meta property=\"og:locale\" content=\"es_ES\" \/>\n<meta property=\"og:type\" content=\"article\" \/>\n<meta property=\"og:title\" content=\"\u00bfQui\u00e9nes Somos? - Arrend Nicaragua\" \/>\n<meta property=\"og:description\" content=\"\u00bfQUI\u00c9NES SOMOS? Somos la compa\u00f1\u00eda l\u00edder en el mercado de leasing a nivel regional, con presencia en Guatemala, El Salvador, Honduras, Nicaragua, Costa Rica y Panam\u00e1, ahora con cobertura a nivel mundial en 53 pa\u00edses a trav\u00e9s de nuestro socio comercial ALD \/ WHEELS. Durante m\u00e1s de 20 a\u00f1os hemos apoyado el progreso econ\u00f3mico, ayudando [&hellip;]\" \/>\n<meta property=\"og:url\" content=\"https:\/\/www.arrendleasing.com\/ni\/nosotros\/quienes-somos\/\" \/>\n<meta property=\"og:site_name\" content=\"Arrend Nicaragua\" \/>\n<meta property=\"article:modified_time\" content=\"2017-03-09T18:52:56+00:00\" \/>\n<meta name=\"twitter:card\" content=\"summary_large_image\" \/>\n<meta name=\"twitter:label1\" content=\"Est. reading time\" \/>\n\t<meta name=\"twitter:data1\" content=\"1 minuto\" \/>\n<script type=\"application\/ld+json\" class=\"yoast-schema-graph\">{\"@context\":\"https:\/\/schema.org\",\"@graph\":[{\"@type\":\"WebPage\",\"@id\":\"https:\/\/www.arrendleasing.com\/ni\/nosotros\/quienes-somos\/\",\"url\":\"https:\/\/www.arrendleasing.com\/ni\/nosotros\/quienes-somos\/\",\"name\":\"\u00bfQui\u00e9nes Somos? - Arrend Nicaragua\",\"isPartOf\":{\"@id\":\"https:\/\/www.arrendleasing.com\/ni\/#website\"},\"datePublished\":\"2017-03-09T17:59:59+00:00\",\"dateModified\":\"2017-03-09T18:52:56+00:00\",\"breadcrumb\":{\"@id\":\"https:\/\/www.arrendleasing.com\/ni\/nosotros\/quienes-somos\/#breadcrumb\"},\"inLanguage\":\"es\",\"potentialAction\":[{\"@type\":\"ReadAction\",\"target\":[\"https:\/\/www.arrendleasing.com\/ni\/nosotros\/quienes-somos\/\"]}]},{\"@type\":\"BreadcrumbList\",\"@id\":\"https:\/\/www.arrendleasing.com\/ni\/nosotros\/quienes-somos\/#breadcrumb\",\"itemListElement\":[{\"@type\":\"ListItem\",\"position\":1,\"name\":\"Portada\",\"item\":\"https:\/\/www.arrendleasing.com\/ni\/\"},{\"@type\":\"ListItem\",\"position\":2,\"name\":\"Nosotros\",\"item\":\"https:\/\/www.arrendleasing.com\/ni\/nosotros\/\"},{\"@type\":\"ListItem\",\"position\":3,\"name\":\"\u00bfQui\u00e9nes Somos?\"}]},{\"@type\":\"WebSite\",\"@id\":\"https:\/\/www.arrendleasing.com\/ni\/#website\",\"url\":\"https:\/\/www.arrendleasing.com\/ni\/\",\"name\":\"Arrend Nicaragua\",\"description\":\"ARREND una instituci\u00f3n financiera privada que ofrece servicios financieros innovadores, como Leasing y Factoraje, as\u00ed como pr\u00e9stamos convencionales\",\"potentialAction\":[{\"@type\":\"SearchAction\",\"target\":{\"@type\":\"EntryPoint\",\"urlTemplate\":\"https:\/\/www.arrendleasing.com\/ni\/?s={search_term_string}\"},\"query-input\":{\"@type\":\"PropertyValueSpecification\",\"valueRequired\":true,\"valueName\":\"search_term_string\"}}],\"inLanguage\":\"es\"}]}<\/script>\n<!-- \/ Yoast SEO plugin. -->","yoast_head_json":{"title":"\u00bfQui\u00e9nes Somos? - Arrend Nicaragua","robots":{"index":"index","follow":"follow","max-snippet":"max-snippet:-1","max-image-preview":"max-image-preview:large","max-video-preview":"max-video-preview:-1"},"canonical":"https:\/\/www.arrendleasing.com\/ni\/nosotros\/quienes-somos\/","og_locale":"es_ES","og_type":"article","og_title":"\u00bfQui\u00e9nes Somos? - Arrend Nicaragua","og_description":"\u00bfQUI\u00c9NES SOMOS? Somos la compa\u00f1\u00eda l\u00edder en el mercado de leasing a nivel regional, con presencia en Guatemala, El Salvador, Honduras, Nicaragua, Costa Rica y Panam\u00e1, ahora con cobertura a nivel mundial en 53 pa\u00edses a trav\u00e9s de nuestro socio comercial ALD \/ WHEELS. Durante m\u00e1s de 20 a\u00f1os hemos apoyado el progreso econ\u00f3mico, ayudando [&hellip;]","og_url":"https:\/\/www.arrendleasing.com\/ni\/nosotros\/quienes-somos\/","og_site_name":"Arrend Nicaragua","article_modified_time":"2017-03-09T18:52:56+00:00","twitter_card":"summary_large_image","twitter_misc":{"Est. reading time":"1 minuto"},"schema":{"@context":"https:\/\/schema.org","@graph":[{"@type":"WebPage","@id":"https:\/\/www.arrendleasing.com\/ni\/nosotros\/quienes-somos\/","url":"https:\/\/www.arrendleasing.com\/ni\/nosotros\/quienes-somos\/","name":"\u00bfQui\u00e9nes Somos? - Arrend Nicaragua","isPartOf":{"@id":"https:\/\/www.arrendleasing.com\/ni\/#website"},"datePublished":"2017-03-09T17:59:59+00:00","dateModified":"2017-03-09T18:52:56+00:00","breadcrumb":{"@id":"https:\/\/www.arrendleasing.com\/ni\/nosotros\/quienes-somos\/#breadcrumb"},"inLanguage":"es","potentialAction":[{"@type":"ReadAction","target":["https:\/\/www.arrendleasing.com\/ni\/nosotros\/quienes-somos\/"]}]},{"@type":"BreadcrumbList","@id":"https:\/\/www.arrendleasing.com\/ni\/nosotros\/quienes-somos\/#breadcrumb","itemListElement":[{"@type":"ListItem","position":1,"name":"Portada","item":"https:\/\/www.arrendleasing.com\/ni\/"},{"@type":"ListItem","position":2,"name":"Nosotros","item":"https:\/\/www.arrendleasing.com\/ni\/nosotros\/"},{"@type":"ListItem","position":3,"name":"\u00bfQui\u00e9nes Somos?"}]},{"@type":"WebSite","@id":"https:\/\/www.arrendleasing.com\/ni\/#website","url":"https:\/\/www.arrendleasing.com\/ni\/","name":"Arrend Nicaragua","description":"ARREND una instituci\u00f3n financiera privada que ofrece servicios financieros innovadores, como Leasing y Factoraje, as\u00ed como pr\u00e9stamos convencionales","potentialAction":[{"@type":"SearchAction","target":{"@type":"EntryPoint","urlTemplate":"https:\/\/www.arrendleasing.com\/ni\/?s={search_term_string}"},"query-input":{"@type":"PropertyValueSpecification","valueRequired":true,"valueName":"search_term_string"}}],"inLanguage":"es"}]}},"jetpack_sharing_enabled":true,"_links":{"self":[{"href":"https:\/\/www.arrendleasing.com\/ni\/wp-json\/wp\/v2\/pages\/1090","targetHints":{"allow":["GET"]}}],"collection":[{"href":"https:\/\/www.arrendleasing.com\/ni\/wp-json\/wp\/v2\/pages"}],"about":[{"href":"https:\/\/www.arrendleasing.com\/ni\/wp-json\/wp\/v2\/types\/page"}],"author":[{"embeddable":true,"href":"https:\/\/www.arrendleasing.com\/ni\/wp-json\/wp\/v2\/users\/1"}],"replies":[{"embeddable":true,"href":"https:\/\/www.arrendleasing.com\/ni\/wp-json\/wp\/v2\/comments?post=1090"}],"version-history":[{"count":2,"href":"https:\/\/www.arrendleasing.com\/ni\/wp-json\/wp\/v2\/pages\/1090\/revisions"}],"predecessor-version":[{"id":1210,"href":"https:\/\/www.arrendleasing.com\/ni\/wp-json\/wp\/v2\/pages\/1090\/revisions\/1210"}],"up":[{"embeddable":true,"href":"https:\/\/www.arrendleasing.com\/ni\/wp-json\/wp\/v2\/pages\/1088"}],"wp:attachment":[{"href":"https:\/\/www.arrendleasing.com\/ni\/wp-json\/wp\/v2\/media?parent=1090"}],"curies":[{"name":"wp","href":"https:\/\/api.w.org\/{rel}","templated":true}]}}