{"id":1119,"date":"2017-03-09T18:13:04","date_gmt":"2017-03-09T18:13:04","guid":{"rendered":"https:\/\/www.arrendleasing.com\/ni\/?page_id=1119"},"modified":"2017-07-26T14:33:45","modified_gmt":"2017-07-26T14:33:45","slug":"financiero","status":"publish","type":"page","link":"https:\/\/www.arrendleasing.com\/ni\/servicios\/leasing\/financiero\/","title":{"rendered":"Financiero"},"content":{"rendered":"<h2>\u00bfQu\u00e9 es Leasing Financiero?<\/h2>\n<p>El Leasing Financiero es un contrato de arrendamiento con opci\u00f3n a compra del bien arrendado en el cual Arrend (la Arrendadora) adquiere los bienes a solicitud del cliente (el Arrendatario), y como propietario se los da en arrendamiento para que los utilice durante un tiempo determinado.\u00a0 El Arrendatario tiene la opci\u00f3n de comprar los bienes al final del plazo.<\/p>\n<p>El Leasing Financiero es un sistema moderno de financiamiento destinado a empresas y profesionales que deseen adquirir veh\u00edculos, maquinaria o equipo obteniendo mayores beneficios que con una fuente tradicional de cr\u00e9dito.<\/p>\n","protected":false},"excerpt":{"rendered":"<p>\u00bfQu\u00e9 es Leasing Financiero? El Leasing Financiero es un contrato de arrendamiento con opci\u00f3n a compra del bien arrendado en el cual Arrend (la Arrendadora) adquiere los bienes a solicitud del cliente (el Arrendatario), y como propietario se los da en arrendamiento para que los utilice durante un tiempo determinado.\u00a0 El Arrendatario tiene la opci\u00f3n [&hellip;]<\/p>\n","protected":false},"author":1,"featured_media":0,"parent":1103,"menu_order":1,"comment_status":"closed","ping_status":"closed","template":"interior-leasing.php","meta":{"_acf_changed":false,"footnotes":""},"class_list":["post-1119","page","type-page","status-publish","hentry"],"acf":[],"yoast_head":"<!-- This site is optimized with the Yoast SEO plugin v24.1 - https:\/\/yoast.com\/wordpress\/plugins\/seo\/ -->\n<title>Financiero - Arrend Nicaragua<\/title>\n<meta name=\"robots\" content=\"index, follow, max-snippet:-1, max-image-preview:large, max-video-preview:-1\" \/>\n<link rel=\"canonical\" href=\"https:\/\/www.arrendleasing.com\/ni\/servicios\/leasing\/financiero\/\" \/>\n<meta property=\"og:locale\" content=\"es_ES\" \/>\n<meta property=\"og:type\" content=\"article\" \/>\n<meta property=\"og:title\" content=\"Financiero - Arrend Nicaragua\" \/>\n<meta property=\"og:description\" content=\"\u00bfQu\u00e9 es Leasing Financiero? El Leasing Financiero es un contrato de arrendamiento con opci\u00f3n a compra del bien arrendado en el cual Arrend (la Arrendadora) adquiere los bienes a solicitud del cliente (el Arrendatario), y como propietario se los da en arrendamiento para que los utilice durante un tiempo determinado.\u00a0 El Arrendatario tiene la opci\u00f3n [&hellip;]\" \/>\n<meta property=\"og:url\" content=\"https:\/\/www.arrendleasing.com\/ni\/servicios\/leasing\/financiero\/\" \/>\n<meta property=\"og:site_name\" content=\"Arrend Nicaragua\" \/>\n<meta property=\"article:modified_time\" content=\"2017-07-26T14:33:45+00:00\" \/>\n<meta name=\"twitter:card\" content=\"summary_large_image\" \/>\n<script type=\"application\/ld+json\" class=\"yoast-schema-graph\">{\"@context\":\"https:\/\/schema.org\",\"@graph\":[{\"@type\":\"WebPage\",\"@id\":\"https:\/\/www.arrendleasing.com\/ni\/servicios\/leasing\/financiero\/\",\"url\":\"https:\/\/www.arrendleasing.com\/ni\/servicios\/leasing\/financiero\/\",\"name\":\"Financiero - Arrend Nicaragua\",\"isPartOf\":{\"@id\":\"https:\/\/www.arrendleasing.com\/ni\/#website\"},\"datePublished\":\"2017-03-09T18:13:04+00:00\",\"dateModified\":\"2017-07-26T14:33:45+00:00\",\"breadcrumb\":{\"@id\":\"https:\/\/www.arrendleasing.com\/ni\/servicios\/leasing\/financiero\/#breadcrumb\"},\"inLanguage\":\"es\",\"potentialAction\":[{\"@type\":\"ReadAction\",\"target\":[\"https:\/\/www.arrendleasing.com\/ni\/servicios\/leasing\/financiero\/\"]}]},{\"@type\":\"BreadcrumbList\",\"@id\":\"https:\/\/www.arrendleasing.com\/ni\/servicios\/leasing\/financiero\/#breadcrumb\",\"itemListElement\":[{\"@type\":\"ListItem\",\"position\":1,\"name\":\"Portada\",\"item\":\"https:\/\/www.arrendleasing.com\/ni\/\"},{\"@type\":\"ListItem\",\"position\":2,\"name\":\"Servicios\",\"item\":\"https:\/\/www.arrendleasing.com\/ni\/servicios\/\"},{\"@type\":\"ListItem\",\"position\":3,\"name\":\"Leasing\",\"item\":\"https:\/\/www.arrendleasing.com\/ni\/servicios\/leasing\/\"},{\"@type\":\"ListItem\",\"position\":4,\"name\":\"Financiero\"}]},{\"@type\":\"WebSite\",\"@id\":\"https:\/\/www.arrendleasing.com\/ni\/#website\",\"url\":\"https:\/\/www.arrendleasing.com\/ni\/\",\"name\":\"Arrend Nicaragua\",\"description\":\"ARREND una instituci\u00f3n financiera privada que ofrece servicios financieros innovadores, como Leasing y Factoraje, as\u00ed como pr\u00e9stamos convencionales\",\"potentialAction\":[{\"@type\":\"SearchAction\",\"target\":{\"@type\":\"EntryPoint\",\"urlTemplate\":\"https:\/\/www.arrendleasing.com\/ni\/?s={search_term_string}\"},\"query-input\":{\"@type\":\"PropertyValueSpecification\",\"valueRequired\":true,\"valueName\":\"search_term_string\"}}],\"inLanguage\":\"es\"}]}<\/script>\n<!-- \/ Yoast SEO plugin. -->","yoast_head_json":{"title":"Financiero - Arrend Nicaragua","robots":{"index":"index","follow":"follow","max-snippet":"max-snippet:-1","max-image-preview":"max-image-preview:large","max-video-preview":"max-video-preview:-1"},"canonical":"https:\/\/www.arrendleasing.com\/ni\/servicios\/leasing\/financiero\/","og_locale":"es_ES","og_type":"article","og_title":"Financiero - Arrend Nicaragua","og_description":"\u00bfQu\u00e9 es Leasing Financiero? El Leasing Financiero es un contrato de arrendamiento con opci\u00f3n a compra del bien arrendado en el cual Arrend (la Arrendadora) adquiere los bienes a solicitud del cliente (el Arrendatario), y como propietario se los da en arrendamiento para que los utilice durante un tiempo determinado.\u00a0 El Arrendatario tiene la opci\u00f3n [&hellip;]","og_url":"https:\/\/www.arrendleasing.com\/ni\/servicios\/leasing\/financiero\/","og_site_name":"Arrend Nicaragua","article_modified_time":"2017-07-26T14:33:45+00:00","twitter_card":"summary_large_image","schema":{"@context":"https:\/\/schema.org","@graph":[{"@type":"WebPage","@id":"https:\/\/www.arrendleasing.com\/ni\/servicios\/leasing\/financiero\/","url":"https:\/\/www.arrendleasing.com\/ni\/servicios\/leasing\/financiero\/","name":"Financiero - Arrend Nicaragua","isPartOf":{"@id":"https:\/\/www.arrendleasing.com\/ni\/#website"},"datePublished":"2017-03-09T18:13:04+00:00","dateModified":"2017-07-26T14:33:45+00:00","breadcrumb":{"@id":"https:\/\/www.arrendleasing.com\/ni\/servicios\/leasing\/financiero\/#breadcrumb"},"inLanguage":"es","potentialAction":[{"@type":"ReadAction","target":["https:\/\/www.arrendleasing.com\/ni\/servicios\/leasing\/financiero\/"]}]},{"@type":"BreadcrumbList","@id":"https:\/\/www.arrendleasing.com\/ni\/servicios\/leasing\/financiero\/#breadcrumb","itemListElement":[{"@type":"ListItem","position":1,"name":"Portada","item":"https:\/\/www.arrendleasing.com\/ni\/"},{"@type":"ListItem","position":2,"name":"Servicios","item":"https:\/\/www.arrendleasing.com\/ni\/servicios\/"},{"@type":"ListItem","position":3,"name":"Leasing","item":"https:\/\/www.arrendleasing.com\/ni\/servicios\/leasing\/"},{"@type":"ListItem","position":4,"name":"Financiero"}]},{"@type":"WebSite","@id":"https:\/\/www.arrendleasing.com\/ni\/#website","url":"https:\/\/www.arrendleasing.com\/ni\/","name":"Arrend Nicaragua","description":"ARREND una instituci\u00f3n financiera privada que ofrece servicios financieros innovadores, como Leasing y Factoraje, as\u00ed como pr\u00e9stamos convencionales","potentialAction":[{"@type":"SearchAction","target":{"@type":"EntryPoint","urlTemplate":"https:\/\/www.arrendleasing.com\/ni\/?s={search_term_string}"},"query-input":{"@type":"PropertyValueSpecification","valueRequired":true,"valueName":"search_term_string"}}],"inLanguage":"es"}]}},"jetpack_sharing_enabled":true,"_links":{"self":[{"href":"https:\/\/www.arrendleasing.com\/ni\/wp-json\/wp\/v2\/pages\/1119","targetHints":{"allow":["GET"]}}],"collection":[{"href":"https:\/\/www.arrendleasing.com\/ni\/wp-json\/wp\/v2\/pages"}],"about":[{"href":"https:\/\/www.arrendleasing.com\/ni\/wp-json\/wp\/v2\/types\/page"}],"author":[{"embeddable":true,"href":"https:\/\/www.arrendleasing.com\/ni\/wp-json\/wp\/v2\/users\/1"}],"replies":[{"embeddable":true,"href":"https:\/\/www.arrendleasing.com\/ni\/wp-json\/wp\/v2\/comments?post=1119"}],"version-history":[{"count":4,"href":"https:\/\/www.arrendleasing.com\/ni\/wp-json\/wp\/v2\/pages\/1119\/revisions"}],"predecessor-version":[{"id":1236,"href":"https:\/\/www.arrendleasing.com\/ni\/wp-json\/wp\/v2\/pages\/1119\/revisions\/1236"}],"up":[{"embeddable":true,"href":"https:\/\/www.arrendleasing.com\/ni\/wp-json\/wp\/v2\/pages\/1103"}],"wp:attachment":[{"href":"https:\/\/www.arrendleasing.com\/ni\/wp-json\/wp\/v2\/media?parent=1119"}],"curies":[{"name":"wp","href":"https:\/\/api.w.org\/{rel}","templated":true}]}}