{"id":1127,"date":"2017-03-09T18:16:38","date_gmt":"2017-03-09T18:16:38","guid":{"rendered":"https:\/\/www.arrendleasing.com\/ni\/?page_id=1127"},"modified":"2017-07-26T14:33:55","modified_gmt":"2017-07-26T14:33:55","slug":"traspasos","status":"publish","type":"page","link":"https:\/\/www.arrendleasing.com\/ni\/servicios\/traspasos\/","title":{"rendered":"Traspasos"},"content":{"rendered":"<h2>Documentos necesarios<\/h2>\n<ul>\n<li>Se factura la opci\u00f3n de compra<\/li>\n<li>Se solicita la minuta del deposito<\/li>\n<li>Es necesaria la carta de compra venta<\/li>\n<li>Cliente acurde a realiza el traspaso en el registro vehicular.<\/li>\n<\/ul>\n","protected":false},"excerpt":{"rendered":"<p>Documentos necesarios Se factura la opci\u00f3n de compra Se solicita la minuta del deposito Es necesaria la carta de compra venta Cliente acurde a realiza el traspaso en el registro vehicular.<\/p>\n","protected":false},"author":1,"featured_media":0,"parent":1101,"menu_order":3,"comment_status":"closed","ping_status":"closed","template":"interior-traspasos.php","meta":{"_acf_changed":false,"footnotes":""},"class_list":["post-1127","page","type-page","status-publish","hentry"],"acf":[],"yoast_head":"<!-- This site is optimized with the Yoast SEO plugin v24.1 - https:\/\/yoast.com\/wordpress\/plugins\/seo\/ -->\n<title>Traspasos - Arrend Nicaragua<\/title>\n<meta name=\"robots\" content=\"index, follow, max-snippet:-1, max-image-preview:large, max-video-preview:-1\" \/>\n<link rel=\"canonical\" href=\"https:\/\/www.arrendleasing.com\/ni\/servicios\/traspasos\/\" \/>\n<meta property=\"og:locale\" content=\"es_ES\" \/>\n<meta property=\"og:type\" content=\"article\" \/>\n<meta property=\"og:title\" content=\"Traspasos - Arrend Nicaragua\" \/>\n<meta property=\"og:description\" content=\"Documentos necesarios Se factura la opci\u00f3n de compra Se solicita la minuta del deposito Es necesaria la carta de compra venta Cliente acurde a realiza el traspaso en el registro vehicular.\" \/>\n<meta property=\"og:url\" content=\"https:\/\/www.arrendleasing.com\/ni\/servicios\/traspasos\/\" \/>\n<meta property=\"og:site_name\" content=\"Arrend Nicaragua\" \/>\n<meta property=\"article:modified_time\" content=\"2017-07-26T14:33:55+00:00\" \/>\n<meta name=\"twitter:card\" content=\"summary_large_image\" \/>\n<script type=\"application\/ld+json\" class=\"yoast-schema-graph\">{\"@context\":\"https:\/\/schema.org\",\"@graph\":[{\"@type\":\"WebPage\",\"@id\":\"https:\/\/www.arrendleasing.com\/ni\/servicios\/traspasos\/\",\"url\":\"https:\/\/www.arrendleasing.com\/ni\/servicios\/traspasos\/\",\"name\":\"Traspasos - Arrend Nicaragua\",\"isPartOf\":{\"@id\":\"https:\/\/www.arrendleasing.com\/ni\/#website\"},\"datePublished\":\"2017-03-09T18:16:38+00:00\",\"dateModified\":\"2017-07-26T14:33:55+00:00\",\"breadcrumb\":{\"@id\":\"https:\/\/www.arrendleasing.com\/ni\/servicios\/traspasos\/#breadcrumb\"},\"inLanguage\":\"es\",\"potentialAction\":[{\"@type\":\"ReadAction\",\"target\":[\"https:\/\/www.arrendleasing.com\/ni\/servicios\/traspasos\/\"]}]},{\"@type\":\"BreadcrumbList\",\"@id\":\"https:\/\/www.arrendleasing.com\/ni\/servicios\/traspasos\/#breadcrumb\",\"itemListElement\":[{\"@type\":\"ListItem\",\"position\":1,\"name\":\"Portada\",\"item\":\"https:\/\/www.arrendleasing.com\/ni\/\"},{\"@type\":\"ListItem\",\"position\":2,\"name\":\"Servicios\",\"item\":\"https:\/\/www.arrendleasing.com\/ni\/servicios\/\"},{\"@type\":\"ListItem\",\"position\":3,\"name\":\"Traspasos\"}]},{\"@type\":\"WebSite\",\"@id\":\"https:\/\/www.arrendleasing.com\/ni\/#website\",\"url\":\"https:\/\/www.arrendleasing.com\/ni\/\",\"name\":\"Arrend Nicaragua\",\"description\":\"ARREND una instituci\u00f3n financiera privada que ofrece servicios financieros innovadores, como Leasing y Factoraje, as\u00ed como pr\u00e9stamos convencionales\",\"potentialAction\":[{\"@type\":\"SearchAction\",\"target\":{\"@type\":\"EntryPoint\",\"urlTemplate\":\"https:\/\/www.arrendleasing.com\/ni\/?s={search_term_string}\"},\"query-input\":{\"@type\":\"PropertyValueSpecification\",\"valueRequired\":true,\"valueName\":\"search_term_string\"}}],\"inLanguage\":\"es\"}]}<\/script>\n<!-- \/ Yoast SEO plugin. -->","yoast_head_json":{"title":"Traspasos - Arrend Nicaragua","robots":{"index":"index","follow":"follow","max-snippet":"max-snippet:-1","max-image-preview":"max-image-preview:large","max-video-preview":"max-video-preview:-1"},"canonical":"https:\/\/www.arrendleasing.com\/ni\/servicios\/traspasos\/","og_locale":"es_ES","og_type":"article","og_title":"Traspasos - Arrend Nicaragua","og_description":"Documentos necesarios Se factura la opci\u00f3n de compra Se solicita la minuta del deposito Es necesaria la carta de compra venta Cliente acurde a realiza el traspaso en el registro vehicular.","og_url":"https:\/\/www.arrendleasing.com\/ni\/servicios\/traspasos\/","og_site_name":"Arrend Nicaragua","article_modified_time":"2017-07-26T14:33:55+00:00","twitter_card":"summary_large_image","schema":{"@context":"https:\/\/schema.org","@graph":[{"@type":"WebPage","@id":"https:\/\/www.arrendleasing.com\/ni\/servicios\/traspasos\/","url":"https:\/\/www.arrendleasing.com\/ni\/servicios\/traspasos\/","name":"Traspasos - Arrend Nicaragua","isPartOf":{"@id":"https:\/\/www.arrendleasing.com\/ni\/#website"},"datePublished":"2017-03-09T18:16:38+00:00","dateModified":"2017-07-26T14:33:55+00:00","breadcrumb":{"@id":"https:\/\/www.arrendleasing.com\/ni\/servicios\/traspasos\/#breadcrumb"},"inLanguage":"es","potentialAction":[{"@type":"ReadAction","target":["https:\/\/www.arrendleasing.com\/ni\/servicios\/traspasos\/"]}]},{"@type":"BreadcrumbList","@id":"https:\/\/www.arrendleasing.com\/ni\/servicios\/traspasos\/#breadcrumb","itemListElement":[{"@type":"ListItem","position":1,"name":"Portada","item":"https:\/\/www.arrendleasing.com\/ni\/"},{"@type":"ListItem","position":2,"name":"Servicios","item":"https:\/\/www.arrendleasing.com\/ni\/servicios\/"},{"@type":"ListItem","position":3,"name":"Traspasos"}]},{"@type":"WebSite","@id":"https:\/\/www.arrendleasing.com\/ni\/#website","url":"https:\/\/www.arrendleasing.com\/ni\/","name":"Arrend Nicaragua","description":"ARREND una instituci\u00f3n financiera privada que ofrece servicios financieros innovadores, como Leasing y Factoraje, as\u00ed como pr\u00e9stamos convencionales","potentialAction":[{"@type":"SearchAction","target":{"@type":"EntryPoint","urlTemplate":"https:\/\/www.arrendleasing.com\/ni\/?s={search_term_string}"},"query-input":{"@type":"PropertyValueSpecification","valueRequired":true,"valueName":"search_term_string"}}],"inLanguage":"es"}]}},"jetpack_sharing_enabled":true,"_links":{"self":[{"href":"https:\/\/www.arrendleasing.com\/ni\/wp-json\/wp\/v2\/pages\/1127","targetHints":{"allow":["GET"]}}],"collection":[{"href":"https:\/\/www.arrendleasing.com\/ni\/wp-json\/wp\/v2\/pages"}],"about":[{"href":"https:\/\/www.arrendleasing.com\/ni\/wp-json\/wp\/v2\/types\/page"}],"author":[{"embeddable":true,"href":"https:\/\/www.arrendleasing.com\/ni\/wp-json\/wp\/v2\/users\/1"}],"replies":[{"embeddable":true,"href":"https:\/\/www.arrendleasing.com\/ni\/wp-json\/wp\/v2\/comments?post=1127"}],"version-history":[{"count":2,"href":"https:\/\/www.arrendleasing.com\/ni\/wp-json\/wp\/v2\/pages\/1127\/revisions"}],"predecessor-version":[{"id":1238,"href":"https:\/\/www.arrendleasing.com\/ni\/wp-json\/wp\/v2\/pages\/1127\/revisions\/1238"}],"up":[{"embeddable":true,"href":"https:\/\/www.arrendleasing.com\/ni\/wp-json\/wp\/v2\/pages\/1101"}],"wp:attachment":[{"href":"https:\/\/www.arrendleasing.com\/ni\/wp-json\/wp\/v2\/media?parent=1127"}],"curies":[{"name":"wp","href":"https:\/\/api.w.org\/{rel}","templated":true}]}}