{"id":18874,"date":"2024-03-26T12:43:52","date_gmt":"2024-03-26T18:43:52","guid":{"rendered":"https:\/\/www.arrendleasing.com\/gt\/?page_id=18874"},"modified":"2024-03-27T12:14:27","modified_gmt":"2024-03-27T18:14:27","slug":"arrend-30","status":"publish","type":"page","link":"https:\/\/www.arrendleasing.com\/pa\/arrend-30\/","title":{"rendered":"SOMOS ARREND"},"content":{"rendered":"\n\n\n<p><span class=\"ui-provider a b c d e f g h i j k l m n o p q r s t u v w x y z ab ac ae af ag ah ai aj ak\" dir=\"ltr\">La compa\u00f1\u00eda l\u00edder en el mercado de leasing a nivel regional, con presencia en Guatemala, El Salvador, Honduras, Nicaragua, Costa Rica y Panam\u00e1. Tenemos cobertura a nivel mundial en m\u00e1s de 50 pa\u00edses con nuestro socio comercial ALD \/ WHEELS y seguimos creciendo e innovando para brindarle un servicio de excelencia a nuestros clientes.<br \/><br \/>Durante m\u00e1s de 30 a\u00f1os hemos apoyado el progreso econ\u00f3mico de la regi\u00f3n, capacitando a la fuerza laboral del ma\u00f1ana y proporcionando acceso a productos financieros. Para nosotros, ser una arrendadora va m\u00e1s all\u00e1 de ofrecer un arrendamiento, es brindar acompa\u00f1amiento y servicio completo a nuestros clientes.\u00a0<\/span><\/p>\n","protected":false},"excerpt":{"rendered":"<p>La compa\u00f1\u00eda l\u00edder en el mercado de leasing a nivel regional, con presencia en Guatemala, El Salvador, Honduras, Nicaragua, Costa Rica y Panam\u00e1. Tenemos cobertura a nivel mundial en m\u00e1s de 50 pa\u00edses con nuestro socio comercial ALD \/ WHEELS y seguimos creciendo e innovando para brindarle un servicio de excelencia a nuestros clientes. Durante [&hellip;]<\/p>\n","protected":false},"author":1,"featured_media":18877,"parent":0,"menu_order":11,"comment_status":"closed","ping_status":"closed","template":"","meta":{"_acf_changed":false,"footnotes":""},"class_list":["post-18874","page","type-page","status-publish","has-post-thumbnail","hentry"],"acf":[],"yoast_head":"<!-- This site is optimized with the Yoast SEO plugin v24.1 - https:\/\/yoast.com\/wordpress\/plugins\/seo\/ -->\n<title>SOMOS ARREND - Arrend Panam\u00e1<\/title>\n<meta name=\"robots\" content=\"index, follow, max-snippet:-1, max-image-preview:large, max-video-preview:-1\" \/>\n<link rel=\"canonical\" href=\"https:\/\/www.arrendleasing.com\/pa\/arrend-30\/\" \/>\n<meta property=\"og:locale\" content=\"es_ES\" \/>\n<meta property=\"og:type\" content=\"article\" \/>\n<meta property=\"og:title\" content=\"SOMOS ARREND - Arrend Panam\u00e1\" \/>\n<meta property=\"og:description\" content=\"La compa\u00f1\u00eda l\u00edder en el mercado de leasing a nivel regional, con presencia en Guatemala, El Salvador, Honduras, Nicaragua, Costa Rica y Panam\u00e1. Tenemos cobertura a nivel mundial en m\u00e1s de 50 pa\u00edses con nuestro socio comercial ALD \/ WHEELS y seguimos creciendo e innovando para brindarle un servicio de excelencia a nuestros clientes. Durante [&hellip;]\" \/>\n<meta property=\"og:url\" content=\"https:\/\/www.arrendleasing.com\/pa\/arrend-30\/\" \/>\n<meta property=\"og:site_name\" content=\"Arrend Panam\u00e1\" \/>\n<meta property=\"article:modified_time\" content=\"2024-03-27T18:14:27+00:00\" \/>\n<meta property=\"og:image\" content=\"https:\/\/www.arrendleasing.com\/pa\/files\/2024\/03\/logo-arrend-30.png\" \/>\n\t<meta property=\"og:image:width\" content=\"1131\" \/>\n\t<meta property=\"og:image:height\" content=\"1071\" \/>\n\t<meta property=\"og:image:type\" content=\"image\/png\" \/>\n<meta name=\"twitter:card\" content=\"summary_large_image\" \/>\n<meta name=\"twitter:label1\" content=\"Est. reading time\" \/>\n\t<meta name=\"twitter:data1\" content=\"1 minuto\" \/>\n<script type=\"application\/ld+json\" class=\"yoast-schema-graph\">{\"@context\":\"https:\/\/schema.org\",\"@graph\":[{\"@type\":\"WebPage\",\"@id\":\"https:\/\/www.arrendleasing.com\/pa\/arrend-30\/\",\"url\":\"https:\/\/www.arrendleasing.com\/pa\/arrend-30\/\",\"name\":\"SOMOS ARREND - Arrend Panam\u00e1\",\"isPartOf\":{\"@id\":\"https:\/\/www.arrendleasing.com\/pa\/#website\"},\"primaryImageOfPage\":{\"@id\":\"https:\/\/www.arrendleasing.com\/pa\/arrend-30\/#primaryimage\"},\"image\":{\"@id\":\"https:\/\/www.arrendleasing.com\/pa\/arrend-30\/#primaryimage\"},\"thumbnailUrl\":\"https:\/\/www.arrendleasing.com\/pa\/files\/2024\/03\/logo-arrend-30.png\",\"datePublished\":\"2024-03-26T18:43:52+00:00\",\"dateModified\":\"2024-03-27T18:14:27+00:00\",\"breadcrumb\":{\"@id\":\"https:\/\/www.arrendleasing.com\/pa\/arrend-30\/#breadcrumb\"},\"inLanguage\":\"es\",\"potentialAction\":[{\"@type\":\"ReadAction\",\"target\":[\"https:\/\/www.arrendleasing.com\/pa\/arrend-30\/\"]}]},{\"@type\":\"ImageObject\",\"inLanguage\":\"es\",\"@id\":\"https:\/\/www.arrendleasing.com\/pa\/arrend-30\/#primaryimage\",\"url\":\"https:\/\/www.arrendleasing.com\/pa\/files\/2024\/03\/logo-arrend-30.png\",\"contentUrl\":\"https:\/\/www.arrendleasing.com\/pa\/files\/2024\/03\/logo-arrend-30.png\",\"width\":1131,\"height\":1071},{\"@type\":\"BreadcrumbList\",\"@id\":\"https:\/\/www.arrendleasing.com\/pa\/arrend-30\/#breadcrumb\",\"itemListElement\":[{\"@type\":\"ListItem\",\"position\":1,\"name\":\"Portada\",\"item\":\"https:\/\/www.arrendleasing.com\/pa\/\"},{\"@type\":\"ListItem\",\"position\":2,\"name\":\"SOMOS ARREND\"}]},{\"@type\":\"WebSite\",\"@id\":\"https:\/\/www.arrendleasing.com\/pa\/#website\",\"url\":\"https:\/\/www.arrendleasing.com\/pa\/\",\"name\":\"Arrend Panam\u00e1\",\"description\":\"ARREND una instituci\u00f3n financiera privada que ofrece servicios financieros innovadores, como Leasing y Factoraje, as\u00ed como pr\u00e9stamos convencionales\",\"potentialAction\":[{\"@type\":\"SearchAction\",\"target\":{\"@type\":\"EntryPoint\",\"urlTemplate\":\"https:\/\/www.arrendleasing.com\/pa\/?s={search_term_string}\"},\"query-input\":{\"@type\":\"PropertyValueSpecification\",\"valueRequired\":true,\"valueName\":\"search_term_string\"}}],\"inLanguage\":\"es\"}]}<\/script>\n<!-- \/ Yoast SEO plugin. -->","yoast_head_json":{"title":"SOMOS ARREND - Arrend Panam\u00e1","robots":{"index":"index","follow":"follow","max-snippet":"max-snippet:-1","max-image-preview":"max-image-preview:large","max-video-preview":"max-video-preview:-1"},"canonical":"https:\/\/www.arrendleasing.com\/pa\/arrend-30\/","og_locale":"es_ES","og_type":"article","og_title":"SOMOS ARREND - Arrend Panam\u00e1","og_description":"La compa\u00f1\u00eda l\u00edder en el mercado de leasing a nivel regional, con presencia en Guatemala, El Salvador, Honduras, Nicaragua, Costa Rica y Panam\u00e1. Tenemos cobertura a nivel mundial en m\u00e1s de 50 pa\u00edses con nuestro socio comercial ALD \/ WHEELS y seguimos creciendo e innovando para brindarle un servicio de excelencia a nuestros clientes. Durante [&hellip;]","og_url":"https:\/\/www.arrendleasing.com\/pa\/arrend-30\/","og_site_name":"Arrend Panam\u00e1","article_modified_time":"2024-03-27T18:14:27+00:00","og_image":[{"width":1131,"height":1071,"url":"https:\/\/www.arrendleasing.com\/pa\/files\/2024\/03\/logo-arrend-30.png","type":"image\/png"}],"twitter_card":"summary_large_image","twitter_misc":{"Est. reading time":"1 minuto"},"schema":{"@context":"https:\/\/schema.org","@graph":[{"@type":"WebPage","@id":"https:\/\/www.arrendleasing.com\/pa\/arrend-30\/","url":"https:\/\/www.arrendleasing.com\/pa\/arrend-30\/","name":"SOMOS ARREND - Arrend Panam\u00e1","isPartOf":{"@id":"https:\/\/www.arrendleasing.com\/pa\/#website"},"primaryImageOfPage":{"@id":"https:\/\/www.arrendleasing.com\/pa\/arrend-30\/#primaryimage"},"image":{"@id":"https:\/\/www.arrendleasing.com\/pa\/arrend-30\/#primaryimage"},"thumbnailUrl":"https:\/\/www.arrendleasing.com\/pa\/files\/2024\/03\/logo-arrend-30.png","datePublished":"2024-03-26T18:43:52+00:00","dateModified":"2024-03-27T18:14:27+00:00","breadcrumb":{"@id":"https:\/\/www.arrendleasing.com\/pa\/arrend-30\/#breadcrumb"},"inLanguage":"es","potentialAction":[{"@type":"ReadAction","target":["https:\/\/www.arrendleasing.com\/pa\/arrend-30\/"]}]},{"@type":"ImageObject","inLanguage":"es","@id":"https:\/\/www.arrendleasing.com\/pa\/arrend-30\/#primaryimage","url":"https:\/\/www.arrendleasing.com\/pa\/files\/2024\/03\/logo-arrend-30.png","contentUrl":"https:\/\/www.arrendleasing.com\/pa\/files\/2024\/03\/logo-arrend-30.png","width":1131,"height":1071},{"@type":"BreadcrumbList","@id":"https:\/\/www.arrendleasing.com\/pa\/arrend-30\/#breadcrumb","itemListElement":[{"@type":"ListItem","position":1,"name":"Portada","item":"https:\/\/www.arrendleasing.com\/pa\/"},{"@type":"ListItem","position":2,"name":"SOMOS ARREND"}]},{"@type":"WebSite","@id":"https:\/\/www.arrendleasing.com\/pa\/#website","url":"https:\/\/www.arrendleasing.com\/pa\/","name":"Arrend Panam\u00e1","description":"ARREND una instituci\u00f3n financiera privada que ofrece servicios financieros innovadores, como Leasing y Factoraje, as\u00ed como pr\u00e9stamos convencionales","potentialAction":[{"@type":"SearchAction","target":{"@type":"EntryPoint","urlTemplate":"https:\/\/www.arrendleasing.com\/pa\/?s={search_term_string}"},"query-input":{"@type":"PropertyValueSpecification","valueRequired":true,"valueName":"search_term_string"}}],"inLanguage":"es"}]}},"jetpack_sharing_enabled":true,"_links":{"self":[{"href":"https:\/\/www.arrendleasing.com\/pa\/wp-json\/wp\/v2\/pages\/18874","targetHints":{"allow":["GET"]}}],"collection":[{"href":"https:\/\/www.arrendleasing.com\/pa\/wp-json\/wp\/v2\/pages"}],"about":[{"href":"https:\/\/www.arrendleasing.com\/pa\/wp-json\/wp\/v2\/types\/page"}],"author":[{"embeddable":true,"href":"https:\/\/www.arrendleasing.com\/pa\/wp-json\/wp\/v2\/users\/1"}],"replies":[{"embeddable":true,"href":"https:\/\/www.arrendleasing.com\/pa\/wp-json\/wp\/v2\/comments?post=18874"}],"version-history":[{"count":1,"href":"https:\/\/www.arrendleasing.com\/pa\/wp-json\/wp\/v2\/pages\/18874\/revisions"}],"predecessor-version":[{"id":18876,"href":"https:\/\/www.arrendleasing.com\/pa\/wp-json\/wp\/v2\/pages\/18874\/revisions\/18876"}],"wp:featuredmedia":[{"embeddable":true,"href":"https:\/\/www.arrendleasing.com\/pa\/wp-json\/wp\/v2\/media\/18877"}],"wp:attachment":[{"href":"https:\/\/www.arrendleasing.com\/pa\/wp-json\/wp\/v2\/media?parent=18874"}],"curies":[{"name":"wp","href":"https:\/\/api.w.org\/{rel}","templated":true}]}}