{"id":1121,"date":"2017-03-08T17:47:34","date_gmt":"2017-03-08T17:47:34","guid":{"rendered":"https:\/\/www.arrendleasing.com\/sv\/?page_id=1121"},"modified":"2018-02-23T10:16:46","modified_gmt":"2018-02-23T16:16:46","slug":"financiero","status":"publish","type":"page","link":"https:\/\/www.arrendleasing.com\/sv\/servicios\/leasing\/financiero\/","title":{"rendered":"Financiero"},"content":{"rendered":"<h2>\u00bfQu\u00e9 es Leasing Financiero?<\/h2>\n<p>El Leasing Financiero es un contrato de arrendamiento con opci\u00f3n a compra del bien arrendado en el cual Arrend (la Arrendadora) adquiere los bienes a solicitud del cliente (el Arrendatario), y como propietario se los da en arrendamiento para que los utilice durante un tiempo determinado.\u00a0 El Arrendatario tiene la opci\u00f3n de comprar los bienes al final del plazo.<\/p>\n<p>El Leasing Financiero es un sistema moderno de financiamiento destinado a empresas y profesionales que deseen adquirir veh\u00edculos, maquinaria o equipo obteniendo mayores beneficios que con una fuente tradicional de cr\u00e9dito.<\/p>\n<p>&nbsp;<\/p>\n<p><strong>Requisitos:<\/strong><\/p>\n<ol>\n<li>Solicitud de cr\u00e9dito Completa y firmada<\/li>\n<li>Fotocopia legible de DUI y NIT del Deudor o RL en su caso<\/li>\n<li>Estados de Cuenta bancarios de los \u00faltimos tres meses<\/li>\n<li>Cotizacion del equipo adquirir<\/li>\n<li>Carta de Autorizacion para consultar Historial Crediticio<\/li>\n<li>Fotocopia de Recibo de Servicios<\/li>\n<li>Fotocopia legible y completa del testimonio de constitucion de la empresa<\/li>\n<li>Fotocopia legible y completa del nombramiento del Representante Legal<\/li>\n<li>Fotocopia legible y completa de la Matricula de Comercio Vigente<\/li>\n<li>Fotocopia de NIT e IVA de la Empresa<\/li>\n<li>Estados Financieros Auditados de los ultimos tres periodos completos con sus Anexos<\/li>\n<li>Estados financieros Recientes no m\u00e1s de tres meses de antig\u00fcedad con sus anexos<\/li>\n<li>Flujo de Caja Proyectado por la duracion del contrato.<\/li>\n<\/ol>\n","protected":false},"excerpt":{"rendered":"<p>\u00bfQu\u00e9 es Leasing Financiero? El Leasing Financiero es un contrato de arrendamiento con opci\u00f3n a compra del bien arrendado en el cual Arrend (la Arrendadora) adquiere los bienes a solicitud del cliente (el Arrendatario), y como propietario se los da en arrendamiento para que los utilice durante un tiempo determinado.\u00a0 El Arrendatario tiene la opci\u00f3n [&hellip;]<\/p>\n","protected":false},"author":1,"featured_media":0,"parent":1104,"menu_order":1,"comment_status":"closed","ping_status":"closed","template":"interior-leasing.php","meta":{"_acf_changed":false,"footnotes":""},"class_list":["post-1121","page","type-page","status-publish","hentry"],"acf":[],"yoast_head":"<!-- This site is optimized with the Yoast SEO plugin v24.1 - https:\/\/yoast.com\/wordpress\/plugins\/seo\/ -->\n<title>Financiero | Arrend Salvador<\/title>\n<meta name=\"description\" content=\"\u00bfQu\u00e9 es Leasing Financiero? El Leasing Financiero es un contrato de arrendamiento con opci\u00f3n a compra del bien arrendado en el cual Arrend (la\" \/>\n<meta name=\"robots\" content=\"index, follow, max-snippet:-1, max-image-preview:large, max-video-preview:-1\" \/>\n<link rel=\"canonical\" href=\"https:\/\/www.arrendleasing.com\/sv\/servicios\/leasing\/financiero\/\" \/>\n<meta property=\"og:locale\" content=\"es_ES\" \/>\n<meta property=\"og:type\" content=\"article\" \/>\n<meta property=\"og:title\" content=\"Financiero | Arrend Salvador\" \/>\n<meta property=\"og:description\" content=\"\u00bfQu\u00e9 es Leasing Financiero? El Leasing Financiero es un contrato de arrendamiento con opci\u00f3n a compra del bien arrendado en el cual Arrend (la\" \/>\n<meta property=\"og:url\" content=\"https:\/\/www.arrendleasing.com\/sv\/servicios\/leasing\/financiero\/\" \/>\n<meta property=\"og:site_name\" content=\"Arrend Salvador\" \/>\n<meta property=\"article:modified_time\" content=\"2018-02-23T16:16:46+00:00\" \/>\n<meta name=\"twitter:card\" content=\"summary_large_image\" \/>\n<meta name=\"twitter:label1\" content=\"Est. reading time\" \/>\n\t<meta name=\"twitter:data1\" content=\"1 minuto\" \/>\n<script type=\"application\/ld+json\" class=\"yoast-schema-graph\">{\"@context\":\"https:\/\/schema.org\",\"@graph\":[{\"@type\":\"WebPage\",\"@id\":\"https:\/\/www.arrendleasing.com\/sv\/servicios\/leasing\/financiero\/\",\"url\":\"https:\/\/www.arrendleasing.com\/sv\/servicios\/leasing\/financiero\/\",\"name\":\"Financiero | Arrend Salvador\",\"isPartOf\":{\"@id\":\"https:\/\/www.arrendleasing.com\/sv\/#website\"},\"datePublished\":\"2017-03-08T17:47:34+00:00\",\"dateModified\":\"2018-02-23T16:16:46+00:00\",\"description\":\"\u00bfQu\u00e9 es Leasing Financiero? El Leasing Financiero es un contrato de arrendamiento con opci\u00f3n a compra del bien arrendado en el cual Arrend (la\",\"breadcrumb\":{\"@id\":\"https:\/\/www.arrendleasing.com\/sv\/servicios\/leasing\/financiero\/#breadcrumb\"},\"inLanguage\":\"es\",\"potentialAction\":[{\"@type\":\"ReadAction\",\"target\":[\"https:\/\/www.arrendleasing.com\/sv\/servicios\/leasing\/financiero\/\"]}]},{\"@type\":\"BreadcrumbList\",\"@id\":\"https:\/\/www.arrendleasing.com\/sv\/servicios\/leasing\/financiero\/#breadcrumb\",\"itemListElement\":[{\"@type\":\"ListItem\",\"position\":1,\"name\":\"Portada\",\"item\":\"https:\/\/www.arrendleasing.com\/sv\/\"},{\"@type\":\"ListItem\",\"position\":2,\"name\":\"Servicios\",\"item\":\"https:\/\/www.arrendleasing.com\/sv\/servicios\/\"},{\"@type\":\"ListItem\",\"position\":3,\"name\":\"Leasing\",\"item\":\"https:\/\/www.arrendleasing.com\/sv\/servicios\/leasing\/\"},{\"@type\":\"ListItem\",\"position\":4,\"name\":\"Financiero\"}]},{\"@type\":\"WebSite\",\"@id\":\"https:\/\/www.arrendleasing.com\/sv\/#website\",\"url\":\"https:\/\/www.arrendleasing.com\/sv\/\",\"name\":\"Arrend Salvador\",\"description\":\"ARREND una instituci\u00f3n financiera privada que ofrece servicios financieros innovadores, como Leasing y Factoraje, as\u00ed como pr\u00e9stamos convencionales\",\"potentialAction\":[{\"@type\":\"SearchAction\",\"target\":{\"@type\":\"EntryPoint\",\"urlTemplate\":\"https:\/\/www.arrendleasing.com\/sv\/?s={search_term_string}\"},\"query-input\":{\"@type\":\"PropertyValueSpecification\",\"valueRequired\":true,\"valueName\":\"search_term_string\"}}],\"inLanguage\":\"es\"}]}<\/script>\n<!-- \/ Yoast SEO plugin. -->","yoast_head_json":{"title":"Financiero | Arrend Salvador","description":"\u00bfQu\u00e9 es Leasing Financiero? El Leasing Financiero es un contrato de arrendamiento con opci\u00f3n a compra del bien arrendado en el cual Arrend (la","robots":{"index":"index","follow":"follow","max-snippet":"max-snippet:-1","max-image-preview":"max-image-preview:large","max-video-preview":"max-video-preview:-1"},"canonical":"https:\/\/www.arrendleasing.com\/sv\/servicios\/leasing\/financiero\/","og_locale":"es_ES","og_type":"article","og_title":"Financiero | Arrend Salvador","og_description":"\u00bfQu\u00e9 es Leasing Financiero? El Leasing Financiero es un contrato de arrendamiento con opci\u00f3n a compra del bien arrendado en el cual Arrend (la","og_url":"https:\/\/www.arrendleasing.com\/sv\/servicios\/leasing\/financiero\/","og_site_name":"Arrend Salvador","article_modified_time":"2018-02-23T16:16:46+00:00","twitter_card":"summary_large_image","twitter_misc":{"Est. reading time":"1 minuto"},"schema":{"@context":"https:\/\/schema.org","@graph":[{"@type":"WebPage","@id":"https:\/\/www.arrendleasing.com\/sv\/servicios\/leasing\/financiero\/","url":"https:\/\/www.arrendleasing.com\/sv\/servicios\/leasing\/financiero\/","name":"Financiero | Arrend Salvador","isPartOf":{"@id":"https:\/\/www.arrendleasing.com\/sv\/#website"},"datePublished":"2017-03-08T17:47:34+00:00","dateModified":"2018-02-23T16:16:46+00:00","description":"\u00bfQu\u00e9 es Leasing Financiero? El Leasing Financiero es un contrato de arrendamiento con opci\u00f3n a compra del bien arrendado en el cual Arrend (la","breadcrumb":{"@id":"https:\/\/www.arrendleasing.com\/sv\/servicios\/leasing\/financiero\/#breadcrumb"},"inLanguage":"es","potentialAction":[{"@type":"ReadAction","target":["https:\/\/www.arrendleasing.com\/sv\/servicios\/leasing\/financiero\/"]}]},{"@type":"BreadcrumbList","@id":"https:\/\/www.arrendleasing.com\/sv\/servicios\/leasing\/financiero\/#breadcrumb","itemListElement":[{"@type":"ListItem","position":1,"name":"Portada","item":"https:\/\/www.arrendleasing.com\/sv\/"},{"@type":"ListItem","position":2,"name":"Servicios","item":"https:\/\/www.arrendleasing.com\/sv\/servicios\/"},{"@type":"ListItem","position":3,"name":"Leasing","item":"https:\/\/www.arrendleasing.com\/sv\/servicios\/leasing\/"},{"@type":"ListItem","position":4,"name":"Financiero"}]},{"@type":"WebSite","@id":"https:\/\/www.arrendleasing.com\/sv\/#website","url":"https:\/\/www.arrendleasing.com\/sv\/","name":"Arrend Salvador","description":"ARREND una instituci\u00f3n financiera privada que ofrece servicios financieros innovadores, como Leasing y Factoraje, as\u00ed como pr\u00e9stamos convencionales","potentialAction":[{"@type":"SearchAction","target":{"@type":"EntryPoint","urlTemplate":"https:\/\/www.arrendleasing.com\/sv\/?s={search_term_string}"},"query-input":{"@type":"PropertyValueSpecification","valueRequired":true,"valueName":"search_term_string"}}],"inLanguage":"es"}]}},"jetpack_sharing_enabled":true,"_links":{"self":[{"href":"https:\/\/www.arrendleasing.com\/sv\/wp-json\/wp\/v2\/pages\/1121","targetHints":{"allow":["GET"]}}],"collection":[{"href":"https:\/\/www.arrendleasing.com\/sv\/wp-json\/wp\/v2\/pages"}],"about":[{"href":"https:\/\/www.arrendleasing.com\/sv\/wp-json\/wp\/v2\/types\/page"}],"author":[{"embeddable":true,"href":"https:\/\/www.arrendleasing.com\/sv\/wp-json\/wp\/v2\/users\/1"}],"replies":[{"embeddable":true,"href":"https:\/\/www.arrendleasing.com\/sv\/wp-json\/wp\/v2\/comments?post=1121"}],"version-history":[{"count":3,"href":"https:\/\/www.arrendleasing.com\/sv\/wp-json\/wp\/v2\/pages\/1121\/revisions"}],"predecessor-version":[{"id":1282,"href":"https:\/\/www.arrendleasing.com\/sv\/wp-json\/wp\/v2\/pages\/1121\/revisions\/1282"}],"up":[{"embeddable":true,"href":"https:\/\/www.arrendleasing.com\/sv\/wp-json\/wp\/v2\/pages\/1104"}],"wp:attachment":[{"href":"https:\/\/www.arrendleasing.com\/sv\/wp-json\/wp\/v2\/media?parent=1121"}],"curies":[{"name":"wp","href":"https:\/\/api.w.org\/{rel}","templated":true}]}}