{"id":8124,"date":"2020-08-04T10:31:10","date_gmt":"2020-08-04T16:31:10","guid":{"rendered":"https:\/\/www.arrendleasing.com\/sv\/?page_id=8124"},"modified":"2020-08-05T12:25:26","modified_gmt":"2020-08-05T18:25:26","slug":"informate-covid","status":"publish","type":"page","link":"https:\/\/www.arrendleasing.com\/sv\/nosotros\/informate-covid\/","title":{"rendered":"Inf\u00f3rmate COVID-19"},"content":{"rendered":"\n<p>El COVID-19 ha cambiado la manera en la que desarrollamos nuestras actividades diarias, como: la convivencia con familia, amigos y compa\u00f1eros de trabajo, como nos transportamos, entre otros. Este ambiente, nos ha llevado a adoptar nuevas medidas de protecci\u00f3n y cuidado que nos permitan superar la crisis.<\/p>\n<p>Arrend como una empresa comprometida con sus clientes, socios y colaboradores y, siendo una empresa que practica y cree en la responsabilidad social. Creamos este espacio con la finalidad de compartir informaci\u00f3n \u00fatil que permitir\u00e1 a todos los lectores superar de una mejor manera esta adversidad.<\/p>\n","protected":false},"excerpt":{"rendered":"<p>El COVID-19 ha cambiado la manera en la que desarrollamos nuestras actividades diarias, como: la convivencia con familia, amigos y compa\u00f1eros de trabajo, como nos transportamos, entre otros. Este ambiente, nos ha llevado a adoptar nuevas medidas de protecci\u00f3n y cuidado que nos permitan superar la crisis. Arrend como una empresa comprometida con sus clientes, [&hellip;]<\/p>\n","protected":false},"author":1,"featured_media":0,"parent":1088,"menu_order":3,"comment_status":"closed","ping_status":"closed","template":"noticias-covid.php","meta":{"_acf_changed":false,"footnotes":""},"class_list":["post-8124","page","type-page","status-publish","hentry"],"acf":[],"yoast_head":"<!-- This site is optimized with the Yoast SEO plugin v24.1 - https:\/\/yoast.com\/wordpress\/plugins\/seo\/ -->\n<title>Inf\u00f3rmate COVID-19 | Arrend Salvador<\/title>\n<meta name=\"description\" content=\"El COVID-19 ha cambiado la manera en la que desarrollamos nuestras actividades diarias, como: la convivencia con familia, amigos y compa\u00f1eros de trabajo,\" \/>\n<meta name=\"robots\" content=\"index, follow, max-snippet:-1, max-image-preview:large, max-video-preview:-1\" \/>\n<link rel=\"canonical\" href=\"https:\/\/www.arrendleasing.com\/sv\/nosotros\/informate-covid\/\" \/>\n<meta property=\"og:locale\" content=\"es_ES\" \/>\n<meta property=\"og:type\" content=\"article\" \/>\n<meta property=\"og:title\" content=\"Inf\u00f3rmate COVID-19 | Arrend Salvador\" \/>\n<meta property=\"og:description\" content=\"El COVID-19 ha cambiado la manera en la que desarrollamos nuestras actividades diarias, como: la convivencia con familia, amigos y compa\u00f1eros de trabajo,\" \/>\n<meta property=\"og:url\" content=\"https:\/\/www.arrendleasing.com\/sv\/nosotros\/informate-covid\/\" \/>\n<meta property=\"og:site_name\" content=\"Arrend Salvador\" \/>\n<meta property=\"article:modified_time\" content=\"2020-08-05T18:25:26+00:00\" \/>\n<meta name=\"twitter:card\" content=\"summary_large_image\" \/>\n<script type=\"application\/ld+json\" class=\"yoast-schema-graph\">{\"@context\":\"https:\/\/schema.org\",\"@graph\":[{\"@type\":\"WebPage\",\"@id\":\"https:\/\/www.arrendleasing.com\/sv\/nosotros\/informate-covid\/\",\"url\":\"https:\/\/www.arrendleasing.com\/sv\/nosotros\/informate-covid\/\",\"name\":\"Inf\u00f3rmate COVID-19 | Arrend Salvador\",\"isPartOf\":{\"@id\":\"https:\/\/www.arrendleasing.com\/sv\/#website\"},\"datePublished\":\"2020-08-04T16:31:10+00:00\",\"dateModified\":\"2020-08-05T18:25:26+00:00\",\"description\":\"El COVID-19 ha cambiado la manera en la que desarrollamos nuestras actividades diarias, como: la convivencia con familia, amigos y compa\u00f1eros de trabajo,\",\"breadcrumb\":{\"@id\":\"https:\/\/www.arrendleasing.com\/sv\/nosotros\/informate-covid\/#breadcrumb\"},\"inLanguage\":\"es\",\"potentialAction\":[{\"@type\":\"ReadAction\",\"target\":[\"https:\/\/www.arrendleasing.com\/sv\/nosotros\/informate-covid\/\"]}]},{\"@type\":\"BreadcrumbList\",\"@id\":\"https:\/\/www.arrendleasing.com\/sv\/nosotros\/informate-covid\/#breadcrumb\",\"itemListElement\":[{\"@type\":\"ListItem\",\"position\":1,\"name\":\"Portada\",\"item\":\"https:\/\/www.arrendleasing.com\/sv\/\"},{\"@type\":\"ListItem\",\"position\":2,\"name\":\"Nosotros\",\"item\":\"https:\/\/www.arrendleasing.com\/sv\/nosotros\/\"},{\"@type\":\"ListItem\",\"position\":3,\"name\":\"Inf\u00f3rmate COVID-19\"}]},{\"@type\":\"WebSite\",\"@id\":\"https:\/\/www.arrendleasing.com\/sv\/#website\",\"url\":\"https:\/\/www.arrendleasing.com\/sv\/\",\"name\":\"Arrend Salvador\",\"description\":\"ARREND una instituci\u00f3n financiera privada que ofrece servicios financieros innovadores, como Leasing y Factoraje, as\u00ed como pr\u00e9stamos convencionales\",\"potentialAction\":[{\"@type\":\"SearchAction\",\"target\":{\"@type\":\"EntryPoint\",\"urlTemplate\":\"https:\/\/www.arrendleasing.com\/sv\/?s={search_term_string}\"},\"query-input\":{\"@type\":\"PropertyValueSpecification\",\"valueRequired\":true,\"valueName\":\"search_term_string\"}}],\"inLanguage\":\"es\"}]}<\/script>\n<!-- \/ Yoast SEO plugin. -->","yoast_head_json":{"title":"Inf\u00f3rmate COVID-19 | Arrend Salvador","description":"El COVID-19 ha cambiado la manera en la que desarrollamos nuestras actividades diarias, como: la convivencia con familia, amigos y compa\u00f1eros de trabajo,","robots":{"index":"index","follow":"follow","max-snippet":"max-snippet:-1","max-image-preview":"max-image-preview:large","max-video-preview":"max-video-preview:-1"},"canonical":"https:\/\/www.arrendleasing.com\/sv\/nosotros\/informate-covid\/","og_locale":"es_ES","og_type":"article","og_title":"Inf\u00f3rmate COVID-19 | Arrend Salvador","og_description":"El COVID-19 ha cambiado la manera en la que desarrollamos nuestras actividades diarias, como: la convivencia con familia, amigos y compa\u00f1eros de trabajo,","og_url":"https:\/\/www.arrendleasing.com\/sv\/nosotros\/informate-covid\/","og_site_name":"Arrend Salvador","article_modified_time":"2020-08-05T18:25:26+00:00","twitter_card":"summary_large_image","schema":{"@context":"https:\/\/schema.org","@graph":[{"@type":"WebPage","@id":"https:\/\/www.arrendleasing.com\/sv\/nosotros\/informate-covid\/","url":"https:\/\/www.arrendleasing.com\/sv\/nosotros\/informate-covid\/","name":"Inf\u00f3rmate COVID-19 | Arrend Salvador","isPartOf":{"@id":"https:\/\/www.arrendleasing.com\/sv\/#website"},"datePublished":"2020-08-04T16:31:10+00:00","dateModified":"2020-08-05T18:25:26+00:00","description":"El COVID-19 ha cambiado la manera en la que desarrollamos nuestras actividades diarias, como: la convivencia con familia, amigos y compa\u00f1eros de trabajo,","breadcrumb":{"@id":"https:\/\/www.arrendleasing.com\/sv\/nosotros\/informate-covid\/#breadcrumb"},"inLanguage":"es","potentialAction":[{"@type":"ReadAction","target":["https:\/\/www.arrendleasing.com\/sv\/nosotros\/informate-covid\/"]}]},{"@type":"BreadcrumbList","@id":"https:\/\/www.arrendleasing.com\/sv\/nosotros\/informate-covid\/#breadcrumb","itemListElement":[{"@type":"ListItem","position":1,"name":"Portada","item":"https:\/\/www.arrendleasing.com\/sv\/"},{"@type":"ListItem","position":2,"name":"Nosotros","item":"https:\/\/www.arrendleasing.com\/sv\/nosotros\/"},{"@type":"ListItem","position":3,"name":"Inf\u00f3rmate COVID-19"}]},{"@type":"WebSite","@id":"https:\/\/www.arrendleasing.com\/sv\/#website","url":"https:\/\/www.arrendleasing.com\/sv\/","name":"Arrend Salvador","description":"ARREND una instituci\u00f3n financiera privada que ofrece servicios financieros innovadores, como Leasing y Factoraje, as\u00ed como pr\u00e9stamos convencionales","potentialAction":[{"@type":"SearchAction","target":{"@type":"EntryPoint","urlTemplate":"https:\/\/www.arrendleasing.com\/sv\/?s={search_term_string}"},"query-input":{"@type":"PropertyValueSpecification","valueRequired":true,"valueName":"search_term_string"}}],"inLanguage":"es"}]}},"jetpack_sharing_enabled":true,"_links":{"self":[{"href":"https:\/\/www.arrendleasing.com\/sv\/wp-json\/wp\/v2\/pages\/8124","targetHints":{"allow":["GET"]}}],"collection":[{"href":"https:\/\/www.arrendleasing.com\/sv\/wp-json\/wp\/v2\/pages"}],"about":[{"href":"https:\/\/www.arrendleasing.com\/sv\/wp-json\/wp\/v2\/types\/page"}],"author":[{"embeddable":true,"href":"https:\/\/www.arrendleasing.com\/sv\/wp-json\/wp\/v2\/users\/1"}],"replies":[{"embeddable":true,"href":"https:\/\/www.arrendleasing.com\/sv\/wp-json\/wp\/v2\/comments?post=8124"}],"version-history":[{"count":3,"href":"https:\/\/www.arrendleasing.com\/sv\/wp-json\/wp\/v2\/pages\/8124\/revisions"}],"predecessor-version":[{"id":8133,"href":"https:\/\/www.arrendleasing.com\/sv\/wp-json\/wp\/v2\/pages\/8124\/revisions\/8133"}],"up":[{"embeddable":true,"href":"https:\/\/www.arrendleasing.com\/sv\/wp-json\/wp\/v2\/pages\/1088"}],"wp:attachment":[{"href":"https:\/\/www.arrendleasing.com\/sv\/wp-json\/wp\/v2\/media?parent=8124"}],"curies":[{"name":"wp","href":"https:\/\/api.w.org\/{rel}","templated":true}]}}